{"id":847,"date":"2022-05-04T10:25:57","date_gmt":"2022-05-04T13:25:57","guid":{"rendered":"https:\/\/hidroeletricacenter.com.br\/lojaonline\/?post_type=product&#038;p=847"},"modified":"2022-05-04T10:25:57","modified_gmt":"2022-05-04T13:25:57","slug":"politriz-7-180mm-1300w-wp1500k-b2-220v-black-decker","status":"publish","type":"product","link":"https:\/\/hidroeletricacenter.com.br\/lojaonline\/produto\/politriz-7-180mm-1300w-wp1500k-b2-220v-black-decker\/","title":{"rendered":"Politriz 7&#8221;-180mm 1300W (WP1500K-B2) 220v Black Decker"},"content":{"rendered":"<div id=\"\" class=\"sbd-stepContainer card\">\n<div id=\"heading1\" class=\"card-header\">\n<p class=\"sbd-stepTitle\"><strong>Recursos e Benef\u00edcios\u00a0<\/strong><\/p>\n<\/div>\n<div id=\"collapse1\" class=\"collapse in\" aria-labelledby=\"heading1\" data-parent=\"#accordion\">\n<div class=\"card-body\">\n<div class=\"sbd-featuresBenefits\">\n<ul>\n<li>Potente motor. Ideal para trabalhos em marcenaria, f\u00e1brica de m\u00f3veis e funilaria de auto e moto em opera\u00e7\u00f5es de polimento e lixamento.<\/li>\n<\/ul>\n<\/div>\n<\/div>\n<\/div>\n<\/div>\n<div id=\"\" class=\"sbd-stepContainer card\">\n<div id=\"heading2\" class=\"card-header\">\n<div id=\"heading2\" class=\"card-header\">\n<p class=\"sbd-stepTitle\"><strong>Especifica\u00e7\u00f5es do Produto\u00a0<\/strong><\/p>\n<\/div>\n<div id=\"collapse2\" class=\"collapse in\" aria-labelledby=\"heading2\" data-parent=\"#accordion\">\n<div class=\"card-body\">\n<div class=\"sbd-productSpecifications\">\n<ul>\n<li>Pot\u00eancia: 1.300W<\/li>\n<li>Rota\u00e7\u00f5es por Minuto: 1.000 A 3.000 RPM<\/li>\n<li>Seletor de Controle de Velocidade<\/li>\n<li>Gatilho de Dois dedos<\/li>\n<li>Empunhadura Frontal Emborrachada<\/li>\n<li>Caixa de Engrenagem Met\u00e1lica<\/li>\n<li>Empunhadura Lateral de 3 Posi\u00e7\u00f5es<\/li>\n<li>Trava no Eixo para Troca de Acess\u00f3rio<\/li>\n<\/ul>\n<\/div>\n<\/div>\n<\/div>\n<\/div>\n<\/div>\n","protected":false},"excerpt":{"rendered":"<p>Recursos e Benef\u00edcios\u00a0 Potente motor. Ideal para trabalhos em marcenaria, f\u00e1brica de m\u00f3veis e funilaria de auto e moto em opera\u00e7\u00f5es de polimento e lixamento. Especifica\u00e7\u00f5es do Produto\u00a0 Pot\u00eancia: 1.300W Rota\u00e7\u00f5es por Minuto: 1.000 A 3.000 RPM Seletor de Controle de Velocidade Gatilho de Dois dedos Empunhadura Frontal Emborrachada Caixa de Engrenagem Met\u00e1lica Empunhadura Lateral [&hellip;]<\/p>\n","protected":false},"featured_media":848,"template":"","meta":[],"product_cat":[],"product_tag":[],"class_list":["post-847","product","type-product","status-publish","has-post-thumbnail","hentry"],"yoast_head":"<!-- This site is optimized with the Yoast SEO plugin v21.0 - https:\/\/yoast.com\/wordpress\/plugins\/seo\/ -->\n<title>Politriz 7&#039;&#039;-180mm 1300W (WP1500K-B2) 220v Black Decker - Hidroel\u00e9trica Center - Produtos el\u00e9tricos, EPIS, EPCS, ferramentas, m\u00e1quinas, dentre outros<\/title>\n<meta name=\"robots\" content=\"index, follow, max-snippet:-1, max-image-preview:large, max-video-preview:-1\" \/>\n<link rel=\"canonical\" href=\"https:\/\/hidroeletricacenter.com.br\/lojaonline\/produto\/politriz-7-180mm-1300w-wp1500k-b2-220v-black-decker\/\" \/>\n<meta property=\"og:locale\" content=\"pt_BR\" \/>\n<meta property=\"og:type\" content=\"article\" \/>\n<meta property=\"og:title\" content=\"Politriz 7&#039;&#039;-180mm 1300W (WP1500K-B2) 220v Black Decker - Hidroel\u00e9trica Center - Produtos el\u00e9tricos, EPIS, EPCS, ferramentas, m\u00e1quinas, dentre outros\" \/>\n<meta property=\"og:description\" content=\"Recursos e Benef\u00edcios\u00a0 Potente motor. Ideal para trabalhos em marcenaria, f\u00e1brica de m\u00f3veis e funilaria de auto e moto em opera\u00e7\u00f5es de polimento e lixamento. Especifica\u00e7\u00f5es do Produto\u00a0 Pot\u00eancia: 1.300W Rota\u00e7\u00f5es por Minuto: 1.000 A 3.000 RPM Seletor de Controle de Velocidade Gatilho de Dois dedos Empunhadura Frontal Emborrachada Caixa de Engrenagem Met\u00e1lica Empunhadura Lateral [&hellip;]\" \/>\n<meta property=\"og:url\" content=\"https:\/\/hidroeletricacenter.com.br\/lojaonline\/produto\/politriz-7-180mm-1300w-wp1500k-b2-220v-black-decker\/\" \/>\n<meta property=\"og:site_name\" content=\"Hidroel\u00e9trica Center - Produtos el\u00e9tricos, EPIS, EPCS, ferramentas, m\u00e1quinas, dentre outros\" \/>\n<meta property=\"article:publisher\" content=\"https:\/\/www.facebook.com\/hidroeletricacenter\" \/>\n<meta property=\"og:image\" content=\"https:\/\/hidroeletricacenter.com.br\/lojaonline\/wp-content\/uploads\/2021\/09\/Wp1500K-b2-02.png\" \/>\n\t<meta property=\"og:image:width\" content=\"530\" \/>\n\t<meta property=\"og:image:height\" content=\"372\" \/>\n\t<meta property=\"og:image:type\" content=\"image\/png\" \/>\n<meta name=\"twitter:card\" content=\"summary_large_image\" \/>\n<script type=\"application\/ld+json\" class=\"yoast-schema-graph\">{\"@context\":\"https:\/\/schema.org\",\"@graph\":[{\"@type\":\"WebPage\",\"@id\":\"https:\/\/hidroeletricacenter.com.br\/lojaonline\/produto\/politriz-7-180mm-1300w-wp1500k-b2-220v-black-decker\/\",\"url\":\"https:\/\/hidroeletricacenter.com.br\/lojaonline\/produto\/politriz-7-180mm-1300w-wp1500k-b2-220v-black-decker\/\",\"name\":\"Politriz 7''-180mm 1300W (WP1500K-B2) 220v Black Decker - Hidroel\u00e9trica Center - Produtos el\u00e9tricos, EPIS, EPCS, ferramentas, m\u00e1quinas, dentre outros\",\"isPartOf\":{\"@id\":\"https:\/\/hidroeletricacenter.com.br\/lojaonline\/#website\"},\"datePublished\":\"2022-05-04T13:25:57+00:00\",\"dateModified\":\"2022-05-04T13:25:57+00:00\",\"breadcrumb\":{\"@id\":\"https:\/\/hidroeletricacenter.com.br\/lojaonline\/produto\/politriz-7-180mm-1300w-wp1500k-b2-220v-black-decker\/#breadcrumb\"},\"inLanguage\":\"pt-BR\",\"potentialAction\":[{\"@type\":\"ReadAction\",\"target\":[\"https:\/\/hidroeletricacenter.com.br\/lojaonline\/produto\/politriz-7-180mm-1300w-wp1500k-b2-220v-black-decker\/\"]}]},{\"@type\":\"BreadcrumbList\",\"@id\":\"https:\/\/hidroeletricacenter.com.br\/lojaonline\/produto\/politriz-7-180mm-1300w-wp1500k-b2-220v-black-decker\/#breadcrumb\",\"itemListElement\":[{\"@type\":\"ListItem\",\"position\":1,\"name\":\"In\u00edcio\",\"item\":\"https:\/\/hidroeletricacenter.com.br\/lojaonline\/\"},{\"@type\":\"ListItem\",\"position\":2,\"name\":\"Produtos\",\"item\":\"https:\/\/hidroeletricacenter.com.br\/lojaonline\/shop\/\"},{\"@type\":\"ListItem\",\"position\":3,\"name\":\"Politriz 7&#8221;-180mm 1300W (WP1500K-B2) 220v Black Decker\"}]},{\"@type\":\"WebSite\",\"@id\":\"https:\/\/hidroeletricacenter.com.br\/lojaonline\/#website\",\"url\":\"https:\/\/hidroeletricacenter.com.br\/lojaonline\/\",\"name\":\"Hidroel\u00e9trica Center - Produtos el\u00e9tricos, EPIS, EPCS, ferramentas, m\u00e1quinas, dentre outros\",\"description\":\"\",\"publisher\":{\"@id\":\"https:\/\/hidroeletricacenter.com.br\/lojaonline\/#organization\"},\"potentialAction\":[{\"@type\":\"SearchAction\",\"target\":{\"@type\":\"EntryPoint\",\"urlTemplate\":\"https:\/\/hidroeletricacenter.com.br\/lojaonline\/?s={search_term_string}\"},\"query-input\":\"required name=search_term_string\"}],\"inLanguage\":\"pt-BR\"},{\"@type\":\"Organization\",\"@id\":\"https:\/\/hidroeletricacenter.com.br\/lojaonline\/#organization\",\"name\":\"Hidroel\u00e9trica Center - Produtos el\u00e9tricos, EPIS, EPCS, ferramentas, m\u00e1quinas, dentre outros\",\"url\":\"https:\/\/hidroeletricacenter.com.br\/lojaonline\/\",\"logo\":{\"@type\":\"ImageObject\",\"inLanguage\":\"pt-BR\",\"@id\":\"https:\/\/hidroeletricacenter.com.br\/lojaonline\/#\/schema\/logo\/image\/\",\"url\":\"https:\/\/hidroeletricacenter.com.br\/lojaonline\/wp-content\/uploads\/2022\/01\/cropped-ico-hc.png\",\"contentUrl\":\"https:\/\/hidroeletricacenter.com.br\/lojaonline\/wp-content\/uploads\/2022\/01\/cropped-ico-hc.png\",\"width\":512,\"height\":512,\"caption\":\"Hidroel\u00e9trica Center - Produtos el\u00e9tricos, EPIS, EPCS, ferramentas, m\u00e1quinas, dentre outros\"},\"image\":{\"@id\":\"https:\/\/hidroeletricacenter.com.br\/lojaonline\/#\/schema\/logo\/image\/\"},\"sameAs\":[\"https:\/\/www.facebook.com\/hidroeletricacenter\",\"https:\/\/www.instagram.com\/hidroeletricacenter\"]}]}<\/script>\n<!-- \/ Yoast SEO plugin. -->","yoast_head_json":{"title":"Politriz 7''-180mm 1300W (WP1500K-B2) 220v Black Decker - Hidroel\u00e9trica Center - Produtos el\u00e9tricos, EPIS, EPCS, ferramentas, m\u00e1quinas, dentre outros","robots":{"index":"index","follow":"follow","max-snippet":"max-snippet:-1","max-image-preview":"max-image-preview:large","max-video-preview":"max-video-preview:-1"},"canonical":"https:\/\/hidroeletricacenter.com.br\/lojaonline\/produto\/politriz-7-180mm-1300w-wp1500k-b2-220v-black-decker\/","og_locale":"pt_BR","og_type":"article","og_title":"Politriz 7''-180mm 1300W (WP1500K-B2) 220v Black Decker - Hidroel\u00e9trica Center - Produtos el\u00e9tricos, EPIS, EPCS, ferramentas, m\u00e1quinas, dentre outros","og_description":"Recursos e Benef\u00edcios\u00a0 Potente motor. Ideal para trabalhos em marcenaria, f\u00e1brica de m\u00f3veis e funilaria de auto e moto em opera\u00e7\u00f5es de polimento e lixamento. Especifica\u00e7\u00f5es do Produto\u00a0 Pot\u00eancia: 1.300W Rota\u00e7\u00f5es por Minuto: 1.000 A 3.000 RPM Seletor de Controle de Velocidade Gatilho de Dois dedos Empunhadura Frontal Emborrachada Caixa de Engrenagem Met\u00e1lica Empunhadura Lateral [&hellip;]","og_url":"https:\/\/hidroeletricacenter.com.br\/lojaonline\/produto\/politriz-7-180mm-1300w-wp1500k-b2-220v-black-decker\/","og_site_name":"Hidroel\u00e9trica Center - Produtos el\u00e9tricos, EPIS, EPCS, ferramentas, m\u00e1quinas, dentre outros","article_publisher":"https:\/\/www.facebook.com\/hidroeletricacenter","og_image":[{"width":530,"height":372,"url":"https:\/\/hidroeletricacenter.com.br\/lojaonline\/wp-content\/uploads\/2021\/09\/Wp1500K-b2-02.png","type":"image\/png"}],"twitter_card":"summary_large_image","schema":{"@context":"https:\/\/schema.org","@graph":[{"@type":"WebPage","@id":"https:\/\/hidroeletricacenter.com.br\/lojaonline\/produto\/politriz-7-180mm-1300w-wp1500k-b2-220v-black-decker\/","url":"https:\/\/hidroeletricacenter.com.br\/lojaonline\/produto\/politriz-7-180mm-1300w-wp1500k-b2-220v-black-decker\/","name":"Politriz 7''-180mm 1300W (WP1500K-B2) 220v Black Decker - Hidroel\u00e9trica Center - Produtos el\u00e9tricos, EPIS, EPCS, ferramentas, m\u00e1quinas, dentre outros","isPartOf":{"@id":"https:\/\/hidroeletricacenter.com.br\/lojaonline\/#website"},"datePublished":"2022-05-04T13:25:57+00:00","dateModified":"2022-05-04T13:25:57+00:00","breadcrumb":{"@id":"https:\/\/hidroeletricacenter.com.br\/lojaonline\/produto\/politriz-7-180mm-1300w-wp1500k-b2-220v-black-decker\/#breadcrumb"},"inLanguage":"pt-BR","potentialAction":[{"@type":"ReadAction","target":["https:\/\/hidroeletricacenter.com.br\/lojaonline\/produto\/politriz-7-180mm-1300w-wp1500k-b2-220v-black-decker\/"]}]},{"@type":"BreadcrumbList","@id":"https:\/\/hidroeletricacenter.com.br\/lojaonline\/produto\/politriz-7-180mm-1300w-wp1500k-b2-220v-black-decker\/#breadcrumb","itemListElement":[{"@type":"ListItem","position":1,"name":"In\u00edcio","item":"https:\/\/hidroeletricacenter.com.br\/lojaonline\/"},{"@type":"ListItem","position":2,"name":"Produtos","item":"https:\/\/hidroeletricacenter.com.br\/lojaonline\/shop\/"},{"@type":"ListItem","position":3,"name":"Politriz 7&#8221;-180mm 1300W (WP1500K-B2) 220v Black Decker"}]},{"@type":"WebSite","@id":"https:\/\/hidroeletricacenter.com.br\/lojaonline\/#website","url":"https:\/\/hidroeletricacenter.com.br\/lojaonline\/","name":"Hidroel\u00e9trica Center - Produtos el\u00e9tricos, EPIS, EPCS, ferramentas, m\u00e1quinas, dentre outros","description":"","publisher":{"@id":"https:\/\/hidroeletricacenter.com.br\/lojaonline\/#organization"},"potentialAction":[{"@type":"SearchAction","target":{"@type":"EntryPoint","urlTemplate":"https:\/\/hidroeletricacenter.com.br\/lojaonline\/?s={search_term_string}"},"query-input":"required name=search_term_string"}],"inLanguage":"pt-BR"},{"@type":"Organization","@id":"https:\/\/hidroeletricacenter.com.br\/lojaonline\/#organization","name":"Hidroel\u00e9trica Center - Produtos el\u00e9tricos, EPIS, EPCS, ferramentas, m\u00e1quinas, dentre outros","url":"https:\/\/hidroeletricacenter.com.br\/lojaonline\/","logo":{"@type":"ImageObject","inLanguage":"pt-BR","@id":"https:\/\/hidroeletricacenter.com.br\/lojaonline\/#\/schema\/logo\/image\/","url":"https:\/\/hidroeletricacenter.com.br\/lojaonline\/wp-content\/uploads\/2022\/01\/cropped-ico-hc.png","contentUrl":"https:\/\/hidroeletricacenter.com.br\/lojaonline\/wp-content\/uploads\/2022\/01\/cropped-ico-hc.png","width":512,"height":512,"caption":"Hidroel\u00e9trica Center - Produtos el\u00e9tricos, EPIS, EPCS, ferramentas, m\u00e1quinas, dentre outros"},"image":{"@id":"https:\/\/hidroeletricacenter.com.br\/lojaonline\/#\/schema\/logo\/image\/"},"sameAs":["https:\/\/www.facebook.com\/hidroeletricacenter","https:\/\/www.instagram.com\/hidroeletricacenter"]}]}},"_links":{"self":[{"href":"https:\/\/hidroeletricacenter.com.br\/lojaonline\/wp-json\/wp\/v2\/product\/847","targetHints":{"allow":["GET"]}}],"collection":[{"href":"https:\/\/hidroeletricacenter.com.br\/lojaonline\/wp-json\/wp\/v2\/product"}],"about":[{"href":"https:\/\/hidroeletricacenter.com.br\/lojaonline\/wp-json\/wp\/v2\/types\/product"}],"version-history":[{"count":1,"href":"https:\/\/hidroeletricacenter.com.br\/lojaonline\/wp-json\/wp\/v2\/product\/847\/revisions"}],"predecessor-version":[{"id":2460,"href":"https:\/\/hidroeletricacenter.com.br\/lojaonline\/wp-json\/wp\/v2\/product\/847\/revisions\/2460"}],"wp:featuredmedia":[{"embeddable":true,"href":"https:\/\/hidroeletricacenter.com.br\/lojaonline\/wp-json\/wp\/v2\/media\/848"}],"wp:attachment":[{"href":"https:\/\/hidroeletricacenter.com.br\/lojaonline\/wp-json\/wp\/v2\/media?parent=847"}],"wp:term":[{"taxonomy":"product_cat","embeddable":true,"href":"https:\/\/hidroeletricacenter.com.br\/lojaonline\/wp-json\/wp\/v2\/product_cat?post=847"},{"taxonomy":"product_tag","embeddable":true,"href":"https:\/\/hidroeletricacenter.com.br\/lojaonline\/wp-json\/wp\/v2\/product_tag?post=847"}],"curies":[{"name":"wp","href":"https:\/\/api.w.org\/{rel}","templated":true}]}}