{"id":837,"date":"2022-05-03T15:04:52","date_gmt":"2022-05-03T18:04:52","guid":{"rendered":"https:\/\/hidroeletricacenter.com.br\/lojaonline\/?post_type=product&#038;p=837"},"modified":"2022-05-03T15:04:52","modified_gmt":"2022-05-03T18:04:52","slug":"nivel-de-aluminio-14-gp-com-ima-42-887-stanley","status":"publish","type":"product","link":"https:\/\/hidroeletricacenter.com.br\/lojaonline\/produto\/nivel-de-aluminio-14-gp-com-ima-42-887-stanley\/","title":{"rendered":"N\u00edvel de Alum\u00ednio 14&#8221; GP com im\u00e3 (42-887) Stanley"},"content":{"rendered":"<div id=\"heading2\" class=\"card-header\">\n<p><strong>Especifica\u00e7\u00f5es do produto:<\/strong><\/p>\n<ul>\n<li>Indicado para nivelar objetos em duas posi\u00e7\u00f5es, vertical e horizontal, com a possibilidade de fixar o n\u00edvel em objetos met\u00e1licos, gra\u00e7as a sua base magn\u00e9tica<\/li>\n<li>Comprimento: 14&#8243; (360Mm)<\/li>\n<li>Estilo: Trapezoidal<\/li>\n<li>N\u00famero de Frascos: 2<\/li>\n<li>Material:\u00a0 Aluminum<\/li>\n<li>Furos de M\u00e3o: sim<\/li>\n<li>Cor:\u00a0 Amarelo<\/li>\n<\/ul>\n<\/div>\n<div id=\"collapse2\" class=\"collapse in\" aria-labelledby=\"heading2\" data-parent=\"#accordion\">\n<div class=\"card-body\">\n<div class=\"sbd-productSpecifications\"><\/div>\n<\/div>\n<\/div>\n","protected":false},"excerpt":{"rendered":"<p>Especifica\u00e7\u00f5es do produto: Indicado para nivelar objetos em duas posi\u00e7\u00f5es, vertical e horizontal, com a possibilidade de fixar o n\u00edvel em objetos met\u00e1licos, gra\u00e7as a sua base magn\u00e9tica Comprimento: 14&#8243; (360Mm) Estilo: Trapezoidal N\u00famero de Frascos: 2 Material:\u00a0 Aluminum Furos de M\u00e3o: sim Cor:\u00a0 Amarelo<\/p>\n","protected":false},"featured_media":838,"template":"","meta":[],"product_cat":[],"product_tag":[],"class_list":["post-837","product","type-product","status-publish","has-post-thumbnail","hentry"],"yoast_head":"<!-- This site is optimized with the Yoast SEO plugin v21.0 - https:\/\/yoast.com\/wordpress\/plugins\/seo\/ -->\n<title>N\u00edvel de Alum\u00ednio 14&#039;&#039; GP com im\u00e3 (42-887) Stanley - Hidroel\u00e9trica Center - Produtos el\u00e9tricos, EPIS, EPCS, ferramentas, m\u00e1quinas, dentre outros<\/title>\n<meta name=\"robots\" content=\"index, follow, max-snippet:-1, max-image-preview:large, max-video-preview:-1\" \/>\n<link rel=\"canonical\" href=\"https:\/\/hidroeletricacenter.com.br\/lojaonline\/produto\/nivel-de-aluminio-14-gp-com-ima-42-887-stanley\/\" \/>\n<meta property=\"og:locale\" content=\"pt_BR\" \/>\n<meta property=\"og:type\" content=\"article\" \/>\n<meta property=\"og:title\" content=\"N\u00edvel de Alum\u00ednio 14&#039;&#039; GP com im\u00e3 (42-887) Stanley - Hidroel\u00e9trica Center - Produtos el\u00e9tricos, EPIS, EPCS, ferramentas, m\u00e1quinas, dentre outros\" \/>\n<meta property=\"og:description\" content=\"Especifica\u00e7\u00f5es do produto: Indicado para nivelar objetos em duas posi\u00e7\u00f5es, vertical e horizontal, com a possibilidade de fixar o n\u00edvel em objetos met\u00e1licos, gra\u00e7as a sua base magn\u00e9tica Comprimento: 14&#8243; (360Mm) Estilo: Trapezoidal N\u00famero de Frascos: 2 Material:\u00a0 Aluminum Furos de M\u00e3o: sim Cor:\u00a0 Amarelo\" \/>\n<meta property=\"og:url\" content=\"https:\/\/hidroeletricacenter.com.br\/lojaonline\/produto\/nivel-de-aluminio-14-gp-com-ima-42-887-stanley\/\" \/>\n<meta property=\"og:site_name\" content=\"Hidroel\u00e9trica Center - Produtos el\u00e9tricos, EPIS, EPCS, ferramentas, m\u00e1quinas, dentre outros\" \/>\n<meta property=\"article:publisher\" content=\"https:\/\/www.facebook.com\/hidroeletricacenter\" \/>\n<meta property=\"og:image\" content=\"https:\/\/hidroeletricacenter.com.br\/lojaonline\/wp-content\/uploads\/2021\/09\/42-887-01.png\" \/>\n\t<meta property=\"og:image:width\" content=\"408\" \/>\n\t<meta property=\"og:image:height\" content=\"207\" \/>\n\t<meta property=\"og:image:type\" content=\"image\/png\" \/>\n<meta name=\"twitter:card\" content=\"summary_large_image\" \/>\n<script type=\"application\/ld+json\" class=\"yoast-schema-graph\">{\"@context\":\"https:\/\/schema.org\",\"@graph\":[{\"@type\":\"WebPage\",\"@id\":\"https:\/\/hidroeletricacenter.com.br\/lojaonline\/produto\/nivel-de-aluminio-14-gp-com-ima-42-887-stanley\/\",\"url\":\"https:\/\/hidroeletricacenter.com.br\/lojaonline\/produto\/nivel-de-aluminio-14-gp-com-ima-42-887-stanley\/\",\"name\":\"N\u00edvel de Alum\u00ednio 14'' GP com im\u00e3 (42-887) Stanley - Hidroel\u00e9trica Center - Produtos el\u00e9tricos, EPIS, EPCS, ferramentas, m\u00e1quinas, dentre outros\",\"isPartOf\":{\"@id\":\"https:\/\/hidroeletricacenter.com.br\/lojaonline\/#website\"},\"datePublished\":\"2022-05-03T18:04:52+00:00\",\"dateModified\":\"2022-05-03T18:04:52+00:00\",\"breadcrumb\":{\"@id\":\"https:\/\/hidroeletricacenter.com.br\/lojaonline\/produto\/nivel-de-aluminio-14-gp-com-ima-42-887-stanley\/#breadcrumb\"},\"inLanguage\":\"pt-BR\",\"potentialAction\":[{\"@type\":\"ReadAction\",\"target\":[\"https:\/\/hidroeletricacenter.com.br\/lojaonline\/produto\/nivel-de-aluminio-14-gp-com-ima-42-887-stanley\/\"]}]},{\"@type\":\"BreadcrumbList\",\"@id\":\"https:\/\/hidroeletricacenter.com.br\/lojaonline\/produto\/nivel-de-aluminio-14-gp-com-ima-42-887-stanley\/#breadcrumb\",\"itemListElement\":[{\"@type\":\"ListItem\",\"position\":1,\"name\":\"In\u00edcio\",\"item\":\"https:\/\/hidroeletricacenter.com.br\/lojaonline\/\"},{\"@type\":\"ListItem\",\"position\":2,\"name\":\"Produtos\",\"item\":\"https:\/\/hidroeletricacenter.com.br\/lojaonline\/shop\/\"},{\"@type\":\"ListItem\",\"position\":3,\"name\":\"N\u00edvel de Alum\u00ednio 14&#8221; GP com im\u00e3 (42-887) Stanley\"}]},{\"@type\":\"WebSite\",\"@id\":\"https:\/\/hidroeletricacenter.com.br\/lojaonline\/#website\",\"url\":\"https:\/\/hidroeletricacenter.com.br\/lojaonline\/\",\"name\":\"Hidroel\u00e9trica Center - Produtos el\u00e9tricos, EPIS, EPCS, ferramentas, m\u00e1quinas, dentre outros\",\"description\":\"\",\"publisher\":{\"@id\":\"https:\/\/hidroeletricacenter.com.br\/lojaonline\/#organization\"},\"potentialAction\":[{\"@type\":\"SearchAction\",\"target\":{\"@type\":\"EntryPoint\",\"urlTemplate\":\"https:\/\/hidroeletricacenter.com.br\/lojaonline\/?s={search_term_string}\"},\"query-input\":\"required name=search_term_string\"}],\"inLanguage\":\"pt-BR\"},{\"@type\":\"Organization\",\"@id\":\"https:\/\/hidroeletricacenter.com.br\/lojaonline\/#organization\",\"name\":\"Hidroel\u00e9trica Center - Produtos el\u00e9tricos, EPIS, EPCS, ferramentas, m\u00e1quinas, dentre outros\",\"url\":\"https:\/\/hidroeletricacenter.com.br\/lojaonline\/\",\"logo\":{\"@type\":\"ImageObject\",\"inLanguage\":\"pt-BR\",\"@id\":\"https:\/\/hidroeletricacenter.com.br\/lojaonline\/#\/schema\/logo\/image\/\",\"url\":\"https:\/\/hidroeletricacenter.com.br\/lojaonline\/wp-content\/uploads\/2022\/01\/cropped-ico-hc.png\",\"contentUrl\":\"https:\/\/hidroeletricacenter.com.br\/lojaonline\/wp-content\/uploads\/2022\/01\/cropped-ico-hc.png\",\"width\":512,\"height\":512,\"caption\":\"Hidroel\u00e9trica Center - Produtos el\u00e9tricos, EPIS, EPCS, ferramentas, m\u00e1quinas, dentre outros\"},\"image\":{\"@id\":\"https:\/\/hidroeletricacenter.com.br\/lojaonline\/#\/schema\/logo\/image\/\"},\"sameAs\":[\"https:\/\/www.facebook.com\/hidroeletricacenter\",\"https:\/\/www.instagram.com\/hidroeletricacenter\"]}]}<\/script>\n<!-- \/ Yoast SEO plugin. -->","yoast_head_json":{"title":"N\u00edvel de Alum\u00ednio 14'' GP com im\u00e3 (42-887) Stanley - Hidroel\u00e9trica Center - Produtos el\u00e9tricos, EPIS, EPCS, ferramentas, m\u00e1quinas, dentre outros","robots":{"index":"index","follow":"follow","max-snippet":"max-snippet:-1","max-image-preview":"max-image-preview:large","max-video-preview":"max-video-preview:-1"},"canonical":"https:\/\/hidroeletricacenter.com.br\/lojaonline\/produto\/nivel-de-aluminio-14-gp-com-ima-42-887-stanley\/","og_locale":"pt_BR","og_type":"article","og_title":"N\u00edvel de Alum\u00ednio 14'' GP com im\u00e3 (42-887) Stanley - Hidroel\u00e9trica Center - Produtos el\u00e9tricos, EPIS, EPCS, ferramentas, m\u00e1quinas, dentre outros","og_description":"Especifica\u00e7\u00f5es do produto: Indicado para nivelar objetos em duas posi\u00e7\u00f5es, vertical e horizontal, com a possibilidade de fixar o n\u00edvel em objetos met\u00e1licos, gra\u00e7as a sua base magn\u00e9tica Comprimento: 14&#8243; (360Mm) Estilo: Trapezoidal N\u00famero de Frascos: 2 Material:\u00a0 Aluminum Furos de M\u00e3o: sim Cor:\u00a0 Amarelo","og_url":"https:\/\/hidroeletricacenter.com.br\/lojaonline\/produto\/nivel-de-aluminio-14-gp-com-ima-42-887-stanley\/","og_site_name":"Hidroel\u00e9trica Center - Produtos el\u00e9tricos, EPIS, EPCS, ferramentas, m\u00e1quinas, dentre outros","article_publisher":"https:\/\/www.facebook.com\/hidroeletricacenter","og_image":[{"width":408,"height":207,"url":"https:\/\/hidroeletricacenter.com.br\/lojaonline\/wp-content\/uploads\/2021\/09\/42-887-01.png","type":"image\/png"}],"twitter_card":"summary_large_image","schema":{"@context":"https:\/\/schema.org","@graph":[{"@type":"WebPage","@id":"https:\/\/hidroeletricacenter.com.br\/lojaonline\/produto\/nivel-de-aluminio-14-gp-com-ima-42-887-stanley\/","url":"https:\/\/hidroeletricacenter.com.br\/lojaonline\/produto\/nivel-de-aluminio-14-gp-com-ima-42-887-stanley\/","name":"N\u00edvel de Alum\u00ednio 14'' GP com im\u00e3 (42-887) Stanley - Hidroel\u00e9trica Center - Produtos el\u00e9tricos, EPIS, EPCS, ferramentas, m\u00e1quinas, dentre outros","isPartOf":{"@id":"https:\/\/hidroeletricacenter.com.br\/lojaonline\/#website"},"datePublished":"2022-05-03T18:04:52+00:00","dateModified":"2022-05-03T18:04:52+00:00","breadcrumb":{"@id":"https:\/\/hidroeletricacenter.com.br\/lojaonline\/produto\/nivel-de-aluminio-14-gp-com-ima-42-887-stanley\/#breadcrumb"},"inLanguage":"pt-BR","potentialAction":[{"@type":"ReadAction","target":["https:\/\/hidroeletricacenter.com.br\/lojaonline\/produto\/nivel-de-aluminio-14-gp-com-ima-42-887-stanley\/"]}]},{"@type":"BreadcrumbList","@id":"https:\/\/hidroeletricacenter.com.br\/lojaonline\/produto\/nivel-de-aluminio-14-gp-com-ima-42-887-stanley\/#breadcrumb","itemListElement":[{"@type":"ListItem","position":1,"name":"In\u00edcio","item":"https:\/\/hidroeletricacenter.com.br\/lojaonline\/"},{"@type":"ListItem","position":2,"name":"Produtos","item":"https:\/\/hidroeletricacenter.com.br\/lojaonline\/shop\/"},{"@type":"ListItem","position":3,"name":"N\u00edvel de Alum\u00ednio 14&#8221; GP com im\u00e3 (42-887) Stanley"}]},{"@type":"WebSite","@id":"https:\/\/hidroeletricacenter.com.br\/lojaonline\/#website","url":"https:\/\/hidroeletricacenter.com.br\/lojaonline\/","name":"Hidroel\u00e9trica Center - Produtos el\u00e9tricos, EPIS, EPCS, ferramentas, m\u00e1quinas, dentre outros","description":"","publisher":{"@id":"https:\/\/hidroeletricacenter.com.br\/lojaonline\/#organization"},"potentialAction":[{"@type":"SearchAction","target":{"@type":"EntryPoint","urlTemplate":"https:\/\/hidroeletricacenter.com.br\/lojaonline\/?s={search_term_string}"},"query-input":"required name=search_term_string"}],"inLanguage":"pt-BR"},{"@type":"Organization","@id":"https:\/\/hidroeletricacenter.com.br\/lojaonline\/#organization","name":"Hidroel\u00e9trica Center - Produtos el\u00e9tricos, EPIS, EPCS, ferramentas, m\u00e1quinas, dentre outros","url":"https:\/\/hidroeletricacenter.com.br\/lojaonline\/","logo":{"@type":"ImageObject","inLanguage":"pt-BR","@id":"https:\/\/hidroeletricacenter.com.br\/lojaonline\/#\/schema\/logo\/image\/","url":"https:\/\/hidroeletricacenter.com.br\/lojaonline\/wp-content\/uploads\/2022\/01\/cropped-ico-hc.png","contentUrl":"https:\/\/hidroeletricacenter.com.br\/lojaonline\/wp-content\/uploads\/2022\/01\/cropped-ico-hc.png","width":512,"height":512,"caption":"Hidroel\u00e9trica Center - Produtos el\u00e9tricos, EPIS, EPCS, ferramentas, m\u00e1quinas, dentre outros"},"image":{"@id":"https:\/\/hidroeletricacenter.com.br\/lojaonline\/#\/schema\/logo\/image\/"},"sameAs":["https:\/\/www.facebook.com\/hidroeletricacenter","https:\/\/www.instagram.com\/hidroeletricacenter"]}]}},"_links":{"self":[{"href":"https:\/\/hidroeletricacenter.com.br\/lojaonline\/wp-json\/wp\/v2\/product\/837","targetHints":{"allow":["GET"]}}],"collection":[{"href":"https:\/\/hidroeletricacenter.com.br\/lojaonline\/wp-json\/wp\/v2\/product"}],"about":[{"href":"https:\/\/hidroeletricacenter.com.br\/lojaonline\/wp-json\/wp\/v2\/types\/product"}],"version-history":[{"count":2,"href":"https:\/\/hidroeletricacenter.com.br\/lojaonline\/wp-json\/wp\/v2\/product\/837\/revisions"}],"predecessor-version":[{"id":2431,"href":"https:\/\/hidroeletricacenter.com.br\/lojaonline\/wp-json\/wp\/v2\/product\/837\/revisions\/2431"}],"wp:featuredmedia":[{"embeddable":true,"href":"https:\/\/hidroeletricacenter.com.br\/lojaonline\/wp-json\/wp\/v2\/media\/838"}],"wp:attachment":[{"href":"https:\/\/hidroeletricacenter.com.br\/lojaonline\/wp-json\/wp\/v2\/media?parent=837"}],"wp:term":[{"taxonomy":"product_cat","embeddable":true,"href":"https:\/\/hidroeletricacenter.com.br\/lojaonline\/wp-json\/wp\/v2\/product_cat?post=837"},{"taxonomy":"product_tag","embeddable":true,"href":"https:\/\/hidroeletricacenter.com.br\/lojaonline\/wp-json\/wp\/v2\/product_tag?post=837"}],"curies":[{"name":"wp","href":"https:\/\/api.w.org\/{rel}","templated":true}]}}