{"id":647,"date":"2022-05-04T09:18:56","date_gmt":"2022-05-04T12:18:56","guid":{"rendered":"https:\/\/hidroeletricacenter.com.br\/lojaonline\/?post_type=product&#038;p=647"},"modified":"2022-05-04T09:18:57","modified_gmt":"2022-05-04T12:18:57","slug":"trena-de-bolso-3mx10mm-am-stht30204-840-stanley","status":"publish","type":"product","link":"https:\/\/hidroeletricacenter.com.br\/lojaonline\/produto\/trena-de-bolso-3mx10mm-am-stht30204-840-stanley\/","title":{"rendered":"Trena de bolso 3mx10mm AM (STHT30204-840) Stanley"},"content":{"rendered":"<p>Inovador freio manual, para maior agilidade na aferi\u00e7\u00e3o das medidas; caixa refor\u00e7ada com novo design, melhorando a ergonomia e est\u00e9tica do produto; fita revestida com pol\u00edmero de longa dura\u00e7\u00e3o para maior resist\u00eancia e vida \u00fatil da trena; gancho zero absoluto para medi\u00e7\u00f5es internas e externas; pass\u00edvel de aferi\u00e7\u00e3o e calibra\u00e7\u00e3o; classe 2; incluso presilha para cinto, facilitando o transporte e evitando a perda da ferramenta; corpo em abs amarelo, resistente a impactos e excelente visibilidade; indicado para todo tipo de usu\u00e1rio que necessite tirar medidas de forma f\u00e1cil, r\u00e1pida e precisa.<\/p>\n<div id=\"heading1\" class=\"card-header\">\n<p class=\"sbd-stepTitle\"><strong>Recursos e Benef\u00edcios\u00a0<\/strong><\/p>\n<\/div>\n<div id=\"collapse1\" class=\"collapse in\" aria-labelledby=\"heading1\" data-parent=\"#accordion\">\n<div class=\"card-body\">\n<div class=\"sbd-featuresBenefits\">\n<ul>\n<li>Inovador Freio Manual, Para Maior Agilidade Na Aferi\u00e7\u00e3o Das Medidas<\/li>\n<li>Caixa Refor\u00e7ada Com Novo Design, Melhorando A Ergonomia E Est\u00e9tica Do Produto<\/li>\n<li>Fita Revestida Com Pol\u00edmero De Longa Dura\u00e7\u00e3o Para Maior Resist\u00eancia E Vida \u00datil Da Trena<\/li>\n<li>Gancho Zero Absoluto Para Medi\u00e7\u00f5es Internas E Externas<\/li>\n<li>Pass\u00edvel De Aferi\u00e7\u00e3o E Calibra\u00e7\u00e3o<\/li>\n<li>Classe 2<\/li>\n<li>Incluso Presilha Para Cinto, Facilitando O Transporte E Evitando A Perda Da Ferramenta<\/li>\n<li>Corpo Em Abs Amarelo, Resistente A Impactos E Excelente Visibilidade<\/li>\n<li>Indicado Para Todo Tipo De Usu\u00e1rio Que Necessite Tirar Medidas De Forma F\u00e1cil, R\u00e1pida E Precisa.<\/li>\n<\/ul>\n<div id=\"heading2\" class=\"card-header\">\n<p class=\"sbd-stepTitle\"><strong>Especifica\u00e7\u00f5es do Produto\u00a0<\/strong><\/p>\n<\/div>\n<div id=\"collapse2\" class=\"collapse in\" aria-labelledby=\"heading2\" data-parent=\"#accordion\">\n<div class=\"card-body\">\n<div class=\"sbd-productSpecifications\">\n<ul>\n<li>Indicado Para Todo Tipo De Usu\u00e1rio Que Necessite Tirar Medidas De Forma F\u00e1cil, R\u00e1pida E Precisa.<\/li>\n<li>Comprimento Da L\u00e2mina: 3M\/10&#8242;<\/li>\n<li>Largura Da L\u00e2mina: 12.7Mm\/ 1\/2&#8243;<\/li>\n<li>Revestimento De L\u00e2mina: Pol\u00edmero<\/li>\n<li>Cor Da L\u00e2mina: Amarelo<\/li>\n<li>Escala De L\u00e2mina: M\u00e9trica\/Polegadas<\/li>\n<li>Material Da L\u00e2mina: A\u00e7o<\/li>\n<li>Cor Da Caixa: Amarelo<\/li>\n<li>Material Da Caixa: Abs De Alto Impacto<\/li>\n<li>Tipo De Gancho: Zero-Absoluto<\/li>\n<li>Fivela Do Cinto: Yes<\/li>\n<li>Bloqueio Da Folha: Yes<\/li>\n<\/ul>\n<\/div>\n<\/div>\n<\/div>\n<\/div>\n<\/div>\n<\/div>\n","protected":false},"excerpt":{"rendered":"<p>Inovador freio manual, para maior agilidade na aferi\u00e7\u00e3o das medidas; caixa refor\u00e7ada com novo design, melhorando a ergonomia e est\u00e9tica do produto; fita revestida com pol\u00edmero de longa dura\u00e7\u00e3o para maior resist\u00eancia e vida \u00fatil da trena; gancho zero absoluto para medi\u00e7\u00f5es internas e externas; pass\u00edvel de aferi\u00e7\u00e3o e calibra\u00e7\u00e3o; classe 2; incluso presilha para [&hellip;]<\/p>\n","protected":false},"featured_media":648,"template":"","meta":[],"product_cat":[],"product_tag":[],"class_list":["post-647","product","type-product","status-publish","has-post-thumbnail","hentry"],"yoast_head":"<!-- This site is optimized with the Yoast SEO plugin v21.0 - https:\/\/yoast.com\/wordpress\/plugins\/seo\/ -->\n<title>Trena de bolso 3mx10mm AM (STHT30204-840) Stanley - Hidroel\u00e9trica Center - Produtos el\u00e9tricos, EPIS, EPCS, ferramentas, m\u00e1quinas, dentre outros<\/title>\n<meta name=\"robots\" content=\"index, follow, max-snippet:-1, max-image-preview:large, max-video-preview:-1\" \/>\n<link rel=\"canonical\" href=\"https:\/\/hidroeletricacenter.com.br\/lojaonline\/produto\/trena-de-bolso-3mx10mm-am-stht30204-840-stanley\/\" \/>\n<meta property=\"og:locale\" content=\"pt_BR\" \/>\n<meta property=\"og:type\" content=\"article\" \/>\n<meta property=\"og:title\" content=\"Trena de bolso 3mx10mm AM (STHT30204-840) Stanley - Hidroel\u00e9trica Center - Produtos el\u00e9tricos, EPIS, EPCS, ferramentas, m\u00e1quinas, dentre outros\" \/>\n<meta property=\"og:description\" content=\"Inovador freio manual, para maior agilidade na aferi\u00e7\u00e3o das medidas; caixa refor\u00e7ada com novo design, melhorando a ergonomia e est\u00e9tica do produto; fita revestida com pol\u00edmero de longa dura\u00e7\u00e3o para maior resist\u00eancia e vida \u00fatil da trena; gancho zero absoluto para medi\u00e7\u00f5es internas e externas; pass\u00edvel de aferi\u00e7\u00e3o e calibra\u00e7\u00e3o; classe 2; incluso presilha para [&hellip;]\" \/>\n<meta property=\"og:url\" content=\"https:\/\/hidroeletricacenter.com.br\/lojaonline\/produto\/trena-de-bolso-3mx10mm-am-stht30204-840-stanley\/\" \/>\n<meta property=\"og:site_name\" content=\"Hidroel\u00e9trica Center - Produtos el\u00e9tricos, EPIS, EPCS, ferramentas, m\u00e1quinas, dentre outros\" \/>\n<meta property=\"article:publisher\" content=\"https:\/\/www.facebook.com\/hidroeletricacenter\" \/>\n<meta property=\"article:modified_time\" content=\"2022-05-04T12:18:57+00:00\" \/>\n<meta property=\"og:image\" content=\"https:\/\/hidroeletricacenter.com.br\/lojaonline\/wp-content\/uploads\/2021\/09\/STHT30204-1.jpg\" \/>\n\t<meta property=\"og:image:width\" content=\"617\" \/>\n\t<meta property=\"og:image:height\" content=\"463\" \/>\n\t<meta property=\"og:image:type\" content=\"image\/jpeg\" \/>\n<meta name=\"twitter:card\" content=\"summary_large_image\" \/>\n<meta name=\"twitter:label1\" content=\"Est. tempo de leitura\" \/>\n\t<meta name=\"twitter:data1\" content=\"1 minuto\" \/>\n<script type=\"application\/ld+json\" class=\"yoast-schema-graph\">{\"@context\":\"https:\/\/schema.org\",\"@graph\":[{\"@type\":\"WebPage\",\"@id\":\"https:\/\/hidroeletricacenter.com.br\/lojaonline\/produto\/trena-de-bolso-3mx10mm-am-stht30204-840-stanley\/\",\"url\":\"https:\/\/hidroeletricacenter.com.br\/lojaonline\/produto\/trena-de-bolso-3mx10mm-am-stht30204-840-stanley\/\",\"name\":\"Trena de bolso 3mx10mm AM (STHT30204-840) Stanley - Hidroel\u00e9trica Center - Produtos el\u00e9tricos, EPIS, EPCS, ferramentas, m\u00e1quinas, dentre outros\",\"isPartOf\":{\"@id\":\"https:\/\/hidroeletricacenter.com.br\/lojaonline\/#website\"},\"datePublished\":\"2022-05-04T12:18:56+00:00\",\"dateModified\":\"2022-05-04T12:18:57+00:00\",\"breadcrumb\":{\"@id\":\"https:\/\/hidroeletricacenter.com.br\/lojaonline\/produto\/trena-de-bolso-3mx10mm-am-stht30204-840-stanley\/#breadcrumb\"},\"inLanguage\":\"pt-BR\",\"potentialAction\":[{\"@type\":\"ReadAction\",\"target\":[\"https:\/\/hidroeletricacenter.com.br\/lojaonline\/produto\/trena-de-bolso-3mx10mm-am-stht30204-840-stanley\/\"]}]},{\"@type\":\"BreadcrumbList\",\"@id\":\"https:\/\/hidroeletricacenter.com.br\/lojaonline\/produto\/trena-de-bolso-3mx10mm-am-stht30204-840-stanley\/#breadcrumb\",\"itemListElement\":[{\"@type\":\"ListItem\",\"position\":1,\"name\":\"In\u00edcio\",\"item\":\"https:\/\/hidroeletricacenter.com.br\/lojaonline\/\"},{\"@type\":\"ListItem\",\"position\":2,\"name\":\"Produtos\",\"item\":\"https:\/\/hidroeletricacenter.com.br\/lojaonline\/shop\/\"},{\"@type\":\"ListItem\",\"position\":3,\"name\":\"Trena de bolso 3mx10mm AM (STHT30204-840) Stanley\"}]},{\"@type\":\"WebSite\",\"@id\":\"https:\/\/hidroeletricacenter.com.br\/lojaonline\/#website\",\"url\":\"https:\/\/hidroeletricacenter.com.br\/lojaonline\/\",\"name\":\"Hidroel\u00e9trica Center - Produtos el\u00e9tricos, EPIS, EPCS, ferramentas, m\u00e1quinas, dentre outros\",\"description\":\"\",\"publisher\":{\"@id\":\"https:\/\/hidroeletricacenter.com.br\/lojaonline\/#organization\"},\"potentialAction\":[{\"@type\":\"SearchAction\",\"target\":{\"@type\":\"EntryPoint\",\"urlTemplate\":\"https:\/\/hidroeletricacenter.com.br\/lojaonline\/?s={search_term_string}\"},\"query-input\":\"required name=search_term_string\"}],\"inLanguage\":\"pt-BR\"},{\"@type\":\"Organization\",\"@id\":\"https:\/\/hidroeletricacenter.com.br\/lojaonline\/#organization\",\"name\":\"Hidroel\u00e9trica Center - Produtos el\u00e9tricos, EPIS, EPCS, ferramentas, m\u00e1quinas, dentre outros\",\"url\":\"https:\/\/hidroeletricacenter.com.br\/lojaonline\/\",\"logo\":{\"@type\":\"ImageObject\",\"inLanguage\":\"pt-BR\",\"@id\":\"https:\/\/hidroeletricacenter.com.br\/lojaonline\/#\/schema\/logo\/image\/\",\"url\":\"https:\/\/hidroeletricacenter.com.br\/lojaonline\/wp-content\/uploads\/2022\/01\/cropped-ico-hc.png\",\"contentUrl\":\"https:\/\/hidroeletricacenter.com.br\/lojaonline\/wp-content\/uploads\/2022\/01\/cropped-ico-hc.png\",\"width\":512,\"height\":512,\"caption\":\"Hidroel\u00e9trica Center - Produtos el\u00e9tricos, EPIS, EPCS, ferramentas, m\u00e1quinas, dentre outros\"},\"image\":{\"@id\":\"https:\/\/hidroeletricacenter.com.br\/lojaonline\/#\/schema\/logo\/image\/\"},\"sameAs\":[\"https:\/\/www.facebook.com\/hidroeletricacenter\",\"https:\/\/www.instagram.com\/hidroeletricacenter\"]}]}<\/script>\n<!-- \/ Yoast SEO plugin. -->","yoast_head_json":{"title":"Trena de bolso 3mx10mm AM (STHT30204-840) Stanley - Hidroel\u00e9trica Center - Produtos el\u00e9tricos, EPIS, EPCS, ferramentas, m\u00e1quinas, dentre outros","robots":{"index":"index","follow":"follow","max-snippet":"max-snippet:-1","max-image-preview":"max-image-preview:large","max-video-preview":"max-video-preview:-1"},"canonical":"https:\/\/hidroeletricacenter.com.br\/lojaonline\/produto\/trena-de-bolso-3mx10mm-am-stht30204-840-stanley\/","og_locale":"pt_BR","og_type":"article","og_title":"Trena de bolso 3mx10mm AM (STHT30204-840) Stanley - Hidroel\u00e9trica Center - Produtos el\u00e9tricos, EPIS, EPCS, ferramentas, m\u00e1quinas, dentre outros","og_description":"Inovador freio manual, para maior agilidade na aferi\u00e7\u00e3o das medidas; caixa refor\u00e7ada com novo design, melhorando a ergonomia e est\u00e9tica do produto; fita revestida com pol\u00edmero de longa dura\u00e7\u00e3o para maior resist\u00eancia e vida \u00fatil da trena; gancho zero absoluto para medi\u00e7\u00f5es internas e externas; pass\u00edvel de aferi\u00e7\u00e3o e calibra\u00e7\u00e3o; classe 2; incluso presilha para [&hellip;]","og_url":"https:\/\/hidroeletricacenter.com.br\/lojaonline\/produto\/trena-de-bolso-3mx10mm-am-stht30204-840-stanley\/","og_site_name":"Hidroel\u00e9trica Center - Produtos el\u00e9tricos, EPIS, EPCS, ferramentas, m\u00e1quinas, dentre outros","article_publisher":"https:\/\/www.facebook.com\/hidroeletricacenter","article_modified_time":"2022-05-04T12:18:57+00:00","og_image":[{"width":617,"height":463,"url":"https:\/\/hidroeletricacenter.com.br\/lojaonline\/wp-content\/uploads\/2021\/09\/STHT30204-1.jpg","type":"image\/jpeg"}],"twitter_card":"summary_large_image","twitter_misc":{"Est. tempo de leitura":"1 minuto"},"schema":{"@context":"https:\/\/schema.org","@graph":[{"@type":"WebPage","@id":"https:\/\/hidroeletricacenter.com.br\/lojaonline\/produto\/trena-de-bolso-3mx10mm-am-stht30204-840-stanley\/","url":"https:\/\/hidroeletricacenter.com.br\/lojaonline\/produto\/trena-de-bolso-3mx10mm-am-stht30204-840-stanley\/","name":"Trena de bolso 3mx10mm AM (STHT30204-840) Stanley - Hidroel\u00e9trica Center - Produtos el\u00e9tricos, EPIS, EPCS, ferramentas, m\u00e1quinas, dentre outros","isPartOf":{"@id":"https:\/\/hidroeletricacenter.com.br\/lojaonline\/#website"},"datePublished":"2022-05-04T12:18:56+00:00","dateModified":"2022-05-04T12:18:57+00:00","breadcrumb":{"@id":"https:\/\/hidroeletricacenter.com.br\/lojaonline\/produto\/trena-de-bolso-3mx10mm-am-stht30204-840-stanley\/#breadcrumb"},"inLanguage":"pt-BR","potentialAction":[{"@type":"ReadAction","target":["https:\/\/hidroeletricacenter.com.br\/lojaonline\/produto\/trena-de-bolso-3mx10mm-am-stht30204-840-stanley\/"]}]},{"@type":"BreadcrumbList","@id":"https:\/\/hidroeletricacenter.com.br\/lojaonline\/produto\/trena-de-bolso-3mx10mm-am-stht30204-840-stanley\/#breadcrumb","itemListElement":[{"@type":"ListItem","position":1,"name":"In\u00edcio","item":"https:\/\/hidroeletricacenter.com.br\/lojaonline\/"},{"@type":"ListItem","position":2,"name":"Produtos","item":"https:\/\/hidroeletricacenter.com.br\/lojaonline\/shop\/"},{"@type":"ListItem","position":3,"name":"Trena de bolso 3mx10mm AM (STHT30204-840) Stanley"}]},{"@type":"WebSite","@id":"https:\/\/hidroeletricacenter.com.br\/lojaonline\/#website","url":"https:\/\/hidroeletricacenter.com.br\/lojaonline\/","name":"Hidroel\u00e9trica Center - Produtos el\u00e9tricos, EPIS, EPCS, ferramentas, m\u00e1quinas, dentre outros","description":"","publisher":{"@id":"https:\/\/hidroeletricacenter.com.br\/lojaonline\/#organization"},"potentialAction":[{"@type":"SearchAction","target":{"@type":"EntryPoint","urlTemplate":"https:\/\/hidroeletricacenter.com.br\/lojaonline\/?s={search_term_string}"},"query-input":"required name=search_term_string"}],"inLanguage":"pt-BR"},{"@type":"Organization","@id":"https:\/\/hidroeletricacenter.com.br\/lojaonline\/#organization","name":"Hidroel\u00e9trica Center - Produtos el\u00e9tricos, EPIS, EPCS, ferramentas, m\u00e1quinas, dentre outros","url":"https:\/\/hidroeletricacenter.com.br\/lojaonline\/","logo":{"@type":"ImageObject","inLanguage":"pt-BR","@id":"https:\/\/hidroeletricacenter.com.br\/lojaonline\/#\/schema\/logo\/image\/","url":"https:\/\/hidroeletricacenter.com.br\/lojaonline\/wp-content\/uploads\/2022\/01\/cropped-ico-hc.png","contentUrl":"https:\/\/hidroeletricacenter.com.br\/lojaonline\/wp-content\/uploads\/2022\/01\/cropped-ico-hc.png","width":512,"height":512,"caption":"Hidroel\u00e9trica Center - Produtos el\u00e9tricos, EPIS, EPCS, ferramentas, m\u00e1quinas, dentre outros"},"image":{"@id":"https:\/\/hidroeletricacenter.com.br\/lojaonline\/#\/schema\/logo\/image\/"},"sameAs":["https:\/\/www.facebook.com\/hidroeletricacenter","https:\/\/www.instagram.com\/hidroeletricacenter"]}]}},"_links":{"self":[{"href":"https:\/\/hidroeletricacenter.com.br\/lojaonline\/wp-json\/wp\/v2\/product\/647","targetHints":{"allow":["GET"]}}],"collection":[{"href":"https:\/\/hidroeletricacenter.com.br\/lojaonline\/wp-json\/wp\/v2\/product"}],"about":[{"href":"https:\/\/hidroeletricacenter.com.br\/lojaonline\/wp-json\/wp\/v2\/types\/product"}],"version-history":[{"count":1,"href":"https:\/\/hidroeletricacenter.com.br\/lojaonline\/wp-json\/wp\/v2\/product\/647\/revisions"}],"predecessor-version":[{"id":2450,"href":"https:\/\/hidroeletricacenter.com.br\/lojaonline\/wp-json\/wp\/v2\/product\/647\/revisions\/2450"}],"wp:featuredmedia":[{"embeddable":true,"href":"https:\/\/hidroeletricacenter.com.br\/lojaonline\/wp-json\/wp\/v2\/media\/648"}],"wp:attachment":[{"href":"https:\/\/hidroeletricacenter.com.br\/lojaonline\/wp-json\/wp\/v2\/media?parent=647"}],"wp:term":[{"taxonomy":"product_cat","embeddable":true,"href":"https:\/\/hidroeletricacenter.com.br\/lojaonline\/wp-json\/wp\/v2\/product_cat?post=647"},{"taxonomy":"product_tag","embeddable":true,"href":"https:\/\/hidroeletricacenter.com.br\/lojaonline\/wp-json\/wp\/v2\/product_tag?post=647"}],"curies":[{"name":"wp","href":"https:\/\/api.w.org\/{rel}","templated":true}]}}