{"id":633,"date":"2022-05-04T08:49:25","date_gmt":"2022-05-04T11:49:25","guid":{"rendered":"https:\/\/hidroeletricacenter.com.br\/lojaonline\/?post_type=product&#038;p=633"},"modified":"2022-05-04T08:49:25","modified_gmt":"2022-05-04T11:49:25","slug":"serrote-luctador-18-15-470s-stanley","status":"publish","type":"product","link":"https:\/\/hidroeletricacenter.com.br\/lojaonline\/produto\/serrote-luctador-18-15-470s-stanley\/","title":{"rendered":"Serrote Luctador 18&#8221; (15-470S) Stanley"},"content":{"rendered":"<div id=\"\" class=\"sbd-stepContainer card\">\n<div id=\"heading1\" class=\"card-header\">\n<p class=\"sbd-stepTitle\"><strong>Recursos e Benef\u00edcios\u00a0<\/strong><\/p>\n<\/div>\n<div id=\"collapse1\" class=\"collapse in\" aria-labelledby=\"heading1\" data-parent=\"#accordion\">\n<div class=\"card-body\">\n<div class=\"sbd-featuresBenefits\">\n<ul>\n<li>L\u00e2mina de a\u00e7o com alta concentra\u00e7\u00e3o de carbono, revestida com verniz para maior prote\u00e7\u00e3o e durabilidade<\/li>\n<li>Dentes travados e polidos<\/li>\n<\/ul>\n<\/div>\n<\/div>\n<\/div>\n<\/div>\n<div id=\"\" class=\"sbd-stepContainer card\">\n<div id=\"heading2\" class=\"card-header\">\n<p class=\"sbd-stepTitle\"><strong>Especifica\u00e7\u00f5es do produto\u00a0<\/strong><\/p>\n<\/div>\n<div id=\"collapse2\" class=\"collapse in\" aria-labelledby=\"heading2\" data-parent=\"#accordion\">\n<div class=\"card-body\">\n<div class=\"sbd-productSpecifications\">\n<ul>\n<li>Estilo: Afi\u00e1vel<\/li>\n<li>Comprimento Da L\u00e2mina: 18&#8243; (457 Mm)<\/li>\n<li>Teet Per Inch: 7Dpp \/ Tpi<\/li>\n<li>Pontos Por Polegada: 8Pts \/ Ppi<\/li>\n<li>Dentes Design: Universais E Afiados 2 Caras<\/li>\n<li>Revestimento De L\u00e2mina: Laca<\/li>\n<li>Estilo Do Punho:D<\/li>\n<li>Lidar Com Material: Madeira<\/li>\n<\/ul>\n<\/div>\n<\/div>\n<\/div>\n<\/div>\n","protected":false},"excerpt":{"rendered":"<p>Recursos e Benef\u00edcios\u00a0 L\u00e2mina de a\u00e7o com alta concentra\u00e7\u00e3o de carbono, revestida com verniz para maior prote\u00e7\u00e3o e durabilidade Dentes travados e polidos Especifica\u00e7\u00f5es do produto\u00a0 Estilo: Afi\u00e1vel Comprimento Da L\u00e2mina: 18&#8243; (457 Mm) Teet Per Inch: 7Dpp \/ Tpi Pontos Por Polegada: 8Pts \/ Ppi Dentes Design: Universais E Afiados 2 Caras Revestimento De [&hellip;]<\/p>\n","protected":false},"featured_media":634,"template":"","meta":[],"product_cat":[],"product_tag":[],"class_list":["post-633","product","type-product","status-publish","has-post-thumbnail","hentry"],"yoast_head":"<!-- This site is optimized with the Yoast SEO plugin v21.0 - https:\/\/yoast.com\/wordpress\/plugins\/seo\/ -->\n<title>Serrote Luctador 18&#039;&#039; (15-470S) Stanley - Hidroel\u00e9trica Center - Produtos el\u00e9tricos, EPIS, EPCS, ferramentas, m\u00e1quinas, dentre outros<\/title>\n<meta name=\"robots\" content=\"index, follow, max-snippet:-1, max-image-preview:large, max-video-preview:-1\" \/>\n<link rel=\"canonical\" href=\"https:\/\/hidroeletricacenter.com.br\/lojaonline\/produto\/serrote-luctador-18-15-470s-stanley\/\" \/>\n<meta property=\"og:locale\" content=\"pt_BR\" \/>\n<meta property=\"og:type\" content=\"article\" \/>\n<meta property=\"og:title\" content=\"Serrote Luctador 18&#039;&#039; (15-470S) Stanley - Hidroel\u00e9trica Center - Produtos el\u00e9tricos, EPIS, EPCS, ferramentas, m\u00e1quinas, dentre outros\" \/>\n<meta property=\"og:description\" content=\"Recursos e Benef\u00edcios\u00a0 L\u00e2mina de a\u00e7o com alta concentra\u00e7\u00e3o de carbono, revestida com verniz para maior prote\u00e7\u00e3o e durabilidade Dentes travados e polidos Especifica\u00e7\u00f5es do produto\u00a0 Estilo: Afi\u00e1vel Comprimento Da L\u00e2mina: 18&#8243; (457 Mm) Teet Per Inch: 7Dpp \/ Tpi Pontos Por Polegada: 8Pts \/ Ppi Dentes Design: Universais E Afiados 2 Caras Revestimento De [&hellip;]\" \/>\n<meta property=\"og:url\" content=\"https:\/\/hidroeletricacenter.com.br\/lojaonline\/produto\/serrote-luctador-18-15-470s-stanley\/\" \/>\n<meta property=\"og:site_name\" content=\"Hidroel\u00e9trica Center - Produtos el\u00e9tricos, EPIS, EPCS, ferramentas, m\u00e1quinas, dentre outros\" \/>\n<meta property=\"article:publisher\" content=\"https:\/\/www.facebook.com\/hidroeletricacenter\" \/>\n<meta property=\"og:image\" content=\"https:\/\/hidroeletricacenter.com.br\/lojaonline\/wp-content\/uploads\/2021\/09\/15-470S-1.jpg\" \/>\n\t<meta property=\"og:image:width\" content=\"460\" \/>\n\t<meta property=\"og:image:height\" content=\"468\" \/>\n\t<meta property=\"og:image:type\" content=\"image\/jpeg\" \/>\n<meta name=\"twitter:card\" content=\"summary_large_image\" \/>\n<script type=\"application\/ld+json\" class=\"yoast-schema-graph\">{\"@context\":\"https:\/\/schema.org\",\"@graph\":[{\"@type\":\"WebPage\",\"@id\":\"https:\/\/hidroeletricacenter.com.br\/lojaonline\/produto\/serrote-luctador-18-15-470s-stanley\/\",\"url\":\"https:\/\/hidroeletricacenter.com.br\/lojaonline\/produto\/serrote-luctador-18-15-470s-stanley\/\",\"name\":\"Serrote Luctador 18'' (15-470S) Stanley - Hidroel\u00e9trica Center - Produtos el\u00e9tricos, EPIS, EPCS, ferramentas, m\u00e1quinas, dentre outros\",\"isPartOf\":{\"@id\":\"https:\/\/hidroeletricacenter.com.br\/lojaonline\/#website\"},\"datePublished\":\"2022-05-04T11:49:25+00:00\",\"dateModified\":\"2022-05-04T11:49:25+00:00\",\"breadcrumb\":{\"@id\":\"https:\/\/hidroeletricacenter.com.br\/lojaonline\/produto\/serrote-luctador-18-15-470s-stanley\/#breadcrumb\"},\"inLanguage\":\"pt-BR\",\"potentialAction\":[{\"@type\":\"ReadAction\",\"target\":[\"https:\/\/hidroeletricacenter.com.br\/lojaonline\/produto\/serrote-luctador-18-15-470s-stanley\/\"]}]},{\"@type\":\"BreadcrumbList\",\"@id\":\"https:\/\/hidroeletricacenter.com.br\/lojaonline\/produto\/serrote-luctador-18-15-470s-stanley\/#breadcrumb\",\"itemListElement\":[{\"@type\":\"ListItem\",\"position\":1,\"name\":\"In\u00edcio\",\"item\":\"https:\/\/hidroeletricacenter.com.br\/lojaonline\/\"},{\"@type\":\"ListItem\",\"position\":2,\"name\":\"Produtos\",\"item\":\"https:\/\/hidroeletricacenter.com.br\/lojaonline\/shop\/\"},{\"@type\":\"ListItem\",\"position\":3,\"name\":\"Serrote Luctador 18&#8221; (15-470S) Stanley\"}]},{\"@type\":\"WebSite\",\"@id\":\"https:\/\/hidroeletricacenter.com.br\/lojaonline\/#website\",\"url\":\"https:\/\/hidroeletricacenter.com.br\/lojaonline\/\",\"name\":\"Hidroel\u00e9trica Center - Produtos el\u00e9tricos, EPIS, EPCS, ferramentas, m\u00e1quinas, dentre outros\",\"description\":\"\",\"publisher\":{\"@id\":\"https:\/\/hidroeletricacenter.com.br\/lojaonline\/#organization\"},\"potentialAction\":[{\"@type\":\"SearchAction\",\"target\":{\"@type\":\"EntryPoint\",\"urlTemplate\":\"https:\/\/hidroeletricacenter.com.br\/lojaonline\/?s={search_term_string}\"},\"query-input\":\"required name=search_term_string\"}],\"inLanguage\":\"pt-BR\"},{\"@type\":\"Organization\",\"@id\":\"https:\/\/hidroeletricacenter.com.br\/lojaonline\/#organization\",\"name\":\"Hidroel\u00e9trica Center - Produtos el\u00e9tricos, EPIS, EPCS, ferramentas, m\u00e1quinas, dentre outros\",\"url\":\"https:\/\/hidroeletricacenter.com.br\/lojaonline\/\",\"logo\":{\"@type\":\"ImageObject\",\"inLanguage\":\"pt-BR\",\"@id\":\"https:\/\/hidroeletricacenter.com.br\/lojaonline\/#\/schema\/logo\/image\/\",\"url\":\"https:\/\/hidroeletricacenter.com.br\/lojaonline\/wp-content\/uploads\/2022\/01\/cropped-ico-hc.png\",\"contentUrl\":\"https:\/\/hidroeletricacenter.com.br\/lojaonline\/wp-content\/uploads\/2022\/01\/cropped-ico-hc.png\",\"width\":512,\"height\":512,\"caption\":\"Hidroel\u00e9trica Center - Produtos el\u00e9tricos, EPIS, EPCS, ferramentas, m\u00e1quinas, dentre outros\"},\"image\":{\"@id\":\"https:\/\/hidroeletricacenter.com.br\/lojaonline\/#\/schema\/logo\/image\/\"},\"sameAs\":[\"https:\/\/www.facebook.com\/hidroeletricacenter\",\"https:\/\/www.instagram.com\/hidroeletricacenter\"]}]}<\/script>\n<!-- \/ Yoast SEO plugin. -->","yoast_head_json":{"title":"Serrote Luctador 18'' (15-470S) Stanley - Hidroel\u00e9trica Center - Produtos el\u00e9tricos, EPIS, EPCS, ferramentas, m\u00e1quinas, dentre outros","robots":{"index":"index","follow":"follow","max-snippet":"max-snippet:-1","max-image-preview":"max-image-preview:large","max-video-preview":"max-video-preview:-1"},"canonical":"https:\/\/hidroeletricacenter.com.br\/lojaonline\/produto\/serrote-luctador-18-15-470s-stanley\/","og_locale":"pt_BR","og_type":"article","og_title":"Serrote Luctador 18'' (15-470S) Stanley - Hidroel\u00e9trica Center - Produtos el\u00e9tricos, EPIS, EPCS, ferramentas, m\u00e1quinas, dentre outros","og_description":"Recursos e Benef\u00edcios\u00a0 L\u00e2mina de a\u00e7o com alta concentra\u00e7\u00e3o de carbono, revestida com verniz para maior prote\u00e7\u00e3o e durabilidade Dentes travados e polidos Especifica\u00e7\u00f5es do produto\u00a0 Estilo: Afi\u00e1vel Comprimento Da L\u00e2mina: 18&#8243; (457 Mm) Teet Per Inch: 7Dpp \/ Tpi Pontos Por Polegada: 8Pts \/ Ppi Dentes Design: Universais E Afiados 2 Caras Revestimento De [&hellip;]","og_url":"https:\/\/hidroeletricacenter.com.br\/lojaonline\/produto\/serrote-luctador-18-15-470s-stanley\/","og_site_name":"Hidroel\u00e9trica Center - Produtos el\u00e9tricos, EPIS, EPCS, ferramentas, m\u00e1quinas, dentre outros","article_publisher":"https:\/\/www.facebook.com\/hidroeletricacenter","og_image":[{"width":460,"height":468,"url":"https:\/\/hidroeletricacenter.com.br\/lojaonline\/wp-content\/uploads\/2021\/09\/15-470S-1.jpg","type":"image\/jpeg"}],"twitter_card":"summary_large_image","schema":{"@context":"https:\/\/schema.org","@graph":[{"@type":"WebPage","@id":"https:\/\/hidroeletricacenter.com.br\/lojaonline\/produto\/serrote-luctador-18-15-470s-stanley\/","url":"https:\/\/hidroeletricacenter.com.br\/lojaonline\/produto\/serrote-luctador-18-15-470s-stanley\/","name":"Serrote Luctador 18'' (15-470S) Stanley - Hidroel\u00e9trica Center - Produtos el\u00e9tricos, EPIS, EPCS, ferramentas, m\u00e1quinas, dentre outros","isPartOf":{"@id":"https:\/\/hidroeletricacenter.com.br\/lojaonline\/#website"},"datePublished":"2022-05-04T11:49:25+00:00","dateModified":"2022-05-04T11:49:25+00:00","breadcrumb":{"@id":"https:\/\/hidroeletricacenter.com.br\/lojaonline\/produto\/serrote-luctador-18-15-470s-stanley\/#breadcrumb"},"inLanguage":"pt-BR","potentialAction":[{"@type":"ReadAction","target":["https:\/\/hidroeletricacenter.com.br\/lojaonline\/produto\/serrote-luctador-18-15-470s-stanley\/"]}]},{"@type":"BreadcrumbList","@id":"https:\/\/hidroeletricacenter.com.br\/lojaonline\/produto\/serrote-luctador-18-15-470s-stanley\/#breadcrumb","itemListElement":[{"@type":"ListItem","position":1,"name":"In\u00edcio","item":"https:\/\/hidroeletricacenter.com.br\/lojaonline\/"},{"@type":"ListItem","position":2,"name":"Produtos","item":"https:\/\/hidroeletricacenter.com.br\/lojaonline\/shop\/"},{"@type":"ListItem","position":3,"name":"Serrote Luctador 18&#8221; (15-470S) Stanley"}]},{"@type":"WebSite","@id":"https:\/\/hidroeletricacenter.com.br\/lojaonline\/#website","url":"https:\/\/hidroeletricacenter.com.br\/lojaonline\/","name":"Hidroel\u00e9trica Center - Produtos el\u00e9tricos, EPIS, EPCS, ferramentas, m\u00e1quinas, dentre outros","description":"","publisher":{"@id":"https:\/\/hidroeletricacenter.com.br\/lojaonline\/#organization"},"potentialAction":[{"@type":"SearchAction","target":{"@type":"EntryPoint","urlTemplate":"https:\/\/hidroeletricacenter.com.br\/lojaonline\/?s={search_term_string}"},"query-input":"required name=search_term_string"}],"inLanguage":"pt-BR"},{"@type":"Organization","@id":"https:\/\/hidroeletricacenter.com.br\/lojaonline\/#organization","name":"Hidroel\u00e9trica Center - Produtos el\u00e9tricos, EPIS, EPCS, ferramentas, m\u00e1quinas, dentre outros","url":"https:\/\/hidroeletricacenter.com.br\/lojaonline\/","logo":{"@type":"ImageObject","inLanguage":"pt-BR","@id":"https:\/\/hidroeletricacenter.com.br\/lojaonline\/#\/schema\/logo\/image\/","url":"https:\/\/hidroeletricacenter.com.br\/lojaonline\/wp-content\/uploads\/2022\/01\/cropped-ico-hc.png","contentUrl":"https:\/\/hidroeletricacenter.com.br\/lojaonline\/wp-content\/uploads\/2022\/01\/cropped-ico-hc.png","width":512,"height":512,"caption":"Hidroel\u00e9trica Center - Produtos el\u00e9tricos, EPIS, EPCS, ferramentas, m\u00e1quinas, dentre outros"},"image":{"@id":"https:\/\/hidroeletricacenter.com.br\/lojaonline\/#\/schema\/logo\/image\/"},"sameAs":["https:\/\/www.facebook.com\/hidroeletricacenter","https:\/\/www.instagram.com\/hidroeletricacenter"]}]}},"_links":{"self":[{"href":"https:\/\/hidroeletricacenter.com.br\/lojaonline\/wp-json\/wp\/v2\/product\/633","targetHints":{"allow":["GET"]}}],"collection":[{"href":"https:\/\/hidroeletricacenter.com.br\/lojaonline\/wp-json\/wp\/v2\/product"}],"about":[{"href":"https:\/\/hidroeletricacenter.com.br\/lojaonline\/wp-json\/wp\/v2\/types\/product"}],"version-history":[{"count":1,"href":"https:\/\/hidroeletricacenter.com.br\/lojaonline\/wp-json\/wp\/v2\/product\/633\/revisions"}],"predecessor-version":[{"id":2447,"href":"https:\/\/hidroeletricacenter.com.br\/lojaonline\/wp-json\/wp\/v2\/product\/633\/revisions\/2447"}],"wp:featuredmedia":[{"embeddable":true,"href":"https:\/\/hidroeletricacenter.com.br\/lojaonline\/wp-json\/wp\/v2\/media\/634"}],"wp:attachment":[{"href":"https:\/\/hidroeletricacenter.com.br\/lojaonline\/wp-json\/wp\/v2\/media?parent=633"}],"wp:term":[{"taxonomy":"product_cat","embeddable":true,"href":"https:\/\/hidroeletricacenter.com.br\/lojaonline\/wp-json\/wp\/v2\/product_cat?post=633"},{"taxonomy":"product_tag","embeddable":true,"href":"https:\/\/hidroeletricacenter.com.br\/lojaonline\/wp-json\/wp\/v2\/product_tag?post=633"}],"curies":[{"name":"wp","href":"https:\/\/api.w.org\/{rel}","templated":true}]}}