{"id":609,"date":"2022-05-03T17:04:26","date_gmt":"2022-05-03T20:04:26","guid":{"rendered":"https:\/\/hidroeletricacenter.com.br\/lojaonline\/?post_type=product&#038;p=609"},"modified":"2022-05-03T17:04:26","modified_gmt":"2022-05-03T20:04:26","slug":"serra-circular-7-1-4-185mm-1600w-sc16-b2-220v","status":"publish","type":"product","link":"https:\/\/hidroeletricacenter.com.br\/lojaonline\/produto\/serra-circular-7-1-4-185mm-1600w-sc16-b2-220v\/","title":{"rendered":"Serra circular 7.1\/4&#8221;-185mm 1600W (SC16-B2) 220V"},"content":{"rendered":"<div class=\"sbd-productDescription\">\n<div class=\"sbd-productDescriptionText\">\n<p>Serra circular 7-1\/4 (185mm) 1.600w 220v com empunhadura emborrachada e cortes em \u00e2ngulo.<\/p>\n<\/div>\n<\/div>\n<div class=\"sbd-productInformationPanel\">\n<div id=\"accordion\">\n<div id=\"\" class=\"sbd-stepContainer card\">\n<div id=\"heading1\" class=\"card-header\">\n<p class=\"sbd-stepTitle\"><strong>Recursos e Benef\u00edcios:<\/strong><\/p>\n<\/div>\n<div id=\"collapse1\" class=\"collapse in\" aria-labelledby=\"heading1\" data-parent=\"#accordion\">\n<div class=\"card-body\">\n<div class=\"sbd-featuresBenefits\">\n<ul>\n<li>Serra Circular 7 1\/4&amp;quot<\/li>\n<li>(185MM) Potente motor de 1.600W com guarda retr\u00e1til met\u00e1lica garantindo mais seguran\u00e7a Punho revestido em borracha para melhor ergonomia Empunhadura superior para facilitar o controle nas aplica\u00e7\u00f5es Base com regulagem de altura e regulagem de \u00e2ngulo ate 45\u00b0 Acesso a facil as escovas de carv\u00e3o.<\/li>\n<\/ul>\n<p><strong>Especifica\u00e7\u00f5es do produto:<\/strong><\/p>\n<div id=\"\" class=\"sbd-stepContainer card\">\n<div id=\"collapse2\" class=\"collapse in\" aria-labelledby=\"heading2\" data-parent=\"#accordion\">\n<div class=\"card-body\">\n<div class=\"sbd-productSpecifications\">\n<ul>\n<li>Pot\u00eancia 1.600W<\/li>\n<li>Velocidade 5.500 RPM<\/li>\n<li>Di\u00e2metro do disco 7-1\/4 (184mm)<\/li>\n<li>Capacidade de corte 90\u00b0 (65mm)<\/li>\n<li>Capacidade de corte 45\u00b0 (50mm)<\/li>\n<li>\u00c2ngulo de corte 0\u00b0- 45\u00b0<\/li>\n<li>Peso 3,9Kg<\/li>\n<li>Empunhadura emborrachada<\/li>\n<li>Base com regulagem de altura<\/li>\n<li>Punho revestido em borracha<\/li>\n<li>Acesso f\u00e1cil a escovas de carv\u00e3o<\/li>\n<\/ul>\n<\/div>\n<\/div>\n<\/div>\n<\/div>\n<div id=\"\" class=\"sbd-stepContainer card\">\n<div id=\"heading3\" class=\"card-header\"><\/div>\n<\/div>\n<\/div>\n<\/div>\n<\/div>\n<\/div>\n<div id=\"\" class=\"sbd-stepContainer card\">\n<div id=\"heading2\" class=\"card-header\"><\/div>\n<\/div>\n<\/div>\n<\/div>\n","protected":false},"excerpt":{"rendered":"<p>Serra circular 7-1\/4 (185mm) 1.600w 220v com empunhadura emborrachada e cortes em \u00e2ngulo. Recursos e Benef\u00edcios: Serra Circular 7 1\/4&amp;quot (185MM) Potente motor de 1.600W com guarda retr\u00e1til met\u00e1lica garantindo mais seguran\u00e7a Punho revestido em borracha para melhor ergonomia Empunhadura superior para facilitar o controle nas aplica\u00e7\u00f5es Base com regulagem de altura e regulagem de [&hellip;]<\/p>\n","protected":false},"featured_media":610,"template":"","meta":[],"product_cat":[],"product_tag":[],"class_list":["post-609","product","type-product","status-publish","has-post-thumbnail","hentry"],"yoast_head":"<!-- This site is optimized with the Yoast SEO plugin v21.0 - https:\/\/yoast.com\/wordpress\/plugins\/seo\/ -->\n<title>Serra circular 7.1\/4&#039;&#039;-185mm 1600W (SC16-B2) 220V - Hidroel\u00e9trica Center - Produtos el\u00e9tricos, EPIS, EPCS, ferramentas, m\u00e1quinas, dentre outros<\/title>\n<meta name=\"robots\" content=\"index, follow, max-snippet:-1, max-image-preview:large, max-video-preview:-1\" \/>\n<link rel=\"canonical\" href=\"https:\/\/hidroeletricacenter.com.br\/lojaonline\/produto\/serra-circular-7-1-4-185mm-1600w-sc16-b2-220v\/\" \/>\n<meta property=\"og:locale\" content=\"pt_BR\" \/>\n<meta property=\"og:type\" content=\"article\" \/>\n<meta property=\"og:title\" content=\"Serra circular 7.1\/4&#039;&#039;-185mm 1600W (SC16-B2) 220V - Hidroel\u00e9trica Center - Produtos el\u00e9tricos, EPIS, EPCS, ferramentas, m\u00e1quinas, dentre outros\" \/>\n<meta property=\"og:description\" content=\"Serra circular 7-1\/4 (185mm) 1.600w 220v com empunhadura emborrachada e cortes em \u00e2ngulo. Recursos e Benef\u00edcios: Serra Circular 7 1\/4&amp;quot (185MM) Potente motor de 1.600W com guarda retr\u00e1til met\u00e1lica garantindo mais seguran\u00e7a Punho revestido em borracha para melhor ergonomia Empunhadura superior para facilitar o controle nas aplica\u00e7\u00f5es Base com regulagem de altura e regulagem de [&hellip;]\" \/>\n<meta property=\"og:url\" content=\"https:\/\/hidroeletricacenter.com.br\/lojaonline\/produto\/serra-circular-7-1-4-185mm-1600w-sc16-b2-220v\/\" \/>\n<meta property=\"og:site_name\" content=\"Hidroel\u00e9trica Center - Produtos el\u00e9tricos, EPIS, EPCS, ferramentas, m\u00e1quinas, dentre outros\" \/>\n<meta property=\"article:publisher\" content=\"https:\/\/www.facebook.com\/hidroeletricacenter\" \/>\n<meta property=\"og:image\" content=\"https:\/\/hidroeletricacenter.com.br\/lojaonline\/wp-content\/uploads\/2021\/09\/serra-circular-7-1-4-pol-stanley-sc16-b2-1600w-011.jpg\" \/>\n\t<meta property=\"og:image:width\" content=\"300\" \/>\n\t<meta property=\"og:image:height\" content=\"300\" \/>\n\t<meta property=\"og:image:type\" content=\"image\/jpeg\" \/>\n<meta name=\"twitter:card\" content=\"summary_large_image\" \/>\n<meta name=\"twitter:label1\" content=\"Est. tempo de leitura\" \/>\n\t<meta name=\"twitter:data1\" content=\"1 minuto\" \/>\n<script type=\"application\/ld+json\" class=\"yoast-schema-graph\">{\"@context\":\"https:\/\/schema.org\",\"@graph\":[{\"@type\":\"WebPage\",\"@id\":\"https:\/\/hidroeletricacenter.com.br\/lojaonline\/produto\/serra-circular-7-1-4-185mm-1600w-sc16-b2-220v\/\",\"url\":\"https:\/\/hidroeletricacenter.com.br\/lojaonline\/produto\/serra-circular-7-1-4-185mm-1600w-sc16-b2-220v\/\",\"name\":\"Serra circular 7.1\/4''-185mm 1600W (SC16-B2) 220V - Hidroel\u00e9trica Center - Produtos el\u00e9tricos, EPIS, EPCS, ferramentas, m\u00e1quinas, dentre outros\",\"isPartOf\":{\"@id\":\"https:\/\/hidroeletricacenter.com.br\/lojaonline\/#website\"},\"datePublished\":\"2022-05-03T20:04:26+00:00\",\"dateModified\":\"2022-05-03T20:04:26+00:00\",\"breadcrumb\":{\"@id\":\"https:\/\/hidroeletricacenter.com.br\/lojaonline\/produto\/serra-circular-7-1-4-185mm-1600w-sc16-b2-220v\/#breadcrumb\"},\"inLanguage\":\"pt-BR\",\"potentialAction\":[{\"@type\":\"ReadAction\",\"target\":[\"https:\/\/hidroeletricacenter.com.br\/lojaonline\/produto\/serra-circular-7-1-4-185mm-1600w-sc16-b2-220v\/\"]}]},{\"@type\":\"BreadcrumbList\",\"@id\":\"https:\/\/hidroeletricacenter.com.br\/lojaonline\/produto\/serra-circular-7-1-4-185mm-1600w-sc16-b2-220v\/#breadcrumb\",\"itemListElement\":[{\"@type\":\"ListItem\",\"position\":1,\"name\":\"In\u00edcio\",\"item\":\"https:\/\/hidroeletricacenter.com.br\/lojaonline\/\"},{\"@type\":\"ListItem\",\"position\":2,\"name\":\"Produtos\",\"item\":\"https:\/\/hidroeletricacenter.com.br\/lojaonline\/shop\/\"},{\"@type\":\"ListItem\",\"position\":3,\"name\":\"Serra circular 7.1\/4&#8221;-185mm 1600W (SC16-B2) 220V\"}]},{\"@type\":\"WebSite\",\"@id\":\"https:\/\/hidroeletricacenter.com.br\/lojaonline\/#website\",\"url\":\"https:\/\/hidroeletricacenter.com.br\/lojaonline\/\",\"name\":\"Hidroel\u00e9trica Center - Produtos el\u00e9tricos, EPIS, EPCS, ferramentas, m\u00e1quinas, dentre outros\",\"description\":\"\",\"publisher\":{\"@id\":\"https:\/\/hidroeletricacenter.com.br\/lojaonline\/#organization\"},\"potentialAction\":[{\"@type\":\"SearchAction\",\"target\":{\"@type\":\"EntryPoint\",\"urlTemplate\":\"https:\/\/hidroeletricacenter.com.br\/lojaonline\/?s={search_term_string}\"},\"query-input\":\"required name=search_term_string\"}],\"inLanguage\":\"pt-BR\"},{\"@type\":\"Organization\",\"@id\":\"https:\/\/hidroeletricacenter.com.br\/lojaonline\/#organization\",\"name\":\"Hidroel\u00e9trica Center - Produtos el\u00e9tricos, EPIS, EPCS, ferramentas, m\u00e1quinas, dentre outros\",\"url\":\"https:\/\/hidroeletricacenter.com.br\/lojaonline\/\",\"logo\":{\"@type\":\"ImageObject\",\"inLanguage\":\"pt-BR\",\"@id\":\"https:\/\/hidroeletricacenter.com.br\/lojaonline\/#\/schema\/logo\/image\/\",\"url\":\"https:\/\/hidroeletricacenter.com.br\/lojaonline\/wp-content\/uploads\/2022\/01\/cropped-ico-hc.png\",\"contentUrl\":\"https:\/\/hidroeletricacenter.com.br\/lojaonline\/wp-content\/uploads\/2022\/01\/cropped-ico-hc.png\",\"width\":512,\"height\":512,\"caption\":\"Hidroel\u00e9trica Center - Produtos el\u00e9tricos, EPIS, EPCS, ferramentas, m\u00e1quinas, dentre outros\"},\"image\":{\"@id\":\"https:\/\/hidroeletricacenter.com.br\/lojaonline\/#\/schema\/logo\/image\/\"},\"sameAs\":[\"https:\/\/www.facebook.com\/hidroeletricacenter\",\"https:\/\/www.instagram.com\/hidroeletricacenter\"]}]}<\/script>\n<!-- \/ Yoast SEO plugin. -->","yoast_head_json":{"title":"Serra circular 7.1\/4''-185mm 1600W (SC16-B2) 220V - Hidroel\u00e9trica Center - Produtos el\u00e9tricos, EPIS, EPCS, ferramentas, m\u00e1quinas, dentre outros","robots":{"index":"index","follow":"follow","max-snippet":"max-snippet:-1","max-image-preview":"max-image-preview:large","max-video-preview":"max-video-preview:-1"},"canonical":"https:\/\/hidroeletricacenter.com.br\/lojaonline\/produto\/serra-circular-7-1-4-185mm-1600w-sc16-b2-220v\/","og_locale":"pt_BR","og_type":"article","og_title":"Serra circular 7.1\/4''-185mm 1600W (SC16-B2) 220V - Hidroel\u00e9trica Center - Produtos el\u00e9tricos, EPIS, EPCS, ferramentas, m\u00e1quinas, dentre outros","og_description":"Serra circular 7-1\/4 (185mm) 1.600w 220v com empunhadura emborrachada e cortes em \u00e2ngulo. Recursos e Benef\u00edcios: Serra Circular 7 1\/4&amp;quot (185MM) Potente motor de 1.600W com guarda retr\u00e1til met\u00e1lica garantindo mais seguran\u00e7a Punho revestido em borracha para melhor ergonomia Empunhadura superior para facilitar o controle nas aplica\u00e7\u00f5es Base com regulagem de altura e regulagem de [&hellip;]","og_url":"https:\/\/hidroeletricacenter.com.br\/lojaonline\/produto\/serra-circular-7-1-4-185mm-1600w-sc16-b2-220v\/","og_site_name":"Hidroel\u00e9trica Center - Produtos el\u00e9tricos, EPIS, EPCS, ferramentas, m\u00e1quinas, dentre outros","article_publisher":"https:\/\/www.facebook.com\/hidroeletricacenter","og_image":[{"width":300,"height":300,"url":"https:\/\/hidroeletricacenter.com.br\/lojaonline\/wp-content\/uploads\/2021\/09\/serra-circular-7-1-4-pol-stanley-sc16-b2-1600w-011.jpg","type":"image\/jpeg"}],"twitter_card":"summary_large_image","twitter_misc":{"Est. tempo de leitura":"1 minuto"},"schema":{"@context":"https:\/\/schema.org","@graph":[{"@type":"WebPage","@id":"https:\/\/hidroeletricacenter.com.br\/lojaonline\/produto\/serra-circular-7-1-4-185mm-1600w-sc16-b2-220v\/","url":"https:\/\/hidroeletricacenter.com.br\/lojaonline\/produto\/serra-circular-7-1-4-185mm-1600w-sc16-b2-220v\/","name":"Serra circular 7.1\/4''-185mm 1600W (SC16-B2) 220V - Hidroel\u00e9trica Center - Produtos el\u00e9tricos, EPIS, EPCS, ferramentas, m\u00e1quinas, dentre outros","isPartOf":{"@id":"https:\/\/hidroeletricacenter.com.br\/lojaonline\/#website"},"datePublished":"2022-05-03T20:04:26+00:00","dateModified":"2022-05-03T20:04:26+00:00","breadcrumb":{"@id":"https:\/\/hidroeletricacenter.com.br\/lojaonline\/produto\/serra-circular-7-1-4-185mm-1600w-sc16-b2-220v\/#breadcrumb"},"inLanguage":"pt-BR","potentialAction":[{"@type":"ReadAction","target":["https:\/\/hidroeletricacenter.com.br\/lojaonline\/produto\/serra-circular-7-1-4-185mm-1600w-sc16-b2-220v\/"]}]},{"@type":"BreadcrumbList","@id":"https:\/\/hidroeletricacenter.com.br\/lojaonline\/produto\/serra-circular-7-1-4-185mm-1600w-sc16-b2-220v\/#breadcrumb","itemListElement":[{"@type":"ListItem","position":1,"name":"In\u00edcio","item":"https:\/\/hidroeletricacenter.com.br\/lojaonline\/"},{"@type":"ListItem","position":2,"name":"Produtos","item":"https:\/\/hidroeletricacenter.com.br\/lojaonline\/shop\/"},{"@type":"ListItem","position":3,"name":"Serra circular 7.1\/4&#8221;-185mm 1600W (SC16-B2) 220V"}]},{"@type":"WebSite","@id":"https:\/\/hidroeletricacenter.com.br\/lojaonline\/#website","url":"https:\/\/hidroeletricacenter.com.br\/lojaonline\/","name":"Hidroel\u00e9trica Center - Produtos el\u00e9tricos, EPIS, EPCS, ferramentas, m\u00e1quinas, dentre outros","description":"","publisher":{"@id":"https:\/\/hidroeletricacenter.com.br\/lojaonline\/#organization"},"potentialAction":[{"@type":"SearchAction","target":{"@type":"EntryPoint","urlTemplate":"https:\/\/hidroeletricacenter.com.br\/lojaonline\/?s={search_term_string}"},"query-input":"required name=search_term_string"}],"inLanguage":"pt-BR"},{"@type":"Organization","@id":"https:\/\/hidroeletricacenter.com.br\/lojaonline\/#organization","name":"Hidroel\u00e9trica Center - Produtos el\u00e9tricos, EPIS, EPCS, ferramentas, m\u00e1quinas, dentre outros","url":"https:\/\/hidroeletricacenter.com.br\/lojaonline\/","logo":{"@type":"ImageObject","inLanguage":"pt-BR","@id":"https:\/\/hidroeletricacenter.com.br\/lojaonline\/#\/schema\/logo\/image\/","url":"https:\/\/hidroeletricacenter.com.br\/lojaonline\/wp-content\/uploads\/2022\/01\/cropped-ico-hc.png","contentUrl":"https:\/\/hidroeletricacenter.com.br\/lojaonline\/wp-content\/uploads\/2022\/01\/cropped-ico-hc.png","width":512,"height":512,"caption":"Hidroel\u00e9trica Center - Produtos el\u00e9tricos, EPIS, EPCS, ferramentas, m\u00e1quinas, dentre outros"},"image":{"@id":"https:\/\/hidroeletricacenter.com.br\/lojaonline\/#\/schema\/logo\/image\/"},"sameAs":["https:\/\/www.facebook.com\/hidroeletricacenter","https:\/\/www.instagram.com\/hidroeletricacenter"]}]}},"_links":{"self":[{"href":"https:\/\/hidroeletricacenter.com.br\/lojaonline\/wp-json\/wp\/v2\/product\/609","targetHints":{"allow":["GET"]}}],"collection":[{"href":"https:\/\/hidroeletricacenter.com.br\/lojaonline\/wp-json\/wp\/v2\/product"}],"about":[{"href":"https:\/\/hidroeletricacenter.com.br\/lojaonline\/wp-json\/wp\/v2\/types\/product"}],"version-history":[{"count":1,"href":"https:\/\/hidroeletricacenter.com.br\/lojaonline\/wp-json\/wp\/v2\/product\/609\/revisions"}],"predecessor-version":[{"id":2441,"href":"https:\/\/hidroeletricacenter.com.br\/lojaonline\/wp-json\/wp\/v2\/product\/609\/revisions\/2441"}],"wp:featuredmedia":[{"embeddable":true,"href":"https:\/\/hidroeletricacenter.com.br\/lojaonline\/wp-json\/wp\/v2\/media\/610"}],"wp:attachment":[{"href":"https:\/\/hidroeletricacenter.com.br\/lojaonline\/wp-json\/wp\/v2\/media?parent=609"}],"wp:term":[{"taxonomy":"product_cat","embeddable":true,"href":"https:\/\/hidroeletricacenter.com.br\/lojaonline\/wp-json\/wp\/v2\/product_cat?post=609"},{"taxonomy":"product_tag","embeddable":true,"href":"https:\/\/hidroeletricacenter.com.br\/lojaonline\/wp-json\/wp\/v2\/product_tag?post=609"}],"curies":[{"name":"wp","href":"https:\/\/api.w.org\/{rel}","templated":true}]}}