{"id":582,"date":"2022-05-03T13:48:12","date_gmt":"2022-05-03T16:48:12","guid":{"rendered":"https:\/\/hidroeletricacenter.com.br\/lojaonline\/?post_type=product&#038;p=582"},"modified":"2022-05-03T13:51:00","modified_gmt":"2022-05-03T16:51:00","slug":"nivel-de-aluminio-12-42-072-pr-am-stanley","status":"publish","type":"product","link":"https:\/\/hidroeletricacenter.com.br\/lojaonline\/produto\/nivel-de-aluminio-12-42-072-pr-am-stanley\/","title":{"rendered":"N\u00edvel de Alum\u00ednio 12&#8221; (42-072) PR\/AM Stanley"},"content":{"rendered":"<div id=\"\" class=\"sbd-stepContainer card\">\n<div id=\"heading1\" class=\"card-header\">\n<p class=\"sbd-stepTitle\"><strong>Recursos:\u00a0<\/strong><\/p>\n<\/div>\n<div id=\"collapse1\" class=\"collapse in\" aria-labelledby=\"heading1\" data-parent=\"#accordion\">\n<div class=\"card-body\">\n<div class=\"sbd-featuresBenefits\">\n<ul>\n<li>Desenho com leitura de topo que facilita a visualiza\u00e7\u00e3o<\/li>\n<li>Visor com bolhas amarelas para maior visibilidade<\/li>\n<li>Orif\u00edcio para pendurar, facilita o armazenamento<\/li>\n<li>Modelo com 2 Bolhas.<\/li>\n<\/ul>\n<\/div>\n<\/div>\n<\/div>\n<\/div>\n<div id=\"\" class=\"sbd-stepContainer card\">\n<div id=\"heading2\" class=\"card-header\">\n<p class=\"sbd-stepTitle\"><strong>Especifica\u00e7\u00f5es do Produto:\u00a0\u00a0<\/strong><\/p>\n<\/div>\n<div id=\"collapse2\" class=\"collapse in\" aria-labelledby=\"heading2\" data-parent=\"#accordion\">\n<div class=\"card-body\">\n<div class=\"sbd-productSpecifications\">\n<ul>\n<li>Indicado para nivelar objetos em tr\u00eas posi\u00e7\u00f5es, vertical, horizontal e angulada ( 45\u00ba ).<\/li>\n<\/ul>\n<\/div>\n<\/div>\n<\/div>\n<\/div>\n","protected":false},"excerpt":{"rendered":"<p>Recursos:\u00a0 Desenho com leitura de topo que facilita a visualiza\u00e7\u00e3o Visor com bolhas amarelas para maior visibilidade Orif\u00edcio para pendurar, facilita o armazenamento Modelo com 2 Bolhas. Especifica\u00e7\u00f5es do Produto:\u00a0\u00a0 Indicado para nivelar objetos em tr\u00eas posi\u00e7\u00f5es, vertical, horizontal e angulada ( 45\u00ba ).<\/p>\n","protected":false},"featured_media":583,"template":"","meta":[],"product_cat":[],"product_tag":[],"class_list":["post-582","product","type-product","status-publish","has-post-thumbnail","hentry"],"yoast_head":"<!-- This site is optimized with the Yoast SEO plugin v21.0 - https:\/\/yoast.com\/wordpress\/plugins\/seo\/ -->\n<title>N\u00edvel de Alum\u00ednio 12&#039;&#039; (42-072) PR\/AM Stanley - Hidroel\u00e9trica Center - Produtos el\u00e9tricos, EPIS, EPCS, ferramentas, m\u00e1quinas, dentre outros<\/title>\n<meta name=\"robots\" content=\"index, follow, max-snippet:-1, max-image-preview:large, max-video-preview:-1\" \/>\n<link rel=\"canonical\" href=\"https:\/\/hidroeletricacenter.com.br\/lojaonline\/produto\/nivel-de-aluminio-12-42-072-pr-am-stanley\/\" \/>\n<meta property=\"og:locale\" content=\"pt_BR\" \/>\n<meta property=\"og:type\" content=\"article\" \/>\n<meta property=\"og:title\" content=\"N\u00edvel de Alum\u00ednio 12&#039;&#039; (42-072) PR\/AM Stanley - Hidroel\u00e9trica Center - Produtos el\u00e9tricos, EPIS, EPCS, ferramentas, m\u00e1quinas, dentre outros\" \/>\n<meta property=\"og:description\" content=\"Recursos:\u00a0 Desenho com leitura de topo que facilita a visualiza\u00e7\u00e3o Visor com bolhas amarelas para maior visibilidade Orif\u00edcio para pendurar, facilita o armazenamento Modelo com 2 Bolhas. Especifica\u00e7\u00f5es do Produto:\u00a0\u00a0 Indicado para nivelar objetos em tr\u00eas posi\u00e7\u00f5es, vertical, horizontal e angulada ( 45\u00ba ).\" \/>\n<meta property=\"og:url\" content=\"https:\/\/hidroeletricacenter.com.br\/lojaonline\/produto\/nivel-de-aluminio-12-42-072-pr-am-stanley\/\" \/>\n<meta property=\"og:site_name\" content=\"Hidroel\u00e9trica Center - Produtos el\u00e9tricos, EPIS, EPCS, ferramentas, m\u00e1quinas, dentre outros\" \/>\n<meta property=\"article:publisher\" content=\"https:\/\/www.facebook.com\/hidroeletricacenter\" \/>\n<meta property=\"article:modified_time\" content=\"2022-05-03T16:51:00+00:00\" \/>\n<meta property=\"og:image\" content=\"https:\/\/hidroeletricacenter.com.br\/lojaonline\/wp-content\/uploads\/2021\/09\/42-072-1.jpg\" \/>\n\t<meta property=\"og:image:width\" content=\"500\" \/>\n\t<meta property=\"og:image:height\" content=\"500\" \/>\n\t<meta property=\"og:image:type\" content=\"image\/jpeg\" \/>\n<meta name=\"twitter:card\" content=\"summary_large_image\" \/>\n<script type=\"application\/ld+json\" class=\"yoast-schema-graph\">{\"@context\":\"https:\/\/schema.org\",\"@graph\":[{\"@type\":\"WebPage\",\"@id\":\"https:\/\/hidroeletricacenter.com.br\/lojaonline\/produto\/nivel-de-aluminio-12-42-072-pr-am-stanley\/\",\"url\":\"https:\/\/hidroeletricacenter.com.br\/lojaonline\/produto\/nivel-de-aluminio-12-42-072-pr-am-stanley\/\",\"name\":\"N\u00edvel de Alum\u00ednio 12'' (42-072) PR\/AM Stanley - Hidroel\u00e9trica Center - Produtos el\u00e9tricos, EPIS, EPCS, ferramentas, m\u00e1quinas, dentre outros\",\"isPartOf\":{\"@id\":\"https:\/\/hidroeletricacenter.com.br\/lojaonline\/#website\"},\"datePublished\":\"2022-05-03T16:48:12+00:00\",\"dateModified\":\"2022-05-03T16:51:00+00:00\",\"breadcrumb\":{\"@id\":\"https:\/\/hidroeletricacenter.com.br\/lojaonline\/produto\/nivel-de-aluminio-12-42-072-pr-am-stanley\/#breadcrumb\"},\"inLanguage\":\"pt-BR\",\"potentialAction\":[{\"@type\":\"ReadAction\",\"target\":[\"https:\/\/hidroeletricacenter.com.br\/lojaonline\/produto\/nivel-de-aluminio-12-42-072-pr-am-stanley\/\"]}]},{\"@type\":\"BreadcrumbList\",\"@id\":\"https:\/\/hidroeletricacenter.com.br\/lojaonline\/produto\/nivel-de-aluminio-12-42-072-pr-am-stanley\/#breadcrumb\",\"itemListElement\":[{\"@type\":\"ListItem\",\"position\":1,\"name\":\"In\u00edcio\",\"item\":\"https:\/\/hidroeletricacenter.com.br\/lojaonline\/\"},{\"@type\":\"ListItem\",\"position\":2,\"name\":\"Produtos\",\"item\":\"https:\/\/hidroeletricacenter.com.br\/lojaonline\/shop\/\"},{\"@type\":\"ListItem\",\"position\":3,\"name\":\"N\u00edvel de Alum\u00ednio 12&#8221; (42-072) PR\/AM Stanley\"}]},{\"@type\":\"WebSite\",\"@id\":\"https:\/\/hidroeletricacenter.com.br\/lojaonline\/#website\",\"url\":\"https:\/\/hidroeletricacenter.com.br\/lojaonline\/\",\"name\":\"Hidroel\u00e9trica Center - Produtos el\u00e9tricos, EPIS, EPCS, ferramentas, m\u00e1quinas, dentre outros\",\"description\":\"\",\"publisher\":{\"@id\":\"https:\/\/hidroeletricacenter.com.br\/lojaonline\/#organization\"},\"potentialAction\":[{\"@type\":\"SearchAction\",\"target\":{\"@type\":\"EntryPoint\",\"urlTemplate\":\"https:\/\/hidroeletricacenter.com.br\/lojaonline\/?s={search_term_string}\"},\"query-input\":\"required name=search_term_string\"}],\"inLanguage\":\"pt-BR\"},{\"@type\":\"Organization\",\"@id\":\"https:\/\/hidroeletricacenter.com.br\/lojaonline\/#organization\",\"name\":\"Hidroel\u00e9trica Center - Produtos el\u00e9tricos, EPIS, EPCS, ferramentas, m\u00e1quinas, dentre outros\",\"url\":\"https:\/\/hidroeletricacenter.com.br\/lojaonline\/\",\"logo\":{\"@type\":\"ImageObject\",\"inLanguage\":\"pt-BR\",\"@id\":\"https:\/\/hidroeletricacenter.com.br\/lojaonline\/#\/schema\/logo\/image\/\",\"url\":\"https:\/\/hidroeletricacenter.com.br\/lojaonline\/wp-content\/uploads\/2022\/01\/cropped-ico-hc.png\",\"contentUrl\":\"https:\/\/hidroeletricacenter.com.br\/lojaonline\/wp-content\/uploads\/2022\/01\/cropped-ico-hc.png\",\"width\":512,\"height\":512,\"caption\":\"Hidroel\u00e9trica Center - Produtos el\u00e9tricos, EPIS, EPCS, ferramentas, m\u00e1quinas, dentre outros\"},\"image\":{\"@id\":\"https:\/\/hidroeletricacenter.com.br\/lojaonline\/#\/schema\/logo\/image\/\"},\"sameAs\":[\"https:\/\/www.facebook.com\/hidroeletricacenter\",\"https:\/\/www.instagram.com\/hidroeletricacenter\"]}]}<\/script>\n<!-- \/ Yoast SEO plugin. -->","yoast_head_json":{"title":"N\u00edvel de Alum\u00ednio 12'' (42-072) PR\/AM Stanley - Hidroel\u00e9trica Center - Produtos el\u00e9tricos, EPIS, EPCS, ferramentas, m\u00e1quinas, dentre outros","robots":{"index":"index","follow":"follow","max-snippet":"max-snippet:-1","max-image-preview":"max-image-preview:large","max-video-preview":"max-video-preview:-1"},"canonical":"https:\/\/hidroeletricacenter.com.br\/lojaonline\/produto\/nivel-de-aluminio-12-42-072-pr-am-stanley\/","og_locale":"pt_BR","og_type":"article","og_title":"N\u00edvel de Alum\u00ednio 12'' (42-072) PR\/AM Stanley - Hidroel\u00e9trica Center - Produtos el\u00e9tricos, EPIS, EPCS, ferramentas, m\u00e1quinas, dentre outros","og_description":"Recursos:\u00a0 Desenho com leitura de topo que facilita a visualiza\u00e7\u00e3o Visor com bolhas amarelas para maior visibilidade Orif\u00edcio para pendurar, facilita o armazenamento Modelo com 2 Bolhas. Especifica\u00e7\u00f5es do Produto:\u00a0\u00a0 Indicado para nivelar objetos em tr\u00eas posi\u00e7\u00f5es, vertical, horizontal e angulada ( 45\u00ba ).","og_url":"https:\/\/hidroeletricacenter.com.br\/lojaonline\/produto\/nivel-de-aluminio-12-42-072-pr-am-stanley\/","og_site_name":"Hidroel\u00e9trica Center - Produtos el\u00e9tricos, EPIS, EPCS, ferramentas, m\u00e1quinas, dentre outros","article_publisher":"https:\/\/www.facebook.com\/hidroeletricacenter","article_modified_time":"2022-05-03T16:51:00+00:00","og_image":[{"width":500,"height":500,"url":"https:\/\/hidroeletricacenter.com.br\/lojaonline\/wp-content\/uploads\/2021\/09\/42-072-1.jpg","type":"image\/jpeg"}],"twitter_card":"summary_large_image","schema":{"@context":"https:\/\/schema.org","@graph":[{"@type":"WebPage","@id":"https:\/\/hidroeletricacenter.com.br\/lojaonline\/produto\/nivel-de-aluminio-12-42-072-pr-am-stanley\/","url":"https:\/\/hidroeletricacenter.com.br\/lojaonline\/produto\/nivel-de-aluminio-12-42-072-pr-am-stanley\/","name":"N\u00edvel de Alum\u00ednio 12'' (42-072) PR\/AM Stanley - Hidroel\u00e9trica Center - Produtos el\u00e9tricos, EPIS, EPCS, ferramentas, m\u00e1quinas, dentre outros","isPartOf":{"@id":"https:\/\/hidroeletricacenter.com.br\/lojaonline\/#website"},"datePublished":"2022-05-03T16:48:12+00:00","dateModified":"2022-05-03T16:51:00+00:00","breadcrumb":{"@id":"https:\/\/hidroeletricacenter.com.br\/lojaonline\/produto\/nivel-de-aluminio-12-42-072-pr-am-stanley\/#breadcrumb"},"inLanguage":"pt-BR","potentialAction":[{"@type":"ReadAction","target":["https:\/\/hidroeletricacenter.com.br\/lojaonline\/produto\/nivel-de-aluminio-12-42-072-pr-am-stanley\/"]}]},{"@type":"BreadcrumbList","@id":"https:\/\/hidroeletricacenter.com.br\/lojaonline\/produto\/nivel-de-aluminio-12-42-072-pr-am-stanley\/#breadcrumb","itemListElement":[{"@type":"ListItem","position":1,"name":"In\u00edcio","item":"https:\/\/hidroeletricacenter.com.br\/lojaonline\/"},{"@type":"ListItem","position":2,"name":"Produtos","item":"https:\/\/hidroeletricacenter.com.br\/lojaonline\/shop\/"},{"@type":"ListItem","position":3,"name":"N\u00edvel de Alum\u00ednio 12&#8221; (42-072) PR\/AM Stanley"}]},{"@type":"WebSite","@id":"https:\/\/hidroeletricacenter.com.br\/lojaonline\/#website","url":"https:\/\/hidroeletricacenter.com.br\/lojaonline\/","name":"Hidroel\u00e9trica Center - Produtos el\u00e9tricos, EPIS, EPCS, ferramentas, m\u00e1quinas, dentre outros","description":"","publisher":{"@id":"https:\/\/hidroeletricacenter.com.br\/lojaonline\/#organization"},"potentialAction":[{"@type":"SearchAction","target":{"@type":"EntryPoint","urlTemplate":"https:\/\/hidroeletricacenter.com.br\/lojaonline\/?s={search_term_string}"},"query-input":"required name=search_term_string"}],"inLanguage":"pt-BR"},{"@type":"Organization","@id":"https:\/\/hidroeletricacenter.com.br\/lojaonline\/#organization","name":"Hidroel\u00e9trica Center - Produtos el\u00e9tricos, EPIS, EPCS, ferramentas, m\u00e1quinas, dentre outros","url":"https:\/\/hidroeletricacenter.com.br\/lojaonline\/","logo":{"@type":"ImageObject","inLanguage":"pt-BR","@id":"https:\/\/hidroeletricacenter.com.br\/lojaonline\/#\/schema\/logo\/image\/","url":"https:\/\/hidroeletricacenter.com.br\/lojaonline\/wp-content\/uploads\/2022\/01\/cropped-ico-hc.png","contentUrl":"https:\/\/hidroeletricacenter.com.br\/lojaonline\/wp-content\/uploads\/2022\/01\/cropped-ico-hc.png","width":512,"height":512,"caption":"Hidroel\u00e9trica Center - Produtos el\u00e9tricos, EPIS, EPCS, ferramentas, m\u00e1quinas, dentre outros"},"image":{"@id":"https:\/\/hidroeletricacenter.com.br\/lojaonline\/#\/schema\/logo\/image\/"},"sameAs":["https:\/\/www.facebook.com\/hidroeletricacenter","https:\/\/www.instagram.com\/hidroeletricacenter"]}]}},"_links":{"self":[{"href":"https:\/\/hidroeletricacenter.com.br\/lojaonline\/wp-json\/wp\/v2\/product\/582","targetHints":{"allow":["GET"]}}],"collection":[{"href":"https:\/\/hidroeletricacenter.com.br\/lojaonline\/wp-json\/wp\/v2\/product"}],"about":[{"href":"https:\/\/hidroeletricacenter.com.br\/lojaonline\/wp-json\/wp\/v2\/types\/product"}],"version-history":[{"count":5,"href":"https:\/\/hidroeletricacenter.com.br\/lojaonline\/wp-json\/wp\/v2\/product\/582\/revisions"}],"predecessor-version":[{"id":2429,"href":"https:\/\/hidroeletricacenter.com.br\/lojaonline\/wp-json\/wp\/v2\/product\/582\/revisions\/2429"}],"wp:featuredmedia":[{"embeddable":true,"href":"https:\/\/hidroeletricacenter.com.br\/lojaonline\/wp-json\/wp\/v2\/media\/583"}],"wp:attachment":[{"href":"https:\/\/hidroeletricacenter.com.br\/lojaonline\/wp-json\/wp\/v2\/media?parent=582"}],"wp:term":[{"taxonomy":"product_cat","embeddable":true,"href":"https:\/\/hidroeletricacenter.com.br\/lojaonline\/wp-json\/wp\/v2\/product_cat?post=582"},{"taxonomy":"product_tag","embeddable":true,"href":"https:\/\/hidroeletricacenter.com.br\/lojaonline\/wp-json\/wp\/v2\/product_tag?post=582"}],"curies":[{"name":"wp","href":"https:\/\/api.w.org\/{rel}","templated":true}]}}