{"id":558,"date":"2022-05-05T15:14:29","date_gmt":"2022-05-05T18:14:29","guid":{"rendered":"https:\/\/hidroeletricacenter.com.br\/lojaonline\/?post_type=product&#038;p=558"},"modified":"2022-05-05T15:16:07","modified_gmt":"2022-05-05T18:16:07","slug":"jogo-de-ferramentas-profissionais-143-pecas-97-543-stanley","status":"publish","type":"product","link":"https:\/\/hidroeletricacenter.com.br\/lojaonline\/produto\/jogo-de-ferramentas-profissionais-143-pecas-97-543-stanley\/","title":{"rendered":"Jogo de Ferramentas Profissionais 143 pe\u00e7as (97-543) Stanley"},"content":{"rendered":"<p>Todos os componentes em a\u00e7o cromo van\u00e1dio estojo moldado.<\/p>\n<p><strong>Especifica\u00e7\u00f5es do Produto:<\/strong><\/p>\n<div id=\"\" class=\"sbd-stepContainer card\">\n<div id=\"collapse2\" class=\"collapse in\" aria-labelledby=\"heading2\" data-parent=\"#accordion\">\n<div class=\"card-body\">\n<div class=\"sbd-productSpecifications\">\n<ul>\n<li>Apertar E Desapertar Parafusos E Porcas Sextavadas, Parafusos Fenda, Phillips\u00ae, Hexagonais, Combinados Com Outras Ferramentas Manuais. Esta \u00c9 A Solu\u00e7\u00e3o Completa Para O Mec\u00e2nico.<\/li>\n<li>Drives: \u00bc&#8221;,3\/8&#8243;<\/li>\n<li>Conte\u00fado: Soquetes<\/li>\n<li>1\/4&#8243; Enc. Sextavado (10) 3\/16, 7\/32, 1\/4, 9\/32, 5\/16, 11\/32, 3\/8, 7\/16, 1\/2, 9\/16&#8243;<\/li>\n<li>1\/4&#8243; Enc. Sextavado (11) 4, 5, 5.5, 6, 7, 8, 9,10, 11, 12, 13 Mm<\/li>\n<li>3\/8&#8243; Enc. Estriado (8) 5\/16, 3\/8, 7\/16, 1\/2, 9\/16, 5\/8, 11\/16, 3\/4&#8243;<\/li>\n<li>3\/8&#8243; Enc. Estriado (8) 9, 10, 12, 13, 14, 15, 17,19 Mm<\/li>\n<li>3\/8&#8243; Enc. Sextavado Longo (5) 7\/16, 1\/2, 9\/16, 11\/16, 3\/4&#8243;<\/li>\n<li>3\/8&#8243; Enc. Sextavado Longo (5) 12, 13, 14, 15, 17 Mm<\/li>\n<li>Catraca 1\/4&#8243; Enc. (1)<\/li>\n<li>3\/8&#8243; Enc. (1)<\/li>\n<li>Extens\u00e3o<\/li>\n<li>1\/4&#8243; Enc. (1) 3&#8243;<\/li>\n<li>3\/8&#8243; Enc. (2) 3 &amp; 6&#8243;<\/li>\n<li>Soquete Para Velas<\/li>\n<li>3\/8&#8243; Enc. (2) 5\/8 &amp; 13\/16&#8243;<\/li>\n<li>Adaptador 3\/8&#8243;M A 1\/4&#8243;F (1)<\/li>\n<li>Chaves Combinadas (14)<\/li>\n<li>Jogo De Chaves Hexagonais (18)<\/li>\n<li>Pontas (55)<\/li>\n<li>Chaves De Fenda<\/li>\n<li>Fenda (1) (6.5 Mm) (1) (5 Mm)<\/li>\n<li>Phillips (1) #1 (1) #2<\/li>\n<li>Alicates Meia Cana<\/li>\n<li>(1)<\/li>\n<li>Alicate Bomba D\u2019\u00c1gua<\/li>\n<li>(1)<\/li>\n<li>(1) Estojo<\/li>\n<li>Contagem De Pe\u00e7as: 150<\/li>\n<li>Acabamento: Cromado<\/li>\n<\/ul>\n<\/div>\n<\/div>\n<\/div>\n<\/div>\n<div id=\"\" class=\"sbd-stepContainer card\">\n<div id=\"heading3\" class=\"card-header\"><\/div>\n<\/div>\n","protected":false},"excerpt":{"rendered":"<p>Todos os componentes em a\u00e7o cromo van\u00e1dio estojo moldado. Especifica\u00e7\u00f5es do Produto: Apertar E Desapertar Parafusos E Porcas Sextavadas, Parafusos Fenda, Phillips\u00ae, Hexagonais, Combinados Com Outras Ferramentas Manuais. Esta \u00c9 A Solu\u00e7\u00e3o Completa Para O Mec\u00e2nico. Drives: \u00bc&#8221;,3\/8&#8243; Conte\u00fado: Soquetes 1\/4&#8243; Enc. Sextavado (10) 3\/16, 7\/32, 1\/4, 9\/32, 5\/16, 11\/32, 3\/8, 7\/16, 1\/2, 9\/16&#8243; 1\/4&#8243; [&hellip;]<\/p>\n","protected":false},"featured_media":559,"template":"","meta":[],"product_cat":[],"product_tag":[],"class_list":["post-558","product","type-product","status-publish","has-post-thumbnail","hentry"],"yoast_head":"<!-- This site is optimized with the Yoast SEO plugin v21.0 - https:\/\/yoast.com\/wordpress\/plugins\/seo\/ -->\n<title>Jogo de Ferramentas Profissionais 143 pe\u00e7as (97-543) Stanley - Hidroel\u00e9trica Center - Produtos el\u00e9tricos, EPIS, EPCS, ferramentas, m\u00e1quinas, dentre outros<\/title>\n<meta name=\"robots\" content=\"index, follow, max-snippet:-1, max-image-preview:large, max-video-preview:-1\" \/>\n<link rel=\"canonical\" href=\"https:\/\/hidroeletricacenter.com.br\/lojaonline\/produto\/jogo-de-ferramentas-profissionais-143-pecas-97-543-stanley\/\" \/>\n<meta property=\"og:locale\" content=\"pt_BR\" \/>\n<meta property=\"og:type\" content=\"article\" \/>\n<meta property=\"og:title\" content=\"Jogo de Ferramentas Profissionais 143 pe\u00e7as (97-543) Stanley - Hidroel\u00e9trica Center - Produtos el\u00e9tricos, EPIS, EPCS, ferramentas, m\u00e1quinas, dentre outros\" \/>\n<meta property=\"og:description\" content=\"Todos os componentes em a\u00e7o cromo van\u00e1dio estojo moldado. Especifica\u00e7\u00f5es do Produto: Apertar E Desapertar Parafusos E Porcas Sextavadas, Parafusos Fenda, Phillips\u00ae, Hexagonais, Combinados Com Outras Ferramentas Manuais. Esta \u00c9 A Solu\u00e7\u00e3o Completa Para O Mec\u00e2nico. Drives: \u00bc&#8221;,3\/8&#8243; Conte\u00fado: Soquetes 1\/4&#8243; Enc. Sextavado (10) 3\/16, 7\/32, 1\/4, 9\/32, 5\/16, 11\/32, 3\/8, 7\/16, 1\/2, 9\/16&#8243; 1\/4&#8243; [&hellip;]\" \/>\n<meta property=\"og:url\" content=\"https:\/\/hidroeletricacenter.com.br\/lojaonline\/produto\/jogo-de-ferramentas-profissionais-143-pecas-97-543-stanley\/\" \/>\n<meta property=\"og:site_name\" content=\"Hidroel\u00e9trica Center - Produtos el\u00e9tricos, EPIS, EPCS, ferramentas, m\u00e1quinas, dentre outros\" \/>\n<meta property=\"article:publisher\" content=\"https:\/\/www.facebook.com\/hidroeletricacenter\" \/>\n<meta property=\"article:modified_time\" content=\"2022-05-05T18:16:07+00:00\" \/>\n<meta property=\"og:image\" content=\"https:\/\/hidroeletricacenter.com.br\/lojaonline\/wp-content\/uploads\/2021\/09\/97-543-1.jpg\" \/>\n\t<meta property=\"og:image:width\" content=\"1500\" \/>\n\t<meta property=\"og:image:height\" content=\"677\" \/>\n\t<meta property=\"og:image:type\" content=\"image\/jpeg\" \/>\n<meta name=\"twitter:card\" content=\"summary_large_image\" \/>\n<meta name=\"twitter:label1\" content=\"Est. tempo de leitura\" \/>\n\t<meta name=\"twitter:data1\" content=\"1 minuto\" \/>\n<script type=\"application\/ld+json\" class=\"yoast-schema-graph\">{\"@context\":\"https:\/\/schema.org\",\"@graph\":[{\"@type\":\"WebPage\",\"@id\":\"https:\/\/hidroeletricacenter.com.br\/lojaonline\/produto\/jogo-de-ferramentas-profissionais-143-pecas-97-543-stanley\/\",\"url\":\"https:\/\/hidroeletricacenter.com.br\/lojaonline\/produto\/jogo-de-ferramentas-profissionais-143-pecas-97-543-stanley\/\",\"name\":\"Jogo de Ferramentas Profissionais 143 pe\u00e7as (97-543) Stanley - Hidroel\u00e9trica Center - Produtos el\u00e9tricos, EPIS, EPCS, ferramentas, m\u00e1quinas, dentre outros\",\"isPartOf\":{\"@id\":\"https:\/\/hidroeletricacenter.com.br\/lojaonline\/#website\"},\"datePublished\":\"2022-05-05T18:14:29+00:00\",\"dateModified\":\"2022-05-05T18:16:07+00:00\",\"breadcrumb\":{\"@id\":\"https:\/\/hidroeletricacenter.com.br\/lojaonline\/produto\/jogo-de-ferramentas-profissionais-143-pecas-97-543-stanley\/#breadcrumb\"},\"inLanguage\":\"pt-BR\",\"potentialAction\":[{\"@type\":\"ReadAction\",\"target\":[\"https:\/\/hidroeletricacenter.com.br\/lojaonline\/produto\/jogo-de-ferramentas-profissionais-143-pecas-97-543-stanley\/\"]}]},{\"@type\":\"BreadcrumbList\",\"@id\":\"https:\/\/hidroeletricacenter.com.br\/lojaonline\/produto\/jogo-de-ferramentas-profissionais-143-pecas-97-543-stanley\/#breadcrumb\",\"itemListElement\":[{\"@type\":\"ListItem\",\"position\":1,\"name\":\"In\u00edcio\",\"item\":\"https:\/\/hidroeletricacenter.com.br\/lojaonline\/\"},{\"@type\":\"ListItem\",\"position\":2,\"name\":\"Produtos\",\"item\":\"https:\/\/hidroeletricacenter.com.br\/lojaonline\/shop\/\"},{\"@type\":\"ListItem\",\"position\":3,\"name\":\"Jogo de Ferramentas Profissionais 143 pe\u00e7as (97-543) Stanley\"}]},{\"@type\":\"WebSite\",\"@id\":\"https:\/\/hidroeletricacenter.com.br\/lojaonline\/#website\",\"url\":\"https:\/\/hidroeletricacenter.com.br\/lojaonline\/\",\"name\":\"Hidroel\u00e9trica Center - Produtos el\u00e9tricos, EPIS, EPCS, ferramentas, m\u00e1quinas, dentre outros\",\"description\":\"\",\"publisher\":{\"@id\":\"https:\/\/hidroeletricacenter.com.br\/lojaonline\/#organization\"},\"potentialAction\":[{\"@type\":\"SearchAction\",\"target\":{\"@type\":\"EntryPoint\",\"urlTemplate\":\"https:\/\/hidroeletricacenter.com.br\/lojaonline\/?s={search_term_string}\"},\"query-input\":\"required name=search_term_string\"}],\"inLanguage\":\"pt-BR\"},{\"@type\":\"Organization\",\"@id\":\"https:\/\/hidroeletricacenter.com.br\/lojaonline\/#organization\",\"name\":\"Hidroel\u00e9trica Center - Produtos el\u00e9tricos, EPIS, EPCS, ferramentas, m\u00e1quinas, dentre outros\",\"url\":\"https:\/\/hidroeletricacenter.com.br\/lojaonline\/\",\"logo\":{\"@type\":\"ImageObject\",\"inLanguage\":\"pt-BR\",\"@id\":\"https:\/\/hidroeletricacenter.com.br\/lojaonline\/#\/schema\/logo\/image\/\",\"url\":\"https:\/\/hidroeletricacenter.com.br\/lojaonline\/wp-content\/uploads\/2022\/01\/cropped-ico-hc.png\",\"contentUrl\":\"https:\/\/hidroeletricacenter.com.br\/lojaonline\/wp-content\/uploads\/2022\/01\/cropped-ico-hc.png\",\"width\":512,\"height\":512,\"caption\":\"Hidroel\u00e9trica Center - Produtos el\u00e9tricos, EPIS, EPCS, ferramentas, m\u00e1quinas, dentre outros\"},\"image\":{\"@id\":\"https:\/\/hidroeletricacenter.com.br\/lojaonline\/#\/schema\/logo\/image\/\"},\"sameAs\":[\"https:\/\/www.facebook.com\/hidroeletricacenter\",\"https:\/\/www.instagram.com\/hidroeletricacenter\"]}]}<\/script>\n<!-- \/ Yoast SEO plugin. -->","yoast_head_json":{"title":"Jogo de Ferramentas Profissionais 143 pe\u00e7as (97-543) Stanley - Hidroel\u00e9trica Center - Produtos el\u00e9tricos, EPIS, EPCS, ferramentas, m\u00e1quinas, dentre outros","robots":{"index":"index","follow":"follow","max-snippet":"max-snippet:-1","max-image-preview":"max-image-preview:large","max-video-preview":"max-video-preview:-1"},"canonical":"https:\/\/hidroeletricacenter.com.br\/lojaonline\/produto\/jogo-de-ferramentas-profissionais-143-pecas-97-543-stanley\/","og_locale":"pt_BR","og_type":"article","og_title":"Jogo de Ferramentas Profissionais 143 pe\u00e7as (97-543) Stanley - Hidroel\u00e9trica Center - Produtos el\u00e9tricos, EPIS, EPCS, ferramentas, m\u00e1quinas, dentre outros","og_description":"Todos os componentes em a\u00e7o cromo van\u00e1dio estojo moldado. Especifica\u00e7\u00f5es do Produto: Apertar E Desapertar Parafusos E Porcas Sextavadas, Parafusos Fenda, Phillips\u00ae, Hexagonais, Combinados Com Outras Ferramentas Manuais. Esta \u00c9 A Solu\u00e7\u00e3o Completa Para O Mec\u00e2nico. Drives: \u00bc&#8221;,3\/8&#8243; Conte\u00fado: Soquetes 1\/4&#8243; Enc. Sextavado (10) 3\/16, 7\/32, 1\/4, 9\/32, 5\/16, 11\/32, 3\/8, 7\/16, 1\/2, 9\/16&#8243; 1\/4&#8243; [&hellip;]","og_url":"https:\/\/hidroeletricacenter.com.br\/lojaonline\/produto\/jogo-de-ferramentas-profissionais-143-pecas-97-543-stanley\/","og_site_name":"Hidroel\u00e9trica Center - Produtos el\u00e9tricos, EPIS, EPCS, ferramentas, m\u00e1quinas, dentre outros","article_publisher":"https:\/\/www.facebook.com\/hidroeletricacenter","article_modified_time":"2022-05-05T18:16:07+00:00","og_image":[{"width":1500,"height":677,"url":"https:\/\/hidroeletricacenter.com.br\/lojaonline\/wp-content\/uploads\/2021\/09\/97-543-1.jpg","type":"image\/jpeg"}],"twitter_card":"summary_large_image","twitter_misc":{"Est. tempo de leitura":"1 minuto"},"schema":{"@context":"https:\/\/schema.org","@graph":[{"@type":"WebPage","@id":"https:\/\/hidroeletricacenter.com.br\/lojaonline\/produto\/jogo-de-ferramentas-profissionais-143-pecas-97-543-stanley\/","url":"https:\/\/hidroeletricacenter.com.br\/lojaonline\/produto\/jogo-de-ferramentas-profissionais-143-pecas-97-543-stanley\/","name":"Jogo de Ferramentas Profissionais 143 pe\u00e7as (97-543) Stanley - Hidroel\u00e9trica Center - Produtos el\u00e9tricos, EPIS, EPCS, ferramentas, m\u00e1quinas, dentre outros","isPartOf":{"@id":"https:\/\/hidroeletricacenter.com.br\/lojaonline\/#website"},"datePublished":"2022-05-05T18:14:29+00:00","dateModified":"2022-05-05T18:16:07+00:00","breadcrumb":{"@id":"https:\/\/hidroeletricacenter.com.br\/lojaonline\/produto\/jogo-de-ferramentas-profissionais-143-pecas-97-543-stanley\/#breadcrumb"},"inLanguage":"pt-BR","potentialAction":[{"@type":"ReadAction","target":["https:\/\/hidroeletricacenter.com.br\/lojaonline\/produto\/jogo-de-ferramentas-profissionais-143-pecas-97-543-stanley\/"]}]},{"@type":"BreadcrumbList","@id":"https:\/\/hidroeletricacenter.com.br\/lojaonline\/produto\/jogo-de-ferramentas-profissionais-143-pecas-97-543-stanley\/#breadcrumb","itemListElement":[{"@type":"ListItem","position":1,"name":"In\u00edcio","item":"https:\/\/hidroeletricacenter.com.br\/lojaonline\/"},{"@type":"ListItem","position":2,"name":"Produtos","item":"https:\/\/hidroeletricacenter.com.br\/lojaonline\/shop\/"},{"@type":"ListItem","position":3,"name":"Jogo de Ferramentas Profissionais 143 pe\u00e7as (97-543) Stanley"}]},{"@type":"WebSite","@id":"https:\/\/hidroeletricacenter.com.br\/lojaonline\/#website","url":"https:\/\/hidroeletricacenter.com.br\/lojaonline\/","name":"Hidroel\u00e9trica Center - Produtos el\u00e9tricos, EPIS, EPCS, ferramentas, m\u00e1quinas, dentre outros","description":"","publisher":{"@id":"https:\/\/hidroeletricacenter.com.br\/lojaonline\/#organization"},"potentialAction":[{"@type":"SearchAction","target":{"@type":"EntryPoint","urlTemplate":"https:\/\/hidroeletricacenter.com.br\/lojaonline\/?s={search_term_string}"},"query-input":"required name=search_term_string"}],"inLanguage":"pt-BR"},{"@type":"Organization","@id":"https:\/\/hidroeletricacenter.com.br\/lojaonline\/#organization","name":"Hidroel\u00e9trica Center - Produtos el\u00e9tricos, EPIS, EPCS, ferramentas, m\u00e1quinas, dentre outros","url":"https:\/\/hidroeletricacenter.com.br\/lojaonline\/","logo":{"@type":"ImageObject","inLanguage":"pt-BR","@id":"https:\/\/hidroeletricacenter.com.br\/lojaonline\/#\/schema\/logo\/image\/","url":"https:\/\/hidroeletricacenter.com.br\/lojaonline\/wp-content\/uploads\/2022\/01\/cropped-ico-hc.png","contentUrl":"https:\/\/hidroeletricacenter.com.br\/lojaonline\/wp-content\/uploads\/2022\/01\/cropped-ico-hc.png","width":512,"height":512,"caption":"Hidroel\u00e9trica Center - Produtos el\u00e9tricos, EPIS, EPCS, ferramentas, m\u00e1quinas, dentre outros"},"image":{"@id":"https:\/\/hidroeletricacenter.com.br\/lojaonline\/#\/schema\/logo\/image\/"},"sameAs":["https:\/\/www.facebook.com\/hidroeletricacenter","https:\/\/www.instagram.com\/hidroeletricacenter"]}]}},"_links":{"self":[{"href":"https:\/\/hidroeletricacenter.com.br\/lojaonline\/wp-json\/wp\/v2\/product\/558","targetHints":{"allow":["GET"]}}],"collection":[{"href":"https:\/\/hidroeletricacenter.com.br\/lojaonline\/wp-json\/wp\/v2\/product"}],"about":[{"href":"https:\/\/hidroeletricacenter.com.br\/lojaonline\/wp-json\/wp\/v2\/types\/product"}],"version-history":[{"count":4,"href":"https:\/\/hidroeletricacenter.com.br\/lojaonline\/wp-json\/wp\/v2\/product\/558\/revisions"}],"predecessor-version":[{"id":2508,"href":"https:\/\/hidroeletricacenter.com.br\/lojaonline\/wp-json\/wp\/v2\/product\/558\/revisions\/2508"}],"wp:featuredmedia":[{"embeddable":true,"href":"https:\/\/hidroeletricacenter.com.br\/lojaonline\/wp-json\/wp\/v2\/media\/559"}],"wp:attachment":[{"href":"https:\/\/hidroeletricacenter.com.br\/lojaonline\/wp-json\/wp\/v2\/media?parent=558"}],"wp:term":[{"taxonomy":"product_cat","embeddable":true,"href":"https:\/\/hidroeletricacenter.com.br\/lojaonline\/wp-json\/wp\/v2\/product_cat?post=558"},{"taxonomy":"product_tag","embeddable":true,"href":"https:\/\/hidroeletricacenter.com.br\/lojaonline\/wp-json\/wp\/v2\/product_tag?post=558"}],"curies":[{"name":"wp","href":"https:\/\/api.w.org\/{rel}","templated":true}]}}