{"id":472,"date":"2022-05-02T14:35:48","date_gmt":"2022-05-02T17:35:48","guid":{"rendered":"https:\/\/hidroeletricacenter.com.br\/lojaonline\/?post_type=product&#038;p=472"},"modified":"2022-05-05T13:50:34","modified_gmt":"2022-05-05T16:50:34","slug":"esmerilhad-4-1-2-115-1000w-g1011k-stgs1011-b2","status":"publish","type":"product","link":"https:\/\/hidroeletricacenter.com.br\/lojaonline\/produto\/esmerilhad-4-1-2-115-1000w-g1011k-stgs1011-b2\/","title":{"rendered":"Esmerilhadeira 4.1\/2&#8221;-115 1000W (STGS1011-B2)"},"content":{"rendered":"<ul>\n<li>Esmerilhadeira angular 4.1\/2&amp;quot<\/li>\n<li>(115mm)<\/li>\n<li>Pot\u00eancia de 1.000W<\/li>\n<li>Rota\u00e7\u00f5es por minuto: 11.000 RPM<\/li>\n<li>Empunhadura frontal emborrachada com desenho erg\u00f4nomico, se adapta facilmente a forma da m\u00e3o<\/li>\n<li>Empunhadura lateral com 3 posi\u00e7\u00f5es para melhor adapta\u00e7\u00e3o aos trabalhos<\/li>\n<li>Gatilho com trava para uso cont\u00ednuo, selado contra p\u00f3 e particulas de metal<\/li>\n<\/ul>\n","protected":false},"excerpt":{"rendered":"<p>Esmerilhadeira angular 4.1\/2&amp;quot (115mm) Pot\u00eancia de 1.000W Rota\u00e7\u00f5es por minuto: 11.000 RPM Empunhadura frontal emborrachada com desenho erg\u00f4nomico, se adapta facilmente a forma da m\u00e3o Empunhadura lateral com 3 posi\u00e7\u00f5es para melhor adapta\u00e7\u00e3o aos trabalhos Gatilho com trava para uso cont\u00ednuo, selado contra p\u00f3 e particulas de metal<\/p>\n","protected":false},"featured_media":473,"template":"","meta":[],"product_cat":[],"product_tag":[],"class_list":["post-472","product","type-product","status-publish","has-post-thumbnail","hentry"],"yoast_head":"<!-- This site is optimized with the Yoast SEO plugin v21.0 - https:\/\/yoast.com\/wordpress\/plugins\/seo\/ -->\n<title>Esmerilhadeira 4.1\/2&#039;&#039;-115 1000W (STGS1011-B2) - Hidroel\u00e9trica Center - Produtos el\u00e9tricos, EPIS, EPCS, ferramentas, m\u00e1quinas, dentre outros<\/title>\n<meta name=\"robots\" content=\"index, follow, max-snippet:-1, max-image-preview:large, max-video-preview:-1\" \/>\n<link rel=\"canonical\" href=\"https:\/\/hidroeletricacenter.com.br\/lojaonline\/produto\/esmerilhad-4-1-2-115-1000w-g1011k-stgs1011-b2\/\" \/>\n<meta property=\"og:locale\" content=\"pt_BR\" \/>\n<meta property=\"og:type\" content=\"article\" \/>\n<meta property=\"og:title\" content=\"Esmerilhadeira 4.1\/2&#039;&#039;-115 1000W (STGS1011-B2) - Hidroel\u00e9trica Center - Produtos el\u00e9tricos, EPIS, EPCS, ferramentas, m\u00e1quinas, dentre outros\" \/>\n<meta property=\"og:description\" content=\"Esmerilhadeira angular 4.1\/2&amp;quot (115mm) Pot\u00eancia de 1.000W Rota\u00e7\u00f5es por minuto: 11.000 RPM Empunhadura frontal emborrachada com desenho erg\u00f4nomico, se adapta facilmente a forma da m\u00e3o Empunhadura lateral com 3 posi\u00e7\u00f5es para melhor adapta\u00e7\u00e3o aos trabalhos Gatilho com trava para uso cont\u00ednuo, selado contra p\u00f3 e particulas de metal\" \/>\n<meta property=\"og:url\" content=\"https:\/\/hidroeletricacenter.com.br\/lojaonline\/produto\/esmerilhad-4-1-2-115-1000w-g1011k-stgs1011-b2\/\" \/>\n<meta property=\"og:site_name\" content=\"Hidroel\u00e9trica Center - Produtos el\u00e9tricos, EPIS, EPCS, ferramentas, m\u00e1quinas, dentre outros\" \/>\n<meta property=\"article:publisher\" content=\"https:\/\/www.facebook.com\/hidroeletricacenter\" \/>\n<meta property=\"article:modified_time\" content=\"2022-05-05T16:50:34+00:00\" \/>\n<meta property=\"og:image\" content=\"https:\/\/hidroeletricacenter.com.br\/lojaonline\/wp-content\/uploads\/2021\/09\/STGS1011-B2-1.jpg\" \/>\n\t<meta property=\"og:image:width\" content=\"463\" \/>\n\t<meta property=\"og:image:height\" content=\"463\" \/>\n\t<meta property=\"og:image:type\" content=\"image\/jpeg\" \/>\n<meta name=\"twitter:card\" content=\"summary_large_image\" \/>\n<script type=\"application\/ld+json\" class=\"yoast-schema-graph\">{\"@context\":\"https:\/\/schema.org\",\"@graph\":[{\"@type\":\"WebPage\",\"@id\":\"https:\/\/hidroeletricacenter.com.br\/lojaonline\/produto\/esmerilhad-4-1-2-115-1000w-g1011k-stgs1011-b2\/\",\"url\":\"https:\/\/hidroeletricacenter.com.br\/lojaonline\/produto\/esmerilhad-4-1-2-115-1000w-g1011k-stgs1011-b2\/\",\"name\":\"Esmerilhadeira 4.1\/2''-115 1000W (STGS1011-B2) - Hidroel\u00e9trica Center - Produtos el\u00e9tricos, EPIS, EPCS, ferramentas, m\u00e1quinas, dentre outros\",\"isPartOf\":{\"@id\":\"https:\/\/hidroeletricacenter.com.br\/lojaonline\/#website\"},\"datePublished\":\"2022-05-02T17:35:48+00:00\",\"dateModified\":\"2022-05-05T16:50:34+00:00\",\"breadcrumb\":{\"@id\":\"https:\/\/hidroeletricacenter.com.br\/lojaonline\/produto\/esmerilhad-4-1-2-115-1000w-g1011k-stgs1011-b2\/#breadcrumb\"},\"inLanguage\":\"pt-BR\",\"potentialAction\":[{\"@type\":\"ReadAction\",\"target\":[\"https:\/\/hidroeletricacenter.com.br\/lojaonline\/produto\/esmerilhad-4-1-2-115-1000w-g1011k-stgs1011-b2\/\"]}]},{\"@type\":\"BreadcrumbList\",\"@id\":\"https:\/\/hidroeletricacenter.com.br\/lojaonline\/produto\/esmerilhad-4-1-2-115-1000w-g1011k-stgs1011-b2\/#breadcrumb\",\"itemListElement\":[{\"@type\":\"ListItem\",\"position\":1,\"name\":\"In\u00edcio\",\"item\":\"https:\/\/hidroeletricacenter.com.br\/lojaonline\/\"},{\"@type\":\"ListItem\",\"position\":2,\"name\":\"Produtos\",\"item\":\"https:\/\/hidroeletricacenter.com.br\/lojaonline\/shop\/\"},{\"@type\":\"ListItem\",\"position\":3,\"name\":\"Esmerilhadeira 4.1\/2&#8221;-115 1000W (STGS1011-B2)\"}]},{\"@type\":\"WebSite\",\"@id\":\"https:\/\/hidroeletricacenter.com.br\/lojaonline\/#website\",\"url\":\"https:\/\/hidroeletricacenter.com.br\/lojaonline\/\",\"name\":\"Hidroel\u00e9trica Center - Produtos el\u00e9tricos, EPIS, EPCS, ferramentas, m\u00e1quinas, dentre outros\",\"description\":\"\",\"publisher\":{\"@id\":\"https:\/\/hidroeletricacenter.com.br\/lojaonline\/#organization\"},\"potentialAction\":[{\"@type\":\"SearchAction\",\"target\":{\"@type\":\"EntryPoint\",\"urlTemplate\":\"https:\/\/hidroeletricacenter.com.br\/lojaonline\/?s={search_term_string}\"},\"query-input\":\"required name=search_term_string\"}],\"inLanguage\":\"pt-BR\"},{\"@type\":\"Organization\",\"@id\":\"https:\/\/hidroeletricacenter.com.br\/lojaonline\/#organization\",\"name\":\"Hidroel\u00e9trica Center - Produtos el\u00e9tricos, EPIS, EPCS, ferramentas, m\u00e1quinas, dentre outros\",\"url\":\"https:\/\/hidroeletricacenter.com.br\/lojaonline\/\",\"logo\":{\"@type\":\"ImageObject\",\"inLanguage\":\"pt-BR\",\"@id\":\"https:\/\/hidroeletricacenter.com.br\/lojaonline\/#\/schema\/logo\/image\/\",\"url\":\"https:\/\/hidroeletricacenter.com.br\/lojaonline\/wp-content\/uploads\/2022\/01\/cropped-ico-hc.png\",\"contentUrl\":\"https:\/\/hidroeletricacenter.com.br\/lojaonline\/wp-content\/uploads\/2022\/01\/cropped-ico-hc.png\",\"width\":512,\"height\":512,\"caption\":\"Hidroel\u00e9trica Center - Produtos el\u00e9tricos, EPIS, EPCS, ferramentas, m\u00e1quinas, dentre outros\"},\"image\":{\"@id\":\"https:\/\/hidroeletricacenter.com.br\/lojaonline\/#\/schema\/logo\/image\/\"},\"sameAs\":[\"https:\/\/www.facebook.com\/hidroeletricacenter\",\"https:\/\/www.instagram.com\/hidroeletricacenter\"]}]}<\/script>\n<!-- \/ Yoast SEO plugin. -->","yoast_head_json":{"title":"Esmerilhadeira 4.1\/2''-115 1000W (STGS1011-B2) - Hidroel\u00e9trica Center - Produtos el\u00e9tricos, EPIS, EPCS, ferramentas, m\u00e1quinas, dentre outros","robots":{"index":"index","follow":"follow","max-snippet":"max-snippet:-1","max-image-preview":"max-image-preview:large","max-video-preview":"max-video-preview:-1"},"canonical":"https:\/\/hidroeletricacenter.com.br\/lojaonline\/produto\/esmerilhad-4-1-2-115-1000w-g1011k-stgs1011-b2\/","og_locale":"pt_BR","og_type":"article","og_title":"Esmerilhadeira 4.1\/2''-115 1000W (STGS1011-B2) - Hidroel\u00e9trica Center - Produtos el\u00e9tricos, EPIS, EPCS, ferramentas, m\u00e1quinas, dentre outros","og_description":"Esmerilhadeira angular 4.1\/2&amp;quot (115mm) Pot\u00eancia de 1.000W Rota\u00e7\u00f5es por minuto: 11.000 RPM Empunhadura frontal emborrachada com desenho erg\u00f4nomico, se adapta facilmente a forma da m\u00e3o Empunhadura lateral com 3 posi\u00e7\u00f5es para melhor adapta\u00e7\u00e3o aos trabalhos Gatilho com trava para uso cont\u00ednuo, selado contra p\u00f3 e particulas de metal","og_url":"https:\/\/hidroeletricacenter.com.br\/lojaonline\/produto\/esmerilhad-4-1-2-115-1000w-g1011k-stgs1011-b2\/","og_site_name":"Hidroel\u00e9trica Center - Produtos el\u00e9tricos, EPIS, EPCS, ferramentas, m\u00e1quinas, dentre outros","article_publisher":"https:\/\/www.facebook.com\/hidroeletricacenter","article_modified_time":"2022-05-05T16:50:34+00:00","og_image":[{"width":463,"height":463,"url":"https:\/\/hidroeletricacenter.com.br\/lojaonline\/wp-content\/uploads\/2021\/09\/STGS1011-B2-1.jpg","type":"image\/jpeg"}],"twitter_card":"summary_large_image","schema":{"@context":"https:\/\/schema.org","@graph":[{"@type":"WebPage","@id":"https:\/\/hidroeletricacenter.com.br\/lojaonline\/produto\/esmerilhad-4-1-2-115-1000w-g1011k-stgs1011-b2\/","url":"https:\/\/hidroeletricacenter.com.br\/lojaonline\/produto\/esmerilhad-4-1-2-115-1000w-g1011k-stgs1011-b2\/","name":"Esmerilhadeira 4.1\/2''-115 1000W (STGS1011-B2) - Hidroel\u00e9trica Center - Produtos el\u00e9tricos, EPIS, EPCS, ferramentas, m\u00e1quinas, dentre outros","isPartOf":{"@id":"https:\/\/hidroeletricacenter.com.br\/lojaonline\/#website"},"datePublished":"2022-05-02T17:35:48+00:00","dateModified":"2022-05-05T16:50:34+00:00","breadcrumb":{"@id":"https:\/\/hidroeletricacenter.com.br\/lojaonline\/produto\/esmerilhad-4-1-2-115-1000w-g1011k-stgs1011-b2\/#breadcrumb"},"inLanguage":"pt-BR","potentialAction":[{"@type":"ReadAction","target":["https:\/\/hidroeletricacenter.com.br\/lojaonline\/produto\/esmerilhad-4-1-2-115-1000w-g1011k-stgs1011-b2\/"]}]},{"@type":"BreadcrumbList","@id":"https:\/\/hidroeletricacenter.com.br\/lojaonline\/produto\/esmerilhad-4-1-2-115-1000w-g1011k-stgs1011-b2\/#breadcrumb","itemListElement":[{"@type":"ListItem","position":1,"name":"In\u00edcio","item":"https:\/\/hidroeletricacenter.com.br\/lojaonline\/"},{"@type":"ListItem","position":2,"name":"Produtos","item":"https:\/\/hidroeletricacenter.com.br\/lojaonline\/shop\/"},{"@type":"ListItem","position":3,"name":"Esmerilhadeira 4.1\/2&#8221;-115 1000W (STGS1011-B2)"}]},{"@type":"WebSite","@id":"https:\/\/hidroeletricacenter.com.br\/lojaonline\/#website","url":"https:\/\/hidroeletricacenter.com.br\/lojaonline\/","name":"Hidroel\u00e9trica Center - Produtos el\u00e9tricos, EPIS, EPCS, ferramentas, m\u00e1quinas, dentre outros","description":"","publisher":{"@id":"https:\/\/hidroeletricacenter.com.br\/lojaonline\/#organization"},"potentialAction":[{"@type":"SearchAction","target":{"@type":"EntryPoint","urlTemplate":"https:\/\/hidroeletricacenter.com.br\/lojaonline\/?s={search_term_string}"},"query-input":"required name=search_term_string"}],"inLanguage":"pt-BR"},{"@type":"Organization","@id":"https:\/\/hidroeletricacenter.com.br\/lojaonline\/#organization","name":"Hidroel\u00e9trica Center - Produtos el\u00e9tricos, EPIS, EPCS, ferramentas, m\u00e1quinas, dentre outros","url":"https:\/\/hidroeletricacenter.com.br\/lojaonline\/","logo":{"@type":"ImageObject","inLanguage":"pt-BR","@id":"https:\/\/hidroeletricacenter.com.br\/lojaonline\/#\/schema\/logo\/image\/","url":"https:\/\/hidroeletricacenter.com.br\/lojaonline\/wp-content\/uploads\/2022\/01\/cropped-ico-hc.png","contentUrl":"https:\/\/hidroeletricacenter.com.br\/lojaonline\/wp-content\/uploads\/2022\/01\/cropped-ico-hc.png","width":512,"height":512,"caption":"Hidroel\u00e9trica Center - Produtos el\u00e9tricos, EPIS, EPCS, ferramentas, m\u00e1quinas, dentre outros"},"image":{"@id":"https:\/\/hidroeletricacenter.com.br\/lojaonline\/#\/schema\/logo\/image\/"},"sameAs":["https:\/\/www.facebook.com\/hidroeletricacenter","https:\/\/www.instagram.com\/hidroeletricacenter"]}]}},"_links":{"self":[{"href":"https:\/\/hidroeletricacenter.com.br\/lojaonline\/wp-json\/wp\/v2\/product\/472","targetHints":{"allow":["GET"]}}],"collection":[{"href":"https:\/\/hidroeletricacenter.com.br\/lojaonline\/wp-json\/wp\/v2\/product"}],"about":[{"href":"https:\/\/hidroeletricacenter.com.br\/lojaonline\/wp-json\/wp\/v2\/types\/product"}],"version-history":[{"count":4,"href":"https:\/\/hidroeletricacenter.com.br\/lojaonline\/wp-json\/wp\/v2\/product\/472\/revisions"}],"predecessor-version":[{"id":2487,"href":"https:\/\/hidroeletricacenter.com.br\/lojaonline\/wp-json\/wp\/v2\/product\/472\/revisions\/2487"}],"wp:featuredmedia":[{"embeddable":true,"href":"https:\/\/hidroeletricacenter.com.br\/lojaonline\/wp-json\/wp\/v2\/media\/473"}],"wp:attachment":[{"href":"https:\/\/hidroeletricacenter.com.br\/lojaonline\/wp-json\/wp\/v2\/media?parent=472"}],"wp:term":[{"taxonomy":"product_cat","embeddable":true,"href":"https:\/\/hidroeletricacenter.com.br\/lojaonline\/wp-json\/wp\/v2\/product_cat?post=472"},{"taxonomy":"product_tag","embeddable":true,"href":"https:\/\/hidroeletricacenter.com.br\/lojaonline\/wp-json\/wp\/v2\/product_tag?post=472"}],"curies":[{"name":"wp","href":"https:\/\/api.w.org\/{rel}","templated":true}]}}