{"id":464,"date":"2022-05-04T12:59:51","date_gmt":"2022-05-04T15:59:51","guid":{"rendered":"https:\/\/hidroeletricacenter.com.br\/lojaonline\/?post_type=product&#038;p=464"},"modified":"2022-05-04T12:59:52","modified_gmt":"2022-05-04T15:59:52","slug":"disco-flap-7x7x7-8-gr-60-dw8323-ar","status":"publish","type":"product","link":"https:\/\/hidroeletricacenter.com.br\/lojaonline\/produto\/disco-flap-7x7x7-8-gr-60-dw8323-ar\/","title":{"rendered":"Disco Flap 7&#8221;x7x7\/8&#8221; GR 60 (DW8323-AR)"},"content":{"rendered":"<div id=\"features\" class=\"ork-product-features\">\n<ul>\n<li>Gr\u00e3os zirconados oferecem o m\u00e1ximo de efici\u00eancia nas opera\u00e7\u00f5es de remo\u00e7\u00e3o e acabamento.<\/li>\n<li>Remove material e d\u00e1 acabamento ao mesmo tempo, eliminando a troca de discos em trabalhos que requerem ambas as opera\u00e7\u00f5es.<\/li>\n<\/ul>\n<\/div>\n<div id=\"applications\" class=\"ork-product-applications\">\n<p><strong>APLICA\u00c7\u00d5ES<\/strong><\/p>\n<ul>\n<li>Remo\u00e7\u00e3o de material.<\/li>\n<li>Remoc\u00e3o e nivelamento em cord\u00f5es de solda.<\/li>\n<li>Chanfros.<\/li>\n<li>Rebarba\u00e7\u00e3o.<\/li>\n<li>Acabamento e limpeza.<\/li>\n<li>Prepara\u00e7\u00e3o de superf\u00edcie par apintura.<\/li>\n<\/ul>\n<\/div>\n","protected":false},"excerpt":{"rendered":"<p>Gr\u00e3os zirconados oferecem o m\u00e1ximo de efici\u00eancia nas opera\u00e7\u00f5es de remo\u00e7\u00e3o e acabamento. Remove material e d\u00e1 acabamento ao mesmo tempo, eliminando a troca de discos em trabalhos que requerem ambas as opera\u00e7\u00f5es. APLICA\u00c7\u00d5ES Remo\u00e7\u00e3o de material. Remoc\u00e3o e nivelamento em cord\u00f5es de solda. Chanfros. Rebarba\u00e7\u00e3o. Acabamento e limpeza. Prepara\u00e7\u00e3o de superf\u00edcie par apintura.<\/p>\n","protected":false},"featured_media":465,"template":"","meta":[],"product_cat":[],"product_tag":[],"class_list":["post-464","product","type-product","status-publish","has-post-thumbnail","hentry"],"yoast_head":"<!-- This site is optimized with the Yoast SEO plugin v21.0 - https:\/\/yoast.com\/wordpress\/plugins\/seo\/ -->\n<title>Disco Flap 7&#039;&#039;x7x7\/8&#039;&#039; GR 60 (DW8323-AR) - Hidroel\u00e9trica Center - Produtos el\u00e9tricos, EPIS, EPCS, ferramentas, m\u00e1quinas, dentre outros<\/title>\n<meta name=\"robots\" content=\"index, follow, max-snippet:-1, max-image-preview:large, max-video-preview:-1\" \/>\n<link rel=\"canonical\" href=\"https:\/\/hidroeletricacenter.com.br\/lojaonline\/produto\/disco-flap-7x7x7-8-gr-60-dw8323-ar\/\" \/>\n<meta property=\"og:locale\" content=\"pt_BR\" \/>\n<meta property=\"og:type\" content=\"article\" \/>\n<meta property=\"og:title\" content=\"Disco Flap 7&#039;&#039;x7x7\/8&#039;&#039; GR 60 (DW8323-AR) - Hidroel\u00e9trica Center - Produtos el\u00e9tricos, EPIS, EPCS, ferramentas, m\u00e1quinas, dentre outros\" \/>\n<meta property=\"og:description\" content=\"Gr\u00e3os zirconados oferecem o m\u00e1ximo de efici\u00eancia nas opera\u00e7\u00f5es de remo\u00e7\u00e3o e acabamento. Remove material e d\u00e1 acabamento ao mesmo tempo, eliminando a troca de discos em trabalhos que requerem ambas as opera\u00e7\u00f5es. APLICA\u00c7\u00d5ES Remo\u00e7\u00e3o de material. Remoc\u00e3o e nivelamento em cord\u00f5es de solda. Chanfros. Rebarba\u00e7\u00e3o. Acabamento e limpeza. Prepara\u00e7\u00e3o de superf\u00edcie par apintura.\" \/>\n<meta property=\"og:url\" content=\"https:\/\/hidroeletricacenter.com.br\/lojaonline\/produto\/disco-flap-7x7x7-8-gr-60-dw8323-ar\/\" \/>\n<meta property=\"og:site_name\" content=\"Hidroel\u00e9trica Center - Produtos el\u00e9tricos, EPIS, EPCS, ferramentas, m\u00e1quinas, dentre outros\" \/>\n<meta property=\"article:publisher\" content=\"https:\/\/www.facebook.com\/hidroeletricacenter\" \/>\n<meta property=\"article:modified_time\" content=\"2022-05-04T15:59:52+00:00\" \/>\n<meta property=\"og:image\" content=\"https:\/\/hidroeletricacenter.com.br\/lojaonline\/wp-content\/uploads\/2021\/09\/DW8323-1.jpg\" \/>\n\t<meta property=\"og:image:width\" content=\"588\" \/>\n\t<meta property=\"og:image:height\" content=\"591\" \/>\n\t<meta property=\"og:image:type\" content=\"image\/jpeg\" \/>\n<meta name=\"twitter:card\" content=\"summary_large_image\" \/>\n<script type=\"application\/ld+json\" class=\"yoast-schema-graph\">{\"@context\":\"https:\/\/schema.org\",\"@graph\":[{\"@type\":\"WebPage\",\"@id\":\"https:\/\/hidroeletricacenter.com.br\/lojaonline\/produto\/disco-flap-7x7x7-8-gr-60-dw8323-ar\/\",\"url\":\"https:\/\/hidroeletricacenter.com.br\/lojaonline\/produto\/disco-flap-7x7x7-8-gr-60-dw8323-ar\/\",\"name\":\"Disco Flap 7''x7x7\/8'' GR 60 (DW8323-AR) - Hidroel\u00e9trica Center - Produtos el\u00e9tricos, EPIS, EPCS, ferramentas, m\u00e1quinas, dentre outros\",\"isPartOf\":{\"@id\":\"https:\/\/hidroeletricacenter.com.br\/lojaonline\/#website\"},\"datePublished\":\"2022-05-04T15:59:51+00:00\",\"dateModified\":\"2022-05-04T15:59:52+00:00\",\"breadcrumb\":{\"@id\":\"https:\/\/hidroeletricacenter.com.br\/lojaonline\/produto\/disco-flap-7x7x7-8-gr-60-dw8323-ar\/#breadcrumb\"},\"inLanguage\":\"pt-BR\",\"potentialAction\":[{\"@type\":\"ReadAction\",\"target\":[\"https:\/\/hidroeletricacenter.com.br\/lojaonline\/produto\/disco-flap-7x7x7-8-gr-60-dw8323-ar\/\"]}]},{\"@type\":\"BreadcrumbList\",\"@id\":\"https:\/\/hidroeletricacenter.com.br\/lojaonline\/produto\/disco-flap-7x7x7-8-gr-60-dw8323-ar\/#breadcrumb\",\"itemListElement\":[{\"@type\":\"ListItem\",\"position\":1,\"name\":\"In\u00edcio\",\"item\":\"https:\/\/hidroeletricacenter.com.br\/lojaonline\/\"},{\"@type\":\"ListItem\",\"position\":2,\"name\":\"Produtos\",\"item\":\"https:\/\/hidroeletricacenter.com.br\/lojaonline\/shop\/\"},{\"@type\":\"ListItem\",\"position\":3,\"name\":\"Disco Flap 7&#8221;x7x7\/8&#8221; GR 60 (DW8323-AR)\"}]},{\"@type\":\"WebSite\",\"@id\":\"https:\/\/hidroeletricacenter.com.br\/lojaonline\/#website\",\"url\":\"https:\/\/hidroeletricacenter.com.br\/lojaonline\/\",\"name\":\"Hidroel\u00e9trica Center - Produtos el\u00e9tricos, EPIS, EPCS, ferramentas, m\u00e1quinas, dentre outros\",\"description\":\"\",\"publisher\":{\"@id\":\"https:\/\/hidroeletricacenter.com.br\/lojaonline\/#organization\"},\"potentialAction\":[{\"@type\":\"SearchAction\",\"target\":{\"@type\":\"EntryPoint\",\"urlTemplate\":\"https:\/\/hidroeletricacenter.com.br\/lojaonline\/?s={search_term_string}\"},\"query-input\":\"required name=search_term_string\"}],\"inLanguage\":\"pt-BR\"},{\"@type\":\"Organization\",\"@id\":\"https:\/\/hidroeletricacenter.com.br\/lojaonline\/#organization\",\"name\":\"Hidroel\u00e9trica Center - Produtos el\u00e9tricos, EPIS, EPCS, ferramentas, m\u00e1quinas, dentre outros\",\"url\":\"https:\/\/hidroeletricacenter.com.br\/lojaonline\/\",\"logo\":{\"@type\":\"ImageObject\",\"inLanguage\":\"pt-BR\",\"@id\":\"https:\/\/hidroeletricacenter.com.br\/lojaonline\/#\/schema\/logo\/image\/\",\"url\":\"https:\/\/hidroeletricacenter.com.br\/lojaonline\/wp-content\/uploads\/2022\/01\/cropped-ico-hc.png\",\"contentUrl\":\"https:\/\/hidroeletricacenter.com.br\/lojaonline\/wp-content\/uploads\/2022\/01\/cropped-ico-hc.png\",\"width\":512,\"height\":512,\"caption\":\"Hidroel\u00e9trica Center - Produtos el\u00e9tricos, EPIS, EPCS, ferramentas, m\u00e1quinas, dentre outros\"},\"image\":{\"@id\":\"https:\/\/hidroeletricacenter.com.br\/lojaonline\/#\/schema\/logo\/image\/\"},\"sameAs\":[\"https:\/\/www.facebook.com\/hidroeletricacenter\",\"https:\/\/www.instagram.com\/hidroeletricacenter\"]}]}<\/script>\n<!-- \/ Yoast SEO plugin. -->","yoast_head_json":{"title":"Disco Flap 7''x7x7\/8'' GR 60 (DW8323-AR) - Hidroel\u00e9trica Center - Produtos el\u00e9tricos, EPIS, EPCS, ferramentas, m\u00e1quinas, dentre outros","robots":{"index":"index","follow":"follow","max-snippet":"max-snippet:-1","max-image-preview":"max-image-preview:large","max-video-preview":"max-video-preview:-1"},"canonical":"https:\/\/hidroeletricacenter.com.br\/lojaonline\/produto\/disco-flap-7x7x7-8-gr-60-dw8323-ar\/","og_locale":"pt_BR","og_type":"article","og_title":"Disco Flap 7''x7x7\/8'' GR 60 (DW8323-AR) - Hidroel\u00e9trica Center - Produtos el\u00e9tricos, EPIS, EPCS, ferramentas, m\u00e1quinas, dentre outros","og_description":"Gr\u00e3os zirconados oferecem o m\u00e1ximo de efici\u00eancia nas opera\u00e7\u00f5es de remo\u00e7\u00e3o e acabamento. Remove material e d\u00e1 acabamento ao mesmo tempo, eliminando a troca de discos em trabalhos que requerem ambas as opera\u00e7\u00f5es. APLICA\u00c7\u00d5ES Remo\u00e7\u00e3o de material. Remoc\u00e3o e nivelamento em cord\u00f5es de solda. Chanfros. Rebarba\u00e7\u00e3o. Acabamento e limpeza. Prepara\u00e7\u00e3o de superf\u00edcie par apintura.","og_url":"https:\/\/hidroeletricacenter.com.br\/lojaonline\/produto\/disco-flap-7x7x7-8-gr-60-dw8323-ar\/","og_site_name":"Hidroel\u00e9trica Center - Produtos el\u00e9tricos, EPIS, EPCS, ferramentas, m\u00e1quinas, dentre outros","article_publisher":"https:\/\/www.facebook.com\/hidroeletricacenter","article_modified_time":"2022-05-04T15:59:52+00:00","og_image":[{"width":588,"height":591,"url":"https:\/\/hidroeletricacenter.com.br\/lojaonline\/wp-content\/uploads\/2021\/09\/DW8323-1.jpg","type":"image\/jpeg"}],"twitter_card":"summary_large_image","schema":{"@context":"https:\/\/schema.org","@graph":[{"@type":"WebPage","@id":"https:\/\/hidroeletricacenter.com.br\/lojaonline\/produto\/disco-flap-7x7x7-8-gr-60-dw8323-ar\/","url":"https:\/\/hidroeletricacenter.com.br\/lojaonline\/produto\/disco-flap-7x7x7-8-gr-60-dw8323-ar\/","name":"Disco Flap 7''x7x7\/8'' GR 60 (DW8323-AR) - Hidroel\u00e9trica Center - Produtos el\u00e9tricos, EPIS, EPCS, ferramentas, m\u00e1quinas, dentre outros","isPartOf":{"@id":"https:\/\/hidroeletricacenter.com.br\/lojaonline\/#website"},"datePublished":"2022-05-04T15:59:51+00:00","dateModified":"2022-05-04T15:59:52+00:00","breadcrumb":{"@id":"https:\/\/hidroeletricacenter.com.br\/lojaonline\/produto\/disco-flap-7x7x7-8-gr-60-dw8323-ar\/#breadcrumb"},"inLanguage":"pt-BR","potentialAction":[{"@type":"ReadAction","target":["https:\/\/hidroeletricacenter.com.br\/lojaonline\/produto\/disco-flap-7x7x7-8-gr-60-dw8323-ar\/"]}]},{"@type":"BreadcrumbList","@id":"https:\/\/hidroeletricacenter.com.br\/lojaonline\/produto\/disco-flap-7x7x7-8-gr-60-dw8323-ar\/#breadcrumb","itemListElement":[{"@type":"ListItem","position":1,"name":"In\u00edcio","item":"https:\/\/hidroeletricacenter.com.br\/lojaonline\/"},{"@type":"ListItem","position":2,"name":"Produtos","item":"https:\/\/hidroeletricacenter.com.br\/lojaonline\/shop\/"},{"@type":"ListItem","position":3,"name":"Disco Flap 7&#8221;x7x7\/8&#8221; GR 60 (DW8323-AR)"}]},{"@type":"WebSite","@id":"https:\/\/hidroeletricacenter.com.br\/lojaonline\/#website","url":"https:\/\/hidroeletricacenter.com.br\/lojaonline\/","name":"Hidroel\u00e9trica Center - Produtos el\u00e9tricos, EPIS, EPCS, ferramentas, m\u00e1quinas, dentre outros","description":"","publisher":{"@id":"https:\/\/hidroeletricacenter.com.br\/lojaonline\/#organization"},"potentialAction":[{"@type":"SearchAction","target":{"@type":"EntryPoint","urlTemplate":"https:\/\/hidroeletricacenter.com.br\/lojaonline\/?s={search_term_string}"},"query-input":"required name=search_term_string"}],"inLanguage":"pt-BR"},{"@type":"Organization","@id":"https:\/\/hidroeletricacenter.com.br\/lojaonline\/#organization","name":"Hidroel\u00e9trica Center - Produtos el\u00e9tricos, EPIS, EPCS, ferramentas, m\u00e1quinas, dentre outros","url":"https:\/\/hidroeletricacenter.com.br\/lojaonline\/","logo":{"@type":"ImageObject","inLanguage":"pt-BR","@id":"https:\/\/hidroeletricacenter.com.br\/lojaonline\/#\/schema\/logo\/image\/","url":"https:\/\/hidroeletricacenter.com.br\/lojaonline\/wp-content\/uploads\/2022\/01\/cropped-ico-hc.png","contentUrl":"https:\/\/hidroeletricacenter.com.br\/lojaonline\/wp-content\/uploads\/2022\/01\/cropped-ico-hc.png","width":512,"height":512,"caption":"Hidroel\u00e9trica Center - Produtos el\u00e9tricos, EPIS, EPCS, ferramentas, m\u00e1quinas, dentre outros"},"image":{"@id":"https:\/\/hidroeletricacenter.com.br\/lojaonline\/#\/schema\/logo\/image\/"},"sameAs":["https:\/\/www.facebook.com\/hidroeletricacenter","https:\/\/www.instagram.com\/hidroeletricacenter"]}]}},"_links":{"self":[{"href":"https:\/\/hidroeletricacenter.com.br\/lojaonline\/wp-json\/wp\/v2\/product\/464","targetHints":{"allow":["GET"]}}],"collection":[{"href":"https:\/\/hidroeletricacenter.com.br\/lojaonline\/wp-json\/wp\/v2\/product"}],"about":[{"href":"https:\/\/hidroeletricacenter.com.br\/lojaonline\/wp-json\/wp\/v2\/types\/product"}],"version-history":[{"count":1,"href":"https:\/\/hidroeletricacenter.com.br\/lojaonline\/wp-json\/wp\/v2\/product\/464\/revisions"}],"predecessor-version":[{"id":2484,"href":"https:\/\/hidroeletricacenter.com.br\/lojaonline\/wp-json\/wp\/v2\/product\/464\/revisions\/2484"}],"wp:featuredmedia":[{"embeddable":true,"href":"https:\/\/hidroeletricacenter.com.br\/lojaonline\/wp-json\/wp\/v2\/media\/465"}],"wp:attachment":[{"href":"https:\/\/hidroeletricacenter.com.br\/lojaonline\/wp-json\/wp\/v2\/media?parent=464"}],"wp:term":[{"taxonomy":"product_cat","embeddable":true,"href":"https:\/\/hidroeletricacenter.com.br\/lojaonline\/wp-json\/wp\/v2\/product_cat?post=464"},{"taxonomy":"product_tag","embeddable":true,"href":"https:\/\/hidroeletricacenter.com.br\/lojaonline\/wp-json\/wp\/v2\/product_tag?post=464"}],"curies":[{"name":"wp","href":"https:\/\/api.w.org\/{rel}","templated":true}]}}