{"id":362,"date":"2021-09-28T14:52:39","date_gmt":"2021-09-28T17:52:39","guid":{"rendered":"https:\/\/hidroeletricacenter.com.br\/lojaonline\/?post_type=product&#038;p=362"},"modified":"2022-10-11T15:33:01","modified_gmt":"2022-10-11T18:33:01","slug":"luva-temper-30c-80-400-gg-10-ca44673","status":"publish","type":"product","link":"https:\/\/hidroeletricacenter.com.br\/lojaonline\/produto\/luva-temper-30c-80-400-gg-10-ca44673\/","title":{"rendered":"Luva baixa temperatura at\u00e9 -30\u00b0C 80-400 CA44673 ANSELL"},"content":{"rendered":"<p><span style=\"color: #ff0000\"><strong>Excelente isolamento e manuseio confort\u00e1vel em baixas temperaturas.<\/strong><\/span><\/p>\n<p>&#8211; A ActivArmr 80-400 \u00e9 uma luva de uso geral concebida para oferecer um isolamento extraordin\u00e1rio em baixas temperaturas e altos n\u00edveis de conforto e ader\u00eancia.<\/p>\n<p>&#8211; Essa luva combina um forro acr\u00edlico de malha t\u00e9rmica felpuda com um revestimento de l\u00e1tex naturalmente isolante, garantindo excelente prote\u00e7\u00e3o contra o frio. A luva proporciona conforto<br \/>\ne prote\u00e7\u00e3o para o usu\u00e1rio em temperaturas de at\u00e9 -15\u00baC (contato prolongado) e de at\u00e9 -30\u00baC (contato r\u00e1pido ou intermitente).<\/p>\n<p>&#8211; Com um forro acr\u00edlico de malha felpuda amarela brilhante, a luva ActivArmr 80-400 oferece uma visibilidade super alta em condi\u00e7\u00f5es de ilumina\u00e7\u00e3o fraca ou reduzida. Essa visibilidade extra oferece uma seguran\u00e7a adicional para os que trabalham ao ar livre quando est\u00e1 escurecendo.<\/p>\n<p><strong>Ind\u00fastrias<\/strong><br \/>\nEstrutura<br \/>\nSilvicultura<\/p>\n<p><strong>Aplica\u00e7\u00f5es<\/strong><br \/>\nEnvio e carregamento de produto<br \/>\nConstru\u00e7\u00e3o civil<br \/>\nUtiliza\u00e7\u00e3o em \u00e1reas externas e frias<\/p>\n","protected":false},"excerpt":{"rendered":"<p>&nbsp;<\/p>\n<p>&nbsp;<\/p>\n","protected":false},"featured_media":363,"template":"","meta":[],"product_cat":[450,16,51],"product_tag":[],"class_list":["post-362","product","type-product","status-publish","has-post-thumbnail","hentry","product_cat-ansell","product_cat-epi","product_cat-luvas"],"yoast_head":"<!-- This site is optimized with the Yoast SEO plugin v21.0 - https:\/\/yoast.com\/wordpress\/plugins\/seo\/ -->\n<title>Luva baixa temperatura at\u00e9 -30\u00b0C 80-400 CA44673 ANSELL - Hidroel\u00e9trica Center - Produtos el\u00e9tricos, EPIS, EPCS, ferramentas, m\u00e1quinas, dentre outros<\/title>\n<meta name=\"robots\" content=\"index, follow, max-snippet:-1, max-image-preview:large, max-video-preview:-1\" \/>\n<link rel=\"canonical\" href=\"https:\/\/hidroeletricacenter.com.br\/lojaonline\/produto\/luva-temper-30c-80-400-gg-10-ca44673\/\" \/>\n<meta property=\"og:locale\" content=\"pt_BR\" \/>\n<meta property=\"og:type\" content=\"article\" \/>\n<meta property=\"og:title\" content=\"Luva baixa temperatura at\u00e9 -30\u00b0C 80-400 CA44673 ANSELL - Hidroel\u00e9trica Center - Produtos el\u00e9tricos, EPIS, EPCS, ferramentas, m\u00e1quinas, dentre outros\" \/>\n<meta property=\"og:description\" content=\"&nbsp;  &nbsp;\" \/>\n<meta property=\"og:url\" content=\"https:\/\/hidroeletricacenter.com.br\/lojaonline\/produto\/luva-temper-30c-80-400-gg-10-ca44673\/\" \/>\n<meta property=\"og:site_name\" content=\"Hidroel\u00e9trica Center - Produtos el\u00e9tricos, EPIS, EPCS, ferramentas, m\u00e1quinas, dentre outros\" \/>\n<meta property=\"article:publisher\" content=\"https:\/\/www.facebook.com\/hidroeletricacenter\" \/>\n<meta property=\"article:modified_time\" content=\"2022-10-11T18:33:01+00:00\" \/>\n<meta property=\"og:image\" content=\"https:\/\/hidroeletricacenter.com.br\/lojaonline\/wp-content\/uploads\/2021\/09\/80-400-1.jpg\" \/>\n\t<meta property=\"og:image:width\" content=\"399\" \/>\n\t<meta property=\"og:image:height\" content=\"299\" \/>\n\t<meta property=\"og:image:type\" content=\"image\/jpeg\" \/>\n<meta name=\"twitter:card\" content=\"summary_large_image\" \/>\n<meta name=\"twitter:label1\" content=\"Est. tempo de leitura\" \/>\n\t<meta name=\"twitter:data1\" content=\"1 minuto\" \/>\n<script type=\"application\/ld+json\" class=\"yoast-schema-graph\">{\"@context\":\"https:\/\/schema.org\",\"@graph\":[{\"@type\":\"WebPage\",\"@id\":\"https:\/\/hidroeletricacenter.com.br\/lojaonline\/produto\/luva-temper-30c-80-400-gg-10-ca44673\/\",\"url\":\"https:\/\/hidroeletricacenter.com.br\/lojaonline\/produto\/luva-temper-30c-80-400-gg-10-ca44673\/\",\"name\":\"Luva baixa temperatura at\u00e9 -30\u00b0C 80-400 CA44673 ANSELL - Hidroel\u00e9trica Center - Produtos el\u00e9tricos, EPIS, EPCS, ferramentas, m\u00e1quinas, dentre outros\",\"isPartOf\":{\"@id\":\"https:\/\/hidroeletricacenter.com.br\/lojaonline\/#website\"},\"datePublished\":\"2021-09-28T17:52:39+00:00\",\"dateModified\":\"2022-10-11T18:33:01+00:00\",\"breadcrumb\":{\"@id\":\"https:\/\/hidroeletricacenter.com.br\/lojaonline\/produto\/luva-temper-30c-80-400-gg-10-ca44673\/#breadcrumb\"},\"inLanguage\":\"pt-BR\",\"potentialAction\":[{\"@type\":\"ReadAction\",\"target\":[\"https:\/\/hidroeletricacenter.com.br\/lojaonline\/produto\/luva-temper-30c-80-400-gg-10-ca44673\/\"]}]},{\"@type\":\"BreadcrumbList\",\"@id\":\"https:\/\/hidroeletricacenter.com.br\/lojaonline\/produto\/luva-temper-30c-80-400-gg-10-ca44673\/#breadcrumb\",\"itemListElement\":[{\"@type\":\"ListItem\",\"position\":1,\"name\":\"In\u00edcio\",\"item\":\"https:\/\/hidroeletricacenter.com.br\/lojaonline\/\"},{\"@type\":\"ListItem\",\"position\":2,\"name\":\"Produtos\",\"item\":\"https:\/\/hidroeletricacenter.com.br\/lojaonline\/shop\/\"},{\"@type\":\"ListItem\",\"position\":3,\"name\":\"Luva baixa temperatura at\u00e9 -30\u00b0C 80-400 CA44673 ANSELL\"}]},{\"@type\":\"WebSite\",\"@id\":\"https:\/\/hidroeletricacenter.com.br\/lojaonline\/#website\",\"url\":\"https:\/\/hidroeletricacenter.com.br\/lojaonline\/\",\"name\":\"Hidroel\u00e9trica Center - Produtos el\u00e9tricos, EPIS, EPCS, ferramentas, m\u00e1quinas, dentre outros\",\"description\":\"\",\"publisher\":{\"@id\":\"https:\/\/hidroeletricacenter.com.br\/lojaonline\/#organization\"},\"potentialAction\":[{\"@type\":\"SearchAction\",\"target\":{\"@type\":\"EntryPoint\",\"urlTemplate\":\"https:\/\/hidroeletricacenter.com.br\/lojaonline\/?s={search_term_string}\"},\"query-input\":\"required name=search_term_string\"}],\"inLanguage\":\"pt-BR\"},{\"@type\":\"Organization\",\"@id\":\"https:\/\/hidroeletricacenter.com.br\/lojaonline\/#organization\",\"name\":\"Hidroel\u00e9trica Center - Produtos el\u00e9tricos, EPIS, EPCS, ferramentas, m\u00e1quinas, dentre outros\",\"url\":\"https:\/\/hidroeletricacenter.com.br\/lojaonline\/\",\"logo\":{\"@type\":\"ImageObject\",\"inLanguage\":\"pt-BR\",\"@id\":\"https:\/\/hidroeletricacenter.com.br\/lojaonline\/#\/schema\/logo\/image\/\",\"url\":\"https:\/\/hidroeletricacenter.com.br\/lojaonline\/wp-content\/uploads\/2022\/01\/cropped-ico-hc.png\",\"contentUrl\":\"https:\/\/hidroeletricacenter.com.br\/lojaonline\/wp-content\/uploads\/2022\/01\/cropped-ico-hc.png\",\"width\":512,\"height\":512,\"caption\":\"Hidroel\u00e9trica Center - Produtos el\u00e9tricos, EPIS, EPCS, ferramentas, m\u00e1quinas, dentre outros\"},\"image\":{\"@id\":\"https:\/\/hidroeletricacenter.com.br\/lojaonline\/#\/schema\/logo\/image\/\"},\"sameAs\":[\"https:\/\/www.facebook.com\/hidroeletricacenter\",\"https:\/\/www.instagram.com\/hidroeletricacenter\"]}]}<\/script>\n<!-- \/ Yoast SEO plugin. -->","yoast_head_json":{"title":"Luva baixa temperatura at\u00e9 -30\u00b0C 80-400 CA44673 ANSELL - Hidroel\u00e9trica Center - Produtos el\u00e9tricos, EPIS, EPCS, ferramentas, m\u00e1quinas, dentre outros","robots":{"index":"index","follow":"follow","max-snippet":"max-snippet:-1","max-image-preview":"max-image-preview:large","max-video-preview":"max-video-preview:-1"},"canonical":"https:\/\/hidroeletricacenter.com.br\/lojaonline\/produto\/luva-temper-30c-80-400-gg-10-ca44673\/","og_locale":"pt_BR","og_type":"article","og_title":"Luva baixa temperatura at\u00e9 -30\u00b0C 80-400 CA44673 ANSELL - Hidroel\u00e9trica Center - Produtos el\u00e9tricos, EPIS, EPCS, ferramentas, m\u00e1quinas, dentre outros","og_description":"&nbsp;  &nbsp;","og_url":"https:\/\/hidroeletricacenter.com.br\/lojaonline\/produto\/luva-temper-30c-80-400-gg-10-ca44673\/","og_site_name":"Hidroel\u00e9trica Center - Produtos el\u00e9tricos, EPIS, EPCS, ferramentas, m\u00e1quinas, dentre outros","article_publisher":"https:\/\/www.facebook.com\/hidroeletricacenter","article_modified_time":"2022-10-11T18:33:01+00:00","og_image":[{"width":399,"height":299,"url":"https:\/\/hidroeletricacenter.com.br\/lojaonline\/wp-content\/uploads\/2021\/09\/80-400-1.jpg","type":"image\/jpeg"}],"twitter_card":"summary_large_image","twitter_misc":{"Est. tempo de leitura":"1 minuto"},"schema":{"@context":"https:\/\/schema.org","@graph":[{"@type":"WebPage","@id":"https:\/\/hidroeletricacenter.com.br\/lojaonline\/produto\/luva-temper-30c-80-400-gg-10-ca44673\/","url":"https:\/\/hidroeletricacenter.com.br\/lojaonline\/produto\/luva-temper-30c-80-400-gg-10-ca44673\/","name":"Luva baixa temperatura at\u00e9 -30\u00b0C 80-400 CA44673 ANSELL - Hidroel\u00e9trica Center - Produtos el\u00e9tricos, EPIS, EPCS, ferramentas, m\u00e1quinas, dentre outros","isPartOf":{"@id":"https:\/\/hidroeletricacenter.com.br\/lojaonline\/#website"},"datePublished":"2021-09-28T17:52:39+00:00","dateModified":"2022-10-11T18:33:01+00:00","breadcrumb":{"@id":"https:\/\/hidroeletricacenter.com.br\/lojaonline\/produto\/luva-temper-30c-80-400-gg-10-ca44673\/#breadcrumb"},"inLanguage":"pt-BR","potentialAction":[{"@type":"ReadAction","target":["https:\/\/hidroeletricacenter.com.br\/lojaonline\/produto\/luva-temper-30c-80-400-gg-10-ca44673\/"]}]},{"@type":"BreadcrumbList","@id":"https:\/\/hidroeletricacenter.com.br\/lojaonline\/produto\/luva-temper-30c-80-400-gg-10-ca44673\/#breadcrumb","itemListElement":[{"@type":"ListItem","position":1,"name":"In\u00edcio","item":"https:\/\/hidroeletricacenter.com.br\/lojaonline\/"},{"@type":"ListItem","position":2,"name":"Produtos","item":"https:\/\/hidroeletricacenter.com.br\/lojaonline\/shop\/"},{"@type":"ListItem","position":3,"name":"Luva baixa temperatura at\u00e9 -30\u00b0C 80-400 CA44673 ANSELL"}]},{"@type":"WebSite","@id":"https:\/\/hidroeletricacenter.com.br\/lojaonline\/#website","url":"https:\/\/hidroeletricacenter.com.br\/lojaonline\/","name":"Hidroel\u00e9trica Center - Produtos el\u00e9tricos, EPIS, EPCS, ferramentas, m\u00e1quinas, dentre outros","description":"","publisher":{"@id":"https:\/\/hidroeletricacenter.com.br\/lojaonline\/#organization"},"potentialAction":[{"@type":"SearchAction","target":{"@type":"EntryPoint","urlTemplate":"https:\/\/hidroeletricacenter.com.br\/lojaonline\/?s={search_term_string}"},"query-input":"required name=search_term_string"}],"inLanguage":"pt-BR"},{"@type":"Organization","@id":"https:\/\/hidroeletricacenter.com.br\/lojaonline\/#organization","name":"Hidroel\u00e9trica Center - Produtos el\u00e9tricos, EPIS, EPCS, ferramentas, m\u00e1quinas, dentre outros","url":"https:\/\/hidroeletricacenter.com.br\/lojaonline\/","logo":{"@type":"ImageObject","inLanguage":"pt-BR","@id":"https:\/\/hidroeletricacenter.com.br\/lojaonline\/#\/schema\/logo\/image\/","url":"https:\/\/hidroeletricacenter.com.br\/lojaonline\/wp-content\/uploads\/2022\/01\/cropped-ico-hc.png","contentUrl":"https:\/\/hidroeletricacenter.com.br\/lojaonline\/wp-content\/uploads\/2022\/01\/cropped-ico-hc.png","width":512,"height":512,"caption":"Hidroel\u00e9trica Center - Produtos el\u00e9tricos, EPIS, EPCS, ferramentas, m\u00e1quinas, dentre outros"},"image":{"@id":"https:\/\/hidroeletricacenter.com.br\/lojaonline\/#\/schema\/logo\/image\/"},"sameAs":["https:\/\/www.facebook.com\/hidroeletricacenter","https:\/\/www.instagram.com\/hidroeletricacenter"]}]}},"_links":{"self":[{"href":"https:\/\/hidroeletricacenter.com.br\/lojaonline\/wp-json\/wp\/v2\/product\/362","targetHints":{"allow":["GET"]}}],"collection":[{"href":"https:\/\/hidroeletricacenter.com.br\/lojaonline\/wp-json\/wp\/v2\/product"}],"about":[{"href":"https:\/\/hidroeletricacenter.com.br\/lojaonline\/wp-json\/wp\/v2\/types\/product"}],"version-history":[{"count":5,"href":"https:\/\/hidroeletricacenter.com.br\/lojaonline\/wp-json\/wp\/v2\/product\/362\/revisions"}],"predecessor-version":[{"id":4269,"href":"https:\/\/hidroeletricacenter.com.br\/lojaonline\/wp-json\/wp\/v2\/product\/362\/revisions\/4269"}],"wp:featuredmedia":[{"embeddable":true,"href":"https:\/\/hidroeletricacenter.com.br\/lojaonline\/wp-json\/wp\/v2\/media\/363"}],"wp:attachment":[{"href":"https:\/\/hidroeletricacenter.com.br\/lojaonline\/wp-json\/wp\/v2\/media?parent=362"}],"wp:term":[{"taxonomy":"product_cat","embeddable":true,"href":"https:\/\/hidroeletricacenter.com.br\/lojaonline\/wp-json\/wp\/v2\/product_cat?post=362"},{"taxonomy":"product_tag","embeddable":true,"href":"https:\/\/hidroeletricacenter.com.br\/lojaonline\/wp-json\/wp\/v2\/product_tag?post=362"}],"curies":[{"name":"wp","href":"https:\/\/api.w.org\/{rel}","templated":true}]}}