{"id":327,"date":"2021-11-04T17:17:20","date_gmt":"2021-11-04T20:17:20","guid":{"rendered":"https:\/\/hidroeletricacenter.com.br\/lojaonline\/?post_type=product&#038;p=327"},"modified":"2022-10-11T15:32:53","modified_gmt":"2022-10-11T18:32:53","slug":"luva-nitrilica-asp-edge-48-919-vm-ca43203-ansell","status":"publish","type":"product","link":"https:\/\/hidroeletricacenter.com.br\/lojaonline\/produto\/luva-nitrilica-asp-edge-48-919-vm-ca43203-ansell\/","title":{"rendered":"Luva nitr\u00edlica\/asp Edge 48-919 VM CA43203 ANSELL"},"content":{"rendered":"<p><strong>Custo-benef\u00edcio para aplica\u00e7\u00f5es leves que exigem um revestimento dur\u00e1vel e ader\u00eancia segura lidando com \u00f3leo.<\/strong><\/p>\n<ul>\n<li>Forro sem costuras e banho total por imers\u00e3o em<br \/>\nnitrilo<\/li>\n<li>As luvas s\u00e3o totalmente revestidas por imers\u00e3o em<br \/>\nnitrilo para fornecer prote\u00e7\u00e3o contra \u00f3leos e outros<br \/>\nfluidos industriais<\/li>\n<li>Seu banho nitr\u00edlico \u00e9 rugoso na palma para garantir<br \/>\nader\u00eancia segura em ambientes oleosos<\/li>\n<li>Ideal para trabalhadores que manuseiam<br \/>\ncomponentes pequenos e m\u00e9dios com \u00f3leo ou<br \/>\nlubrificante<\/li>\n<\/ul>\n<p><strong>Ind\u00fastrias<\/strong><br \/>\nAutomotiva<br \/>\nEstrutura<br \/>\nM\u00e1quinas e equipamentos<br \/>\nFabrica\u00e7\u00e3o de metal<br \/>\nQu\u00edmica<br \/>\nPetr\u00f3leo e g\u00e1s<\/p>\n<p><strong>Aplica\u00e7\u00f5es<\/strong><br \/>\nMontagem de pe\u00e7as<br \/>\nManuten\u00e7\u00e3o<br \/>\nMetal\u00fargica<br \/>\nControle de qualidade<\/p>\n","protected":false},"excerpt":{"rendered":"<p>Custo-benef\u00edcio para aplica\u00e7\u00f5es leves que exigem um revestimento dur\u00e1vel e ader\u00eancia segura lidando com \u00f3leo. Forro sem costuras e banho total por imers\u00e3o em nitrilo As luvas s\u00e3o totalmente revestidas por imers\u00e3o em nitrilo para fornecer prote\u00e7\u00e3o contra \u00f3leos e outros fluidos industriais Seu banho nitr\u00edlico \u00e9 rugoso na palma para garantir ader\u00eancia segura em [&hellip;]<\/p>\n","protected":false},"featured_media":328,"template":"","meta":[],"product_cat":[450,16,51],"product_tag":[],"class_list":["post-327","product","type-product","status-publish","has-post-thumbnail","hentry","product_cat-ansell","product_cat-epi","product_cat-luvas"],"yoast_head":"<!-- This site is optimized with the Yoast SEO plugin v21.0 - https:\/\/yoast.com\/wordpress\/plugins\/seo\/ -->\n<title>Luva nitr\u00edlica\/asp Edge 48-919 VM CA43203 ANSELL - Hidroel\u00e9trica Center - Produtos el\u00e9tricos, EPIS, EPCS, ferramentas, m\u00e1quinas, dentre outros<\/title>\n<meta name=\"robots\" content=\"index, follow, max-snippet:-1, max-image-preview:large, max-video-preview:-1\" \/>\n<link rel=\"canonical\" href=\"https:\/\/hidroeletricacenter.com.br\/lojaonline\/produto\/luva-nitrilica-asp-edge-48-919-vm-ca43203-ansell\/\" \/>\n<meta property=\"og:locale\" content=\"pt_BR\" \/>\n<meta property=\"og:type\" content=\"article\" \/>\n<meta property=\"og:title\" content=\"Luva nitr\u00edlica\/asp Edge 48-919 VM CA43203 ANSELL - Hidroel\u00e9trica Center - Produtos el\u00e9tricos, EPIS, EPCS, ferramentas, m\u00e1quinas, dentre outros\" \/>\n<meta property=\"og:description\" content=\"Custo-benef\u00edcio para aplica\u00e7\u00f5es leves que exigem um revestimento dur\u00e1vel e ader\u00eancia segura lidando com \u00f3leo. Forro sem costuras e banho total por imers\u00e3o em nitrilo As luvas s\u00e3o totalmente revestidas por imers\u00e3o em nitrilo para fornecer prote\u00e7\u00e3o contra \u00f3leos e outros fluidos industriais Seu banho nitr\u00edlico \u00e9 rugoso na palma para garantir ader\u00eancia segura em [&hellip;]\" \/>\n<meta property=\"og:url\" content=\"https:\/\/hidroeletricacenter.com.br\/lojaonline\/produto\/luva-nitrilica-asp-edge-48-919-vm-ca43203-ansell\/\" \/>\n<meta property=\"og:site_name\" content=\"Hidroel\u00e9trica Center - Produtos el\u00e9tricos, EPIS, EPCS, ferramentas, m\u00e1quinas, dentre outros\" \/>\n<meta property=\"article:publisher\" content=\"https:\/\/www.facebook.com\/hidroeletricacenter\" \/>\n<meta property=\"article:modified_time\" content=\"2022-10-11T18:32:53+00:00\" \/>\n<meta property=\"og:image\" content=\"https:\/\/hidroeletricacenter.com.br\/lojaonline\/wp-content\/uploads\/2021\/09\/48-919-1.jpg\" \/>\n\t<meta property=\"og:image:width\" content=\"467\" \/>\n\t<meta property=\"og:image:height\" content=\"350\" \/>\n\t<meta property=\"og:image:type\" content=\"image\/jpeg\" \/>\n<meta name=\"twitter:card\" content=\"summary_large_image\" \/>\n<meta name=\"twitter:label1\" content=\"Est. tempo de leitura\" \/>\n\t<meta name=\"twitter:data1\" content=\"1 minuto\" \/>\n<script type=\"application\/ld+json\" class=\"yoast-schema-graph\">{\"@context\":\"https:\/\/schema.org\",\"@graph\":[{\"@type\":\"WebPage\",\"@id\":\"https:\/\/hidroeletricacenter.com.br\/lojaonline\/produto\/luva-nitrilica-asp-edge-48-919-vm-ca43203-ansell\/\",\"url\":\"https:\/\/hidroeletricacenter.com.br\/lojaonline\/produto\/luva-nitrilica-asp-edge-48-919-vm-ca43203-ansell\/\",\"name\":\"Luva nitr\u00edlica\/asp Edge 48-919 VM CA43203 ANSELL - Hidroel\u00e9trica Center - Produtos el\u00e9tricos, EPIS, EPCS, ferramentas, m\u00e1quinas, dentre outros\",\"isPartOf\":{\"@id\":\"https:\/\/hidroeletricacenter.com.br\/lojaonline\/#website\"},\"datePublished\":\"2021-11-04T20:17:20+00:00\",\"dateModified\":\"2022-10-11T18:32:53+00:00\",\"breadcrumb\":{\"@id\":\"https:\/\/hidroeletricacenter.com.br\/lojaonline\/produto\/luva-nitrilica-asp-edge-48-919-vm-ca43203-ansell\/#breadcrumb\"},\"inLanguage\":\"pt-BR\",\"potentialAction\":[{\"@type\":\"ReadAction\",\"target\":[\"https:\/\/hidroeletricacenter.com.br\/lojaonline\/produto\/luva-nitrilica-asp-edge-48-919-vm-ca43203-ansell\/\"]}]},{\"@type\":\"BreadcrumbList\",\"@id\":\"https:\/\/hidroeletricacenter.com.br\/lojaonline\/produto\/luva-nitrilica-asp-edge-48-919-vm-ca43203-ansell\/#breadcrumb\",\"itemListElement\":[{\"@type\":\"ListItem\",\"position\":1,\"name\":\"In\u00edcio\",\"item\":\"https:\/\/hidroeletricacenter.com.br\/lojaonline\/\"},{\"@type\":\"ListItem\",\"position\":2,\"name\":\"Produtos\",\"item\":\"https:\/\/hidroeletricacenter.com.br\/lojaonline\/shop\/\"},{\"@type\":\"ListItem\",\"position\":3,\"name\":\"Luva nitr\u00edlica\/asp Edge 48-919 VM CA43203 ANSELL\"}]},{\"@type\":\"WebSite\",\"@id\":\"https:\/\/hidroeletricacenter.com.br\/lojaonline\/#website\",\"url\":\"https:\/\/hidroeletricacenter.com.br\/lojaonline\/\",\"name\":\"Hidroel\u00e9trica Center - Produtos el\u00e9tricos, EPIS, EPCS, ferramentas, m\u00e1quinas, dentre outros\",\"description\":\"\",\"publisher\":{\"@id\":\"https:\/\/hidroeletricacenter.com.br\/lojaonline\/#organization\"},\"potentialAction\":[{\"@type\":\"SearchAction\",\"target\":{\"@type\":\"EntryPoint\",\"urlTemplate\":\"https:\/\/hidroeletricacenter.com.br\/lojaonline\/?s={search_term_string}\"},\"query-input\":\"required name=search_term_string\"}],\"inLanguage\":\"pt-BR\"},{\"@type\":\"Organization\",\"@id\":\"https:\/\/hidroeletricacenter.com.br\/lojaonline\/#organization\",\"name\":\"Hidroel\u00e9trica Center - Produtos el\u00e9tricos, EPIS, EPCS, ferramentas, m\u00e1quinas, dentre outros\",\"url\":\"https:\/\/hidroeletricacenter.com.br\/lojaonline\/\",\"logo\":{\"@type\":\"ImageObject\",\"inLanguage\":\"pt-BR\",\"@id\":\"https:\/\/hidroeletricacenter.com.br\/lojaonline\/#\/schema\/logo\/image\/\",\"url\":\"https:\/\/hidroeletricacenter.com.br\/lojaonline\/wp-content\/uploads\/2022\/01\/cropped-ico-hc.png\",\"contentUrl\":\"https:\/\/hidroeletricacenter.com.br\/lojaonline\/wp-content\/uploads\/2022\/01\/cropped-ico-hc.png\",\"width\":512,\"height\":512,\"caption\":\"Hidroel\u00e9trica Center - Produtos el\u00e9tricos, EPIS, EPCS, ferramentas, m\u00e1quinas, dentre outros\"},\"image\":{\"@id\":\"https:\/\/hidroeletricacenter.com.br\/lojaonline\/#\/schema\/logo\/image\/\"},\"sameAs\":[\"https:\/\/www.facebook.com\/hidroeletricacenter\",\"https:\/\/www.instagram.com\/hidroeletricacenter\"]}]}<\/script>\n<!-- \/ Yoast SEO plugin. -->","yoast_head_json":{"title":"Luva nitr\u00edlica\/asp Edge 48-919 VM CA43203 ANSELL - Hidroel\u00e9trica Center - Produtos el\u00e9tricos, EPIS, EPCS, ferramentas, m\u00e1quinas, dentre outros","robots":{"index":"index","follow":"follow","max-snippet":"max-snippet:-1","max-image-preview":"max-image-preview:large","max-video-preview":"max-video-preview:-1"},"canonical":"https:\/\/hidroeletricacenter.com.br\/lojaonline\/produto\/luva-nitrilica-asp-edge-48-919-vm-ca43203-ansell\/","og_locale":"pt_BR","og_type":"article","og_title":"Luva nitr\u00edlica\/asp Edge 48-919 VM CA43203 ANSELL - Hidroel\u00e9trica Center - Produtos el\u00e9tricos, EPIS, EPCS, ferramentas, m\u00e1quinas, dentre outros","og_description":"Custo-benef\u00edcio para aplica\u00e7\u00f5es leves que exigem um revestimento dur\u00e1vel e ader\u00eancia segura lidando com \u00f3leo. Forro sem costuras e banho total por imers\u00e3o em nitrilo As luvas s\u00e3o totalmente revestidas por imers\u00e3o em nitrilo para fornecer prote\u00e7\u00e3o contra \u00f3leos e outros fluidos industriais Seu banho nitr\u00edlico \u00e9 rugoso na palma para garantir ader\u00eancia segura em [&hellip;]","og_url":"https:\/\/hidroeletricacenter.com.br\/lojaonline\/produto\/luva-nitrilica-asp-edge-48-919-vm-ca43203-ansell\/","og_site_name":"Hidroel\u00e9trica Center - Produtos el\u00e9tricos, EPIS, EPCS, ferramentas, m\u00e1quinas, dentre outros","article_publisher":"https:\/\/www.facebook.com\/hidroeletricacenter","article_modified_time":"2022-10-11T18:32:53+00:00","og_image":[{"width":467,"height":350,"url":"https:\/\/hidroeletricacenter.com.br\/lojaonline\/wp-content\/uploads\/2021\/09\/48-919-1.jpg","type":"image\/jpeg"}],"twitter_card":"summary_large_image","twitter_misc":{"Est. tempo de leitura":"1 minuto"},"schema":{"@context":"https:\/\/schema.org","@graph":[{"@type":"WebPage","@id":"https:\/\/hidroeletricacenter.com.br\/lojaonline\/produto\/luva-nitrilica-asp-edge-48-919-vm-ca43203-ansell\/","url":"https:\/\/hidroeletricacenter.com.br\/lojaonline\/produto\/luva-nitrilica-asp-edge-48-919-vm-ca43203-ansell\/","name":"Luva nitr\u00edlica\/asp Edge 48-919 VM CA43203 ANSELL - Hidroel\u00e9trica Center - Produtos el\u00e9tricos, EPIS, EPCS, ferramentas, m\u00e1quinas, dentre outros","isPartOf":{"@id":"https:\/\/hidroeletricacenter.com.br\/lojaonline\/#website"},"datePublished":"2021-11-04T20:17:20+00:00","dateModified":"2022-10-11T18:32:53+00:00","breadcrumb":{"@id":"https:\/\/hidroeletricacenter.com.br\/lojaonline\/produto\/luva-nitrilica-asp-edge-48-919-vm-ca43203-ansell\/#breadcrumb"},"inLanguage":"pt-BR","potentialAction":[{"@type":"ReadAction","target":["https:\/\/hidroeletricacenter.com.br\/lojaonline\/produto\/luva-nitrilica-asp-edge-48-919-vm-ca43203-ansell\/"]}]},{"@type":"BreadcrumbList","@id":"https:\/\/hidroeletricacenter.com.br\/lojaonline\/produto\/luva-nitrilica-asp-edge-48-919-vm-ca43203-ansell\/#breadcrumb","itemListElement":[{"@type":"ListItem","position":1,"name":"In\u00edcio","item":"https:\/\/hidroeletricacenter.com.br\/lojaonline\/"},{"@type":"ListItem","position":2,"name":"Produtos","item":"https:\/\/hidroeletricacenter.com.br\/lojaonline\/shop\/"},{"@type":"ListItem","position":3,"name":"Luva nitr\u00edlica\/asp Edge 48-919 VM CA43203 ANSELL"}]},{"@type":"WebSite","@id":"https:\/\/hidroeletricacenter.com.br\/lojaonline\/#website","url":"https:\/\/hidroeletricacenter.com.br\/lojaonline\/","name":"Hidroel\u00e9trica Center - Produtos el\u00e9tricos, EPIS, EPCS, ferramentas, m\u00e1quinas, dentre outros","description":"","publisher":{"@id":"https:\/\/hidroeletricacenter.com.br\/lojaonline\/#organization"},"potentialAction":[{"@type":"SearchAction","target":{"@type":"EntryPoint","urlTemplate":"https:\/\/hidroeletricacenter.com.br\/lojaonline\/?s={search_term_string}"},"query-input":"required name=search_term_string"}],"inLanguage":"pt-BR"},{"@type":"Organization","@id":"https:\/\/hidroeletricacenter.com.br\/lojaonline\/#organization","name":"Hidroel\u00e9trica Center - Produtos el\u00e9tricos, EPIS, EPCS, ferramentas, m\u00e1quinas, dentre outros","url":"https:\/\/hidroeletricacenter.com.br\/lojaonline\/","logo":{"@type":"ImageObject","inLanguage":"pt-BR","@id":"https:\/\/hidroeletricacenter.com.br\/lojaonline\/#\/schema\/logo\/image\/","url":"https:\/\/hidroeletricacenter.com.br\/lojaonline\/wp-content\/uploads\/2022\/01\/cropped-ico-hc.png","contentUrl":"https:\/\/hidroeletricacenter.com.br\/lojaonline\/wp-content\/uploads\/2022\/01\/cropped-ico-hc.png","width":512,"height":512,"caption":"Hidroel\u00e9trica Center - Produtos el\u00e9tricos, EPIS, EPCS, ferramentas, m\u00e1quinas, dentre outros"},"image":{"@id":"https:\/\/hidroeletricacenter.com.br\/lojaonline\/#\/schema\/logo\/image\/"},"sameAs":["https:\/\/www.facebook.com\/hidroeletricacenter","https:\/\/www.instagram.com\/hidroeletricacenter"]}]}},"_links":{"self":[{"href":"https:\/\/hidroeletricacenter.com.br\/lojaonline\/wp-json\/wp\/v2\/product\/327","targetHints":{"allow":["GET"]}}],"collection":[{"href":"https:\/\/hidroeletricacenter.com.br\/lojaonline\/wp-json\/wp\/v2\/product"}],"about":[{"href":"https:\/\/hidroeletricacenter.com.br\/lojaonline\/wp-json\/wp\/v2\/types\/product"}],"version-history":[{"count":3,"href":"https:\/\/hidroeletricacenter.com.br\/lojaonline\/wp-json\/wp\/v2\/product\/327\/revisions"}],"predecessor-version":[{"id":2115,"href":"https:\/\/hidroeletricacenter.com.br\/lojaonline\/wp-json\/wp\/v2\/product\/327\/revisions\/2115"}],"wp:featuredmedia":[{"embeddable":true,"href":"https:\/\/hidroeletricacenter.com.br\/lojaonline\/wp-json\/wp\/v2\/media\/328"}],"wp:attachment":[{"href":"https:\/\/hidroeletricacenter.com.br\/lojaonline\/wp-json\/wp\/v2\/media?parent=327"}],"wp:term":[{"taxonomy":"product_cat","embeddable":true,"href":"https:\/\/hidroeletricacenter.com.br\/lojaonline\/wp-json\/wp\/v2\/product_cat?post=327"},{"taxonomy":"product_tag","embeddable":true,"href":"https:\/\/hidroeletricacenter.com.br\/lojaonline\/wp-json\/wp\/v2\/product_tag?post=327"}],"curies":[{"name":"wp","href":"https:\/\/api.w.org\/{rel}","templated":true}]}}