{"id":302,"date":"2021-11-04T16:31:16","date_gmt":"2021-11-04T19:31:16","guid":{"rendered":"https:\/\/hidroeletricacenter.com.br\/lojaonline\/?post_type=product&#038;p=302"},"modified":"2022-10-11T15:32:57","modified_gmt":"2022-10-11T18:32:57","slug":"luva-latex-algodao-powerfex-80-100-ca12509-ansell","status":"publish","type":"product","link":"https:\/\/hidroeletricacenter.com.br\/lojaonline\/produto\/luva-latex-algodao-powerfex-80-100-ca12509-ansell\/","title":{"rendered":"Luva l\u00e1tex \/algod\u00e3o Powerfex 80-100 CA12509 ANSELL"},"content":{"rendered":"<p><span style=\"color: #ff0000\"><strong>Extraordin\u00e1rio desempenho mec\u00e2nico com conforto e pega segura.<\/strong><\/span><\/p>\n<ul>\n<li>A luva ActivArmr 80-100 foi desenvolvida para<br \/>\nser utilizada em uma ampla variedade de<br \/>\naplica\u00e7\u00f5es de manuseio e transporte<br \/>\nPara produtividade e seguran\u00e7a ideais nos setores<br \/>\nde constru\u00e7\u00e3o, transporte, frete e recebimento de<br \/>\nmercadorias, a luva ActivArmr 80-100 \u00e9 a escolha<br \/>\nmais l\u00f3gica e inteligente.<\/li>\n<li>Gra\u00e7as ao seu revestimento de borracha natural, a<br \/>\nluva ActivArmr 80-100 oferece excelente<br \/>\ndesempenho mec\u00e2nico para m\u00e1xima prote\u00e7\u00e3o e<br \/>\ndurabilidade.<\/li>\n<li>O acabamento em l\u00e1tex com textura amassada em<br \/>\nalto relevo proporciona \u00e0 luva excelente ader\u00eancia,<br \/>\ntanto em condi\u00e7\u00f5es \u00famidas quanto secas<\/li>\n<li>O forro oferece uma superf\u00edcie interna bem<br \/>\nesticada para excelente adapta\u00e7\u00e3o e flexibilidade<\/li>\n<\/ul>\n<p><strong>Ind\u00fastrias<\/strong><br \/>\nM\u00e1quinas e equipamentos<\/p>\n<p><strong>Aplica\u00e7\u00f5es<\/strong><br \/>\nColeta de blocos e cilindros em estado bruto<br \/>\nColeta e acabamento de pe\u00e7as estruturais<br \/>\nCarga e descarga de pe\u00e7as ou caixas com sem acabamento<br \/>\nEscolha de pe\u00e7as e acess\u00f3rios<br \/>\nMontagem final<br \/>\nCarregamento de mat\u00e9ria-prima<br \/>\nDescarga de pe\u00e7as trabalhadas<\/p>\n","protected":false},"excerpt":{"rendered":"<p>Extraordin\u00e1rio desempenho mec\u00e2nico com conforto e pega segura. A luva ActivArmr 80-100 foi desenvolvida para ser utilizada em uma ampla variedade de aplica\u00e7\u00f5es de manuseio e transporte Para produtividade e seguran\u00e7a ideais nos setores de constru\u00e7\u00e3o, transporte, frete e recebimento de mercadorias, a luva ActivArmr 80-100 \u00e9 a escolha mais l\u00f3gica e inteligente. Gra\u00e7as ao [&hellip;]<\/p>\n","protected":false},"featured_media":387,"template":"","meta":[],"product_cat":[450,16,51],"product_tag":[],"class_list":["post-302","product","type-product","status-publish","has-post-thumbnail","hentry","product_cat-ansell","product_cat-epi","product_cat-luvas"],"yoast_head":"<!-- This site is optimized with the Yoast SEO plugin v21.0 - https:\/\/yoast.com\/wordpress\/plugins\/seo\/ -->\n<title>Luva l\u00e1tex \/algod\u00e3o Powerfex 80-100 CA12509 ANSELL - Hidroel\u00e9trica Center - Produtos el\u00e9tricos, EPIS, EPCS, ferramentas, m\u00e1quinas, dentre outros<\/title>\n<meta name=\"robots\" content=\"index, follow, max-snippet:-1, max-image-preview:large, max-video-preview:-1\" \/>\n<link rel=\"canonical\" href=\"https:\/\/hidroeletricacenter.com.br\/lojaonline\/produto\/luva-latex-algodao-powerfex-80-100-ca12509-ansell\/\" \/>\n<meta property=\"og:locale\" content=\"pt_BR\" \/>\n<meta property=\"og:type\" content=\"article\" \/>\n<meta property=\"og:title\" content=\"Luva l\u00e1tex \/algod\u00e3o Powerfex 80-100 CA12509 ANSELL - Hidroel\u00e9trica Center - Produtos el\u00e9tricos, EPIS, EPCS, ferramentas, m\u00e1quinas, dentre outros\" \/>\n<meta property=\"og:description\" content=\"Extraordin\u00e1rio desempenho mec\u00e2nico com conforto e pega segura. A luva ActivArmr 80-100 foi desenvolvida para ser utilizada em uma ampla variedade de aplica\u00e7\u00f5es de manuseio e transporte Para produtividade e seguran\u00e7a ideais nos setores de constru\u00e7\u00e3o, transporte, frete e recebimento de mercadorias, a luva ActivArmr 80-100 \u00e9 a escolha mais l\u00f3gica e inteligente. Gra\u00e7as ao [&hellip;]\" \/>\n<meta property=\"og:url\" content=\"https:\/\/hidroeletricacenter.com.br\/lojaonline\/produto\/luva-latex-algodao-powerfex-80-100-ca12509-ansell\/\" \/>\n<meta property=\"og:site_name\" content=\"Hidroel\u00e9trica Center - Produtos el\u00e9tricos, EPIS, EPCS, ferramentas, m\u00e1quinas, dentre outros\" \/>\n<meta property=\"article:publisher\" content=\"https:\/\/www.facebook.com\/hidroeletricacenter\" \/>\n<meta property=\"article:modified_time\" content=\"2022-10-11T18:32:57+00:00\" \/>\n<meta property=\"og:image\" content=\"https:\/\/hidroeletricacenter.com.br\/lojaonline\/wp-content\/uploads\/2021\/09\/80-100-1-1.jpg\" \/>\n\t<meta property=\"og:image:width\" content=\"467\" \/>\n\t<meta property=\"og:image:height\" content=\"350\" \/>\n\t<meta property=\"og:image:type\" content=\"image\/jpeg\" \/>\n<meta name=\"twitter:card\" content=\"summary_large_image\" \/>\n<meta name=\"twitter:label1\" content=\"Est. tempo de leitura\" \/>\n\t<meta name=\"twitter:data1\" content=\"1 minuto\" \/>\n<script type=\"application\/ld+json\" class=\"yoast-schema-graph\">{\"@context\":\"https:\/\/schema.org\",\"@graph\":[{\"@type\":\"WebPage\",\"@id\":\"https:\/\/hidroeletricacenter.com.br\/lojaonline\/produto\/luva-latex-algodao-powerfex-80-100-ca12509-ansell\/\",\"url\":\"https:\/\/hidroeletricacenter.com.br\/lojaonline\/produto\/luva-latex-algodao-powerfex-80-100-ca12509-ansell\/\",\"name\":\"Luva l\u00e1tex \/algod\u00e3o Powerfex 80-100 CA12509 ANSELL - Hidroel\u00e9trica Center - Produtos el\u00e9tricos, EPIS, EPCS, ferramentas, m\u00e1quinas, dentre outros\",\"isPartOf\":{\"@id\":\"https:\/\/hidroeletricacenter.com.br\/lojaonline\/#website\"},\"datePublished\":\"2021-11-04T19:31:16+00:00\",\"dateModified\":\"2022-10-11T18:32:57+00:00\",\"breadcrumb\":{\"@id\":\"https:\/\/hidroeletricacenter.com.br\/lojaonline\/produto\/luva-latex-algodao-powerfex-80-100-ca12509-ansell\/#breadcrumb\"},\"inLanguage\":\"pt-BR\",\"potentialAction\":[{\"@type\":\"ReadAction\",\"target\":[\"https:\/\/hidroeletricacenter.com.br\/lojaonline\/produto\/luva-latex-algodao-powerfex-80-100-ca12509-ansell\/\"]}]},{\"@type\":\"BreadcrumbList\",\"@id\":\"https:\/\/hidroeletricacenter.com.br\/lojaonline\/produto\/luva-latex-algodao-powerfex-80-100-ca12509-ansell\/#breadcrumb\",\"itemListElement\":[{\"@type\":\"ListItem\",\"position\":1,\"name\":\"In\u00edcio\",\"item\":\"https:\/\/hidroeletricacenter.com.br\/lojaonline\/\"},{\"@type\":\"ListItem\",\"position\":2,\"name\":\"Produtos\",\"item\":\"https:\/\/hidroeletricacenter.com.br\/lojaonline\/shop\/\"},{\"@type\":\"ListItem\",\"position\":3,\"name\":\"Luva l\u00e1tex \/algod\u00e3o Powerfex 80-100 CA12509 ANSELL\"}]},{\"@type\":\"WebSite\",\"@id\":\"https:\/\/hidroeletricacenter.com.br\/lojaonline\/#website\",\"url\":\"https:\/\/hidroeletricacenter.com.br\/lojaonline\/\",\"name\":\"Hidroel\u00e9trica Center - Produtos el\u00e9tricos, EPIS, EPCS, ferramentas, m\u00e1quinas, dentre outros\",\"description\":\"\",\"publisher\":{\"@id\":\"https:\/\/hidroeletricacenter.com.br\/lojaonline\/#organization\"},\"potentialAction\":[{\"@type\":\"SearchAction\",\"target\":{\"@type\":\"EntryPoint\",\"urlTemplate\":\"https:\/\/hidroeletricacenter.com.br\/lojaonline\/?s={search_term_string}\"},\"query-input\":\"required name=search_term_string\"}],\"inLanguage\":\"pt-BR\"},{\"@type\":\"Organization\",\"@id\":\"https:\/\/hidroeletricacenter.com.br\/lojaonline\/#organization\",\"name\":\"Hidroel\u00e9trica Center - Produtos el\u00e9tricos, EPIS, EPCS, ferramentas, m\u00e1quinas, dentre outros\",\"url\":\"https:\/\/hidroeletricacenter.com.br\/lojaonline\/\",\"logo\":{\"@type\":\"ImageObject\",\"inLanguage\":\"pt-BR\",\"@id\":\"https:\/\/hidroeletricacenter.com.br\/lojaonline\/#\/schema\/logo\/image\/\",\"url\":\"https:\/\/hidroeletricacenter.com.br\/lojaonline\/wp-content\/uploads\/2022\/01\/cropped-ico-hc.png\",\"contentUrl\":\"https:\/\/hidroeletricacenter.com.br\/lojaonline\/wp-content\/uploads\/2022\/01\/cropped-ico-hc.png\",\"width\":512,\"height\":512,\"caption\":\"Hidroel\u00e9trica Center - Produtos el\u00e9tricos, EPIS, EPCS, ferramentas, m\u00e1quinas, dentre outros\"},\"image\":{\"@id\":\"https:\/\/hidroeletricacenter.com.br\/lojaonline\/#\/schema\/logo\/image\/\"},\"sameAs\":[\"https:\/\/www.facebook.com\/hidroeletricacenter\",\"https:\/\/www.instagram.com\/hidroeletricacenter\"]}]}<\/script>\n<!-- \/ Yoast SEO plugin. -->","yoast_head_json":{"title":"Luva l\u00e1tex \/algod\u00e3o Powerfex 80-100 CA12509 ANSELL - Hidroel\u00e9trica Center - Produtos el\u00e9tricos, EPIS, EPCS, ferramentas, m\u00e1quinas, dentre outros","robots":{"index":"index","follow":"follow","max-snippet":"max-snippet:-1","max-image-preview":"max-image-preview:large","max-video-preview":"max-video-preview:-1"},"canonical":"https:\/\/hidroeletricacenter.com.br\/lojaonline\/produto\/luva-latex-algodao-powerfex-80-100-ca12509-ansell\/","og_locale":"pt_BR","og_type":"article","og_title":"Luva l\u00e1tex \/algod\u00e3o Powerfex 80-100 CA12509 ANSELL - Hidroel\u00e9trica Center - Produtos el\u00e9tricos, EPIS, EPCS, ferramentas, m\u00e1quinas, dentre outros","og_description":"Extraordin\u00e1rio desempenho mec\u00e2nico com conforto e pega segura. A luva ActivArmr 80-100 foi desenvolvida para ser utilizada em uma ampla variedade de aplica\u00e7\u00f5es de manuseio e transporte Para produtividade e seguran\u00e7a ideais nos setores de constru\u00e7\u00e3o, transporte, frete e recebimento de mercadorias, a luva ActivArmr 80-100 \u00e9 a escolha mais l\u00f3gica e inteligente. Gra\u00e7as ao [&hellip;]","og_url":"https:\/\/hidroeletricacenter.com.br\/lojaonline\/produto\/luva-latex-algodao-powerfex-80-100-ca12509-ansell\/","og_site_name":"Hidroel\u00e9trica Center - Produtos el\u00e9tricos, EPIS, EPCS, ferramentas, m\u00e1quinas, dentre outros","article_publisher":"https:\/\/www.facebook.com\/hidroeletricacenter","article_modified_time":"2022-10-11T18:32:57+00:00","og_image":[{"width":467,"height":350,"url":"https:\/\/hidroeletricacenter.com.br\/lojaonline\/wp-content\/uploads\/2021\/09\/80-100-1-1.jpg","type":"image\/jpeg"}],"twitter_card":"summary_large_image","twitter_misc":{"Est. tempo de leitura":"1 minuto"},"schema":{"@context":"https:\/\/schema.org","@graph":[{"@type":"WebPage","@id":"https:\/\/hidroeletricacenter.com.br\/lojaonline\/produto\/luva-latex-algodao-powerfex-80-100-ca12509-ansell\/","url":"https:\/\/hidroeletricacenter.com.br\/lojaonline\/produto\/luva-latex-algodao-powerfex-80-100-ca12509-ansell\/","name":"Luva l\u00e1tex \/algod\u00e3o Powerfex 80-100 CA12509 ANSELL - Hidroel\u00e9trica Center - Produtos el\u00e9tricos, EPIS, EPCS, ferramentas, m\u00e1quinas, dentre outros","isPartOf":{"@id":"https:\/\/hidroeletricacenter.com.br\/lojaonline\/#website"},"datePublished":"2021-11-04T19:31:16+00:00","dateModified":"2022-10-11T18:32:57+00:00","breadcrumb":{"@id":"https:\/\/hidroeletricacenter.com.br\/lojaonline\/produto\/luva-latex-algodao-powerfex-80-100-ca12509-ansell\/#breadcrumb"},"inLanguage":"pt-BR","potentialAction":[{"@type":"ReadAction","target":["https:\/\/hidroeletricacenter.com.br\/lojaonline\/produto\/luva-latex-algodao-powerfex-80-100-ca12509-ansell\/"]}]},{"@type":"BreadcrumbList","@id":"https:\/\/hidroeletricacenter.com.br\/lojaonline\/produto\/luva-latex-algodao-powerfex-80-100-ca12509-ansell\/#breadcrumb","itemListElement":[{"@type":"ListItem","position":1,"name":"In\u00edcio","item":"https:\/\/hidroeletricacenter.com.br\/lojaonline\/"},{"@type":"ListItem","position":2,"name":"Produtos","item":"https:\/\/hidroeletricacenter.com.br\/lojaonline\/shop\/"},{"@type":"ListItem","position":3,"name":"Luva l\u00e1tex \/algod\u00e3o Powerfex 80-100 CA12509 ANSELL"}]},{"@type":"WebSite","@id":"https:\/\/hidroeletricacenter.com.br\/lojaonline\/#website","url":"https:\/\/hidroeletricacenter.com.br\/lojaonline\/","name":"Hidroel\u00e9trica Center - Produtos el\u00e9tricos, EPIS, EPCS, ferramentas, m\u00e1quinas, dentre outros","description":"","publisher":{"@id":"https:\/\/hidroeletricacenter.com.br\/lojaonline\/#organization"},"potentialAction":[{"@type":"SearchAction","target":{"@type":"EntryPoint","urlTemplate":"https:\/\/hidroeletricacenter.com.br\/lojaonline\/?s={search_term_string}"},"query-input":"required name=search_term_string"}],"inLanguage":"pt-BR"},{"@type":"Organization","@id":"https:\/\/hidroeletricacenter.com.br\/lojaonline\/#organization","name":"Hidroel\u00e9trica Center - Produtos el\u00e9tricos, EPIS, EPCS, ferramentas, m\u00e1quinas, dentre outros","url":"https:\/\/hidroeletricacenter.com.br\/lojaonline\/","logo":{"@type":"ImageObject","inLanguage":"pt-BR","@id":"https:\/\/hidroeletricacenter.com.br\/lojaonline\/#\/schema\/logo\/image\/","url":"https:\/\/hidroeletricacenter.com.br\/lojaonline\/wp-content\/uploads\/2022\/01\/cropped-ico-hc.png","contentUrl":"https:\/\/hidroeletricacenter.com.br\/lojaonline\/wp-content\/uploads\/2022\/01\/cropped-ico-hc.png","width":512,"height":512,"caption":"Hidroel\u00e9trica Center - Produtos el\u00e9tricos, EPIS, EPCS, ferramentas, m\u00e1quinas, dentre outros"},"image":{"@id":"https:\/\/hidroeletricacenter.com.br\/lojaonline\/#\/schema\/logo\/image\/"},"sameAs":["https:\/\/www.facebook.com\/hidroeletricacenter","https:\/\/www.instagram.com\/hidroeletricacenter"]}]}},"_links":{"self":[{"href":"https:\/\/hidroeletricacenter.com.br\/lojaonline\/wp-json\/wp\/v2\/product\/302","targetHints":{"allow":["GET"]}}],"collection":[{"href":"https:\/\/hidroeletricacenter.com.br\/lojaonline\/wp-json\/wp\/v2\/product"}],"about":[{"href":"https:\/\/hidroeletricacenter.com.br\/lojaonline\/wp-json\/wp\/v2\/types\/product"}],"version-history":[{"count":2,"href":"https:\/\/hidroeletricacenter.com.br\/lojaonline\/wp-json\/wp\/v2\/product\/302\/revisions"}],"predecessor-version":[{"id":2119,"href":"https:\/\/hidroeletricacenter.com.br\/lojaonline\/wp-json\/wp\/v2\/product\/302\/revisions\/2119"}],"wp:featuredmedia":[{"embeddable":true,"href":"https:\/\/hidroeletricacenter.com.br\/lojaonline\/wp-json\/wp\/v2\/media\/387"}],"wp:attachment":[{"href":"https:\/\/hidroeletricacenter.com.br\/lojaonline\/wp-json\/wp\/v2\/media?parent=302"}],"wp:term":[{"taxonomy":"product_cat","embeddable":true,"href":"https:\/\/hidroeletricacenter.com.br\/lojaonline\/wp-json\/wp\/v2\/product_cat?post=302"},{"taxonomy":"product_tag","embeddable":true,"href":"https:\/\/hidroeletricacenter.com.br\/lojaonline\/wp-json\/wp\/v2\/product_tag?post=302"}],"curies":[{"name":"wp","href":"https:\/\/api.w.org\/{rel}","templated":true}]}}