{"id":279,"date":"2021-09-28T14:52:05","date_gmt":"2021-09-28T17:52:05","guid":{"rendered":"https:\/\/hidroeletricacenter.com.br\/lojaonline\/?post_type=product&#038;p=279"},"modified":"2022-10-11T15:33:02","modified_gmt":"2022-10-11T18:33:02","slug":"luva-corte-versatouch-blue-edge-74-500","status":"publish","type":"product","link":"https:\/\/hidroeletricacenter.com.br\/lojaonline\/produto\/luva-corte-versatouch-blue-edge-74-500\/","title":{"rendered":"Luva anti-corte versatouch Blue 74-500 CA41874 ANSELL"},"content":{"rendered":"<p><span style=\"color: #ff0000\"><strong>Apresentando a Tecnologia Intercept, com prote\u00e7\u00e3o de 360\u00b0 contra cortes em toda a extens\u00e3o da luva e punho.<\/strong><\/span><\/p>\n<ul>\n<li>A Tecnologia INTERCEPT oferece a mais alta<br \/>\nprote\u00e7\u00e3o contra cortes (n\u00edvel F) em toda a<br \/>\nextens\u00e3o da luva e punho, mesmo ap\u00f3s repetidas<br \/>\nlavagens<\/li>\n<li>7x mais dur\u00e1vel* em compara\u00e7\u00e3o ao produto<br \/>\nconcorrente<\/li>\n<li>Encobrimento de manchas projetado para uma vida<br \/>\n\u00fatil maior<\/li>\n<li>Prote\u00e7\u00e3o contra cortes compat\u00edvel com a<br \/>\nmanipula\u00e7\u00e3o de alimentos<\/li>\n<li>O punho estendido expande a prote\u00e7\u00e3o contra<br \/>\ncortes at\u00e9 os pulsos<\/li>\n<li>Mant\u00e9m prote\u00e7\u00e3o, conforto e ajuste mesmo ap\u00f3s<br \/>\nrepetidas lavagens<\/li>\n<\/ul>\n<p>&nbsp;<\/p>\n<p><strong>Ind\u00fastrias<\/strong><br \/>\nProcessamento de alimentos<\/p>\n<p><strong>Aplica\u00e7\u00f5es<\/strong><br \/>\nProcessamento de latic\u00ednios<br \/>\nProcessamento de frutas e legumes<br \/>\nProcessamento de aves<\/p>\n","protected":false},"excerpt":{"rendered":"<p>Apresentando a Tecnologia Intercept, com prote\u00e7\u00e3o de 360\u00b0 contra cortes em toda a extens\u00e3o da luva e punho. A Tecnologia INTERCEPT oferece a mais alta prote\u00e7\u00e3o contra cortes (n\u00edvel F) em toda a extens\u00e3o da luva e punho, mesmo ap\u00f3s repetidas lavagens 7x mais dur\u00e1vel* em compara\u00e7\u00e3o ao produto concorrente Encobrimento de manchas projetado para [&hellip;]<\/p>\n","protected":false},"featured_media":381,"template":"","meta":[],"product_cat":[450,16,51],"product_tag":[],"class_list":["post-279","product","type-product","status-publish","has-post-thumbnail","hentry","product_cat-ansell","product_cat-epi","product_cat-luvas"],"yoast_head":"<!-- This site is optimized with the Yoast SEO plugin v21.0 - https:\/\/yoast.com\/wordpress\/plugins\/seo\/ -->\n<title>Luva anti-corte versatouch Blue 74-500 CA41874 ANSELL - Hidroel\u00e9trica Center - Produtos el\u00e9tricos, EPIS, EPCS, ferramentas, m\u00e1quinas, dentre outros<\/title>\n<meta name=\"robots\" content=\"index, follow, max-snippet:-1, max-image-preview:large, max-video-preview:-1\" \/>\n<link rel=\"canonical\" href=\"https:\/\/hidroeletricacenter.com.br\/lojaonline\/produto\/luva-corte-versatouch-blue-edge-74-500\/\" \/>\n<meta property=\"og:locale\" content=\"pt_BR\" \/>\n<meta property=\"og:type\" content=\"article\" \/>\n<meta property=\"og:title\" content=\"Luva anti-corte versatouch Blue 74-500 CA41874 ANSELL - Hidroel\u00e9trica Center - Produtos el\u00e9tricos, EPIS, EPCS, ferramentas, m\u00e1quinas, dentre outros\" \/>\n<meta property=\"og:description\" content=\"Apresentando a Tecnologia Intercept, com prote\u00e7\u00e3o de 360\u00b0 contra cortes em toda a extens\u00e3o da luva e punho. A Tecnologia INTERCEPT oferece a mais alta prote\u00e7\u00e3o contra cortes (n\u00edvel F) em toda a extens\u00e3o da luva e punho, mesmo ap\u00f3s repetidas lavagens 7x mais dur\u00e1vel* em compara\u00e7\u00e3o ao produto concorrente Encobrimento de manchas projetado para [&hellip;]\" \/>\n<meta property=\"og:url\" content=\"https:\/\/hidroeletricacenter.com.br\/lojaonline\/produto\/luva-corte-versatouch-blue-edge-74-500\/\" \/>\n<meta property=\"og:site_name\" content=\"Hidroel\u00e9trica Center - Produtos el\u00e9tricos, EPIS, EPCS, ferramentas, m\u00e1quinas, dentre outros\" \/>\n<meta property=\"article:publisher\" content=\"https:\/\/www.facebook.com\/hidroeletricacenter\" \/>\n<meta property=\"article:modified_time\" content=\"2022-10-11T18:33:02+00:00\" \/>\n<meta property=\"og:image\" content=\"https:\/\/hidroeletricacenter.com.br\/lojaonline\/wp-content\/uploads\/2021\/09\/74-500-1-1.jpg\" \/>\n\t<meta property=\"og:image:width\" content=\"467\" \/>\n\t<meta property=\"og:image:height\" content=\"350\" \/>\n\t<meta property=\"og:image:type\" content=\"image\/jpeg\" \/>\n<meta name=\"twitter:card\" content=\"summary_large_image\" \/>\n<meta name=\"twitter:label1\" content=\"Est. tempo de leitura\" \/>\n\t<meta name=\"twitter:data1\" content=\"1 minuto\" \/>\n<script type=\"application\/ld+json\" class=\"yoast-schema-graph\">{\"@context\":\"https:\/\/schema.org\",\"@graph\":[{\"@type\":\"WebPage\",\"@id\":\"https:\/\/hidroeletricacenter.com.br\/lojaonline\/produto\/luva-corte-versatouch-blue-edge-74-500\/\",\"url\":\"https:\/\/hidroeletricacenter.com.br\/lojaonline\/produto\/luva-corte-versatouch-blue-edge-74-500\/\",\"name\":\"Luva anti-corte versatouch Blue 74-500 CA41874 ANSELL - Hidroel\u00e9trica Center - Produtos el\u00e9tricos, EPIS, EPCS, ferramentas, m\u00e1quinas, dentre outros\",\"isPartOf\":{\"@id\":\"https:\/\/hidroeletricacenter.com.br\/lojaonline\/#website\"},\"datePublished\":\"2021-09-28T17:52:05+00:00\",\"dateModified\":\"2022-10-11T18:33:02+00:00\",\"breadcrumb\":{\"@id\":\"https:\/\/hidroeletricacenter.com.br\/lojaonline\/produto\/luva-corte-versatouch-blue-edge-74-500\/#breadcrumb\"},\"inLanguage\":\"pt-BR\",\"potentialAction\":[{\"@type\":\"ReadAction\",\"target\":[\"https:\/\/hidroeletricacenter.com.br\/lojaonline\/produto\/luva-corte-versatouch-blue-edge-74-500\/\"]}]},{\"@type\":\"BreadcrumbList\",\"@id\":\"https:\/\/hidroeletricacenter.com.br\/lojaonline\/produto\/luva-corte-versatouch-blue-edge-74-500\/#breadcrumb\",\"itemListElement\":[{\"@type\":\"ListItem\",\"position\":1,\"name\":\"In\u00edcio\",\"item\":\"https:\/\/hidroeletricacenter.com.br\/lojaonline\/\"},{\"@type\":\"ListItem\",\"position\":2,\"name\":\"Produtos\",\"item\":\"https:\/\/hidroeletricacenter.com.br\/lojaonline\/shop\/\"},{\"@type\":\"ListItem\",\"position\":3,\"name\":\"Luva anti-corte versatouch Blue 74-500 CA41874 ANSELL\"}]},{\"@type\":\"WebSite\",\"@id\":\"https:\/\/hidroeletricacenter.com.br\/lojaonline\/#website\",\"url\":\"https:\/\/hidroeletricacenter.com.br\/lojaonline\/\",\"name\":\"Hidroel\u00e9trica Center - Produtos el\u00e9tricos, EPIS, EPCS, ferramentas, m\u00e1quinas, dentre outros\",\"description\":\"\",\"publisher\":{\"@id\":\"https:\/\/hidroeletricacenter.com.br\/lojaonline\/#organization\"},\"potentialAction\":[{\"@type\":\"SearchAction\",\"target\":{\"@type\":\"EntryPoint\",\"urlTemplate\":\"https:\/\/hidroeletricacenter.com.br\/lojaonline\/?s={search_term_string}\"},\"query-input\":\"required name=search_term_string\"}],\"inLanguage\":\"pt-BR\"},{\"@type\":\"Organization\",\"@id\":\"https:\/\/hidroeletricacenter.com.br\/lojaonline\/#organization\",\"name\":\"Hidroel\u00e9trica Center - Produtos el\u00e9tricos, EPIS, EPCS, ferramentas, m\u00e1quinas, dentre outros\",\"url\":\"https:\/\/hidroeletricacenter.com.br\/lojaonline\/\",\"logo\":{\"@type\":\"ImageObject\",\"inLanguage\":\"pt-BR\",\"@id\":\"https:\/\/hidroeletricacenter.com.br\/lojaonline\/#\/schema\/logo\/image\/\",\"url\":\"https:\/\/hidroeletricacenter.com.br\/lojaonline\/wp-content\/uploads\/2022\/01\/cropped-ico-hc.png\",\"contentUrl\":\"https:\/\/hidroeletricacenter.com.br\/lojaonline\/wp-content\/uploads\/2022\/01\/cropped-ico-hc.png\",\"width\":512,\"height\":512,\"caption\":\"Hidroel\u00e9trica Center - Produtos el\u00e9tricos, EPIS, EPCS, ferramentas, m\u00e1quinas, dentre outros\"},\"image\":{\"@id\":\"https:\/\/hidroeletricacenter.com.br\/lojaonline\/#\/schema\/logo\/image\/\"},\"sameAs\":[\"https:\/\/www.facebook.com\/hidroeletricacenter\",\"https:\/\/www.instagram.com\/hidroeletricacenter\"]}]}<\/script>\n<!-- \/ Yoast SEO plugin. -->","yoast_head_json":{"title":"Luva anti-corte versatouch Blue 74-500 CA41874 ANSELL - Hidroel\u00e9trica Center - Produtos el\u00e9tricos, EPIS, EPCS, ferramentas, m\u00e1quinas, dentre outros","robots":{"index":"index","follow":"follow","max-snippet":"max-snippet:-1","max-image-preview":"max-image-preview:large","max-video-preview":"max-video-preview:-1"},"canonical":"https:\/\/hidroeletricacenter.com.br\/lojaonline\/produto\/luva-corte-versatouch-blue-edge-74-500\/","og_locale":"pt_BR","og_type":"article","og_title":"Luva anti-corte versatouch Blue 74-500 CA41874 ANSELL - Hidroel\u00e9trica Center - Produtos el\u00e9tricos, EPIS, EPCS, ferramentas, m\u00e1quinas, dentre outros","og_description":"Apresentando a Tecnologia Intercept, com prote\u00e7\u00e3o de 360\u00b0 contra cortes em toda a extens\u00e3o da luva e punho. A Tecnologia INTERCEPT oferece a mais alta prote\u00e7\u00e3o contra cortes (n\u00edvel F) em toda a extens\u00e3o da luva e punho, mesmo ap\u00f3s repetidas lavagens 7x mais dur\u00e1vel* em compara\u00e7\u00e3o ao produto concorrente Encobrimento de manchas projetado para [&hellip;]","og_url":"https:\/\/hidroeletricacenter.com.br\/lojaonline\/produto\/luva-corte-versatouch-blue-edge-74-500\/","og_site_name":"Hidroel\u00e9trica Center - Produtos el\u00e9tricos, EPIS, EPCS, ferramentas, m\u00e1quinas, dentre outros","article_publisher":"https:\/\/www.facebook.com\/hidroeletricacenter","article_modified_time":"2022-10-11T18:33:02+00:00","og_image":[{"width":467,"height":350,"url":"https:\/\/hidroeletricacenter.com.br\/lojaonline\/wp-content\/uploads\/2021\/09\/74-500-1-1.jpg","type":"image\/jpeg"}],"twitter_card":"summary_large_image","twitter_misc":{"Est. tempo de leitura":"1 minuto"},"schema":{"@context":"https:\/\/schema.org","@graph":[{"@type":"WebPage","@id":"https:\/\/hidroeletricacenter.com.br\/lojaonline\/produto\/luva-corte-versatouch-blue-edge-74-500\/","url":"https:\/\/hidroeletricacenter.com.br\/lojaonline\/produto\/luva-corte-versatouch-blue-edge-74-500\/","name":"Luva anti-corte versatouch Blue 74-500 CA41874 ANSELL - Hidroel\u00e9trica Center - Produtos el\u00e9tricos, EPIS, EPCS, ferramentas, m\u00e1quinas, dentre outros","isPartOf":{"@id":"https:\/\/hidroeletricacenter.com.br\/lojaonline\/#website"},"datePublished":"2021-09-28T17:52:05+00:00","dateModified":"2022-10-11T18:33:02+00:00","breadcrumb":{"@id":"https:\/\/hidroeletricacenter.com.br\/lojaonline\/produto\/luva-corte-versatouch-blue-edge-74-500\/#breadcrumb"},"inLanguage":"pt-BR","potentialAction":[{"@type":"ReadAction","target":["https:\/\/hidroeletricacenter.com.br\/lojaonline\/produto\/luva-corte-versatouch-blue-edge-74-500\/"]}]},{"@type":"BreadcrumbList","@id":"https:\/\/hidroeletricacenter.com.br\/lojaonline\/produto\/luva-corte-versatouch-blue-edge-74-500\/#breadcrumb","itemListElement":[{"@type":"ListItem","position":1,"name":"In\u00edcio","item":"https:\/\/hidroeletricacenter.com.br\/lojaonline\/"},{"@type":"ListItem","position":2,"name":"Produtos","item":"https:\/\/hidroeletricacenter.com.br\/lojaonline\/shop\/"},{"@type":"ListItem","position":3,"name":"Luva anti-corte versatouch Blue 74-500 CA41874 ANSELL"}]},{"@type":"WebSite","@id":"https:\/\/hidroeletricacenter.com.br\/lojaonline\/#website","url":"https:\/\/hidroeletricacenter.com.br\/lojaonline\/","name":"Hidroel\u00e9trica Center - Produtos el\u00e9tricos, EPIS, EPCS, ferramentas, m\u00e1quinas, dentre outros","description":"","publisher":{"@id":"https:\/\/hidroeletricacenter.com.br\/lojaonline\/#organization"},"potentialAction":[{"@type":"SearchAction","target":{"@type":"EntryPoint","urlTemplate":"https:\/\/hidroeletricacenter.com.br\/lojaonline\/?s={search_term_string}"},"query-input":"required name=search_term_string"}],"inLanguage":"pt-BR"},{"@type":"Organization","@id":"https:\/\/hidroeletricacenter.com.br\/lojaonline\/#organization","name":"Hidroel\u00e9trica Center - Produtos el\u00e9tricos, EPIS, EPCS, ferramentas, m\u00e1quinas, dentre outros","url":"https:\/\/hidroeletricacenter.com.br\/lojaonline\/","logo":{"@type":"ImageObject","inLanguage":"pt-BR","@id":"https:\/\/hidroeletricacenter.com.br\/lojaonline\/#\/schema\/logo\/image\/","url":"https:\/\/hidroeletricacenter.com.br\/lojaonline\/wp-content\/uploads\/2022\/01\/cropped-ico-hc.png","contentUrl":"https:\/\/hidroeletricacenter.com.br\/lojaonline\/wp-content\/uploads\/2022\/01\/cropped-ico-hc.png","width":512,"height":512,"caption":"Hidroel\u00e9trica Center - Produtos el\u00e9tricos, EPIS, EPCS, ferramentas, m\u00e1quinas, dentre outros"},"image":{"@id":"https:\/\/hidroeletricacenter.com.br\/lojaonline\/#\/schema\/logo\/image\/"},"sameAs":["https:\/\/www.facebook.com\/hidroeletricacenter","https:\/\/www.instagram.com\/hidroeletricacenter"]}]}},"_links":{"self":[{"href":"https:\/\/hidroeletricacenter.com.br\/lojaonline\/wp-json\/wp\/v2\/product\/279","targetHints":{"allow":["GET"]}}],"collection":[{"href":"https:\/\/hidroeletricacenter.com.br\/lojaonline\/wp-json\/wp\/v2\/product"}],"about":[{"href":"https:\/\/hidroeletricacenter.com.br\/lojaonline\/wp-json\/wp\/v2\/types\/product"}],"version-history":[{"count":3,"href":"https:\/\/hidroeletricacenter.com.br\/lojaonline\/wp-json\/wp\/v2\/product\/279\/revisions"}],"predecessor-version":[{"id":2118,"href":"https:\/\/hidroeletricacenter.com.br\/lojaonline\/wp-json\/wp\/v2\/product\/279\/revisions\/2118"}],"wp:featuredmedia":[{"embeddable":true,"href":"https:\/\/hidroeletricacenter.com.br\/lojaonline\/wp-json\/wp\/v2\/media\/381"}],"wp:attachment":[{"href":"https:\/\/hidroeletricacenter.com.br\/lojaonline\/wp-json\/wp\/v2\/media?parent=279"}],"wp:term":[{"taxonomy":"product_cat","embeddable":true,"href":"https:\/\/hidroeletricacenter.com.br\/lojaonline\/wp-json\/wp\/v2\/product_cat?post=279"},{"taxonomy":"product_tag","embeddable":true,"href":"https:\/\/hidroeletricacenter.com.br\/lojaonline\/wp-json\/wp\/v2\/product_tag?post=279"}],"curies":[{"name":"wp","href":"https:\/\/api.w.org\/{rel}","templated":true}]}}