{"id":2653,"date":"2022-05-11T16:33:37","date_gmt":"2022-05-11T19:33:37","guid":{"rendered":"https:\/\/hidroeletricacenter.com.br\/lojaonline\/?post_type=product&#038;p=2653"},"modified":"2022-10-11T15:32:46","modified_gmt":"2022-10-11T18:32:46","slug":"luva-pu-malha-edge-48-126-ca31492-ansell-2","status":"publish","type":"product","link":"https:\/\/hidroeletricacenter.com.br\/lojaonline\/produto\/luva-pu-malha-edge-48-126-ca31492-ansell-2\/","title":{"rendered":"Luva PU\/malha  Edge 48-126 CA31492 Ansell"},"content":{"rendered":"<p><span class=\"overline\">PRINCIPAIS CARACTER\u00cdSTICAS E BENEF\u00cdCIOS<\/span><\/p>\n<div class=\"details-content expand\">\n<p>&#8211; Agora com n\u00edvel EN 4 de resist\u00eancia \u00e0 abras\u00e3o e boa resist\u00eancia a rasgos, boa ader\u00eancia e produtividade aprimorada<\/p>\n<p>&#8211; A EDGE 48-126 deixa a sujeira menos aparente, a luva pode ser descartada com menos frequencia<\/p>\n<p>&#8211; Estrutura sem costuras; garante o conforto e incentiva o cuidado com a seguran\u00e7a\u00a0<strong>CA:\u00a031.492<\/strong><\/p>\n<p>&#8211; Fabricada com forro preto em poli\u00e9ster de 15 pontos por polegada altamente confort\u00e1vel proporcionando alta destreza<\/p>\n<p>&#8211; A luva de trabalho industrial EDGE<sup>\u00ae<\/sup>\u00a048-126 combina forro tricotado sem costura a punho de malha el\u00e1stica com revestimento preto de poliuretano<\/p>\n<p>&#8211; Essa combina\u00e7\u00e3o proporciona uma boa flexibilidade e destreza dos dedos, quando comparada \u00e0s luvas de lona de algod\u00e3o ou de algod\u00e3o grosso<\/p>\n<p>&#8211; A luva EDGE<sup>\u00ae<\/sup>\u00a048-126 \u00e9 a escolha mais eficiente e econ\u00f4mica para trabalhos leves<\/p>\n<p>&#8211; Com propriedades eletrost\u00e1ticas, a luva foi testada e aprovada de acordo com a EN 1149-2\/1997 com resultado &gt;10<sup>12<\/sup>ohm<\/p>\n<\/div>\n","protected":false},"excerpt":{"rendered":"<p>PRINCIPAIS CARACTER\u00cdSTICAS E BENEF\u00cdCIOS &#8211; Agora com n\u00edvel EN 4 de resist\u00eancia \u00e0 abras\u00e3o e boa resist\u00eancia a rasgos, boa ader\u00eancia e produtividade aprimorada &#8211; A EDGE 48-126 deixa a sujeira menos aparente, a luva pode ser descartada com menos frequencia &#8211; Estrutura sem costuras; garante o conforto e incentiva o cuidado com a seguran\u00e7a\u00a0CA:\u00a031.492 [&hellip;]<\/p>\n","protected":false},"featured_media":2654,"template":"","meta":[],"product_cat":[450,16,51],"product_tag":[],"class_list":["post-2653","product","type-product","status-publish","has-post-thumbnail","hentry","product_cat-ansell","product_cat-epi","product_cat-luvas"],"yoast_head":"<!-- This site is optimized with the Yoast SEO plugin v21.0 - https:\/\/yoast.com\/wordpress\/plugins\/seo\/ -->\n<title>Luva PU\/malha Edge 48-126 CA31492 Ansell - Hidroel\u00e9trica Center - Produtos el\u00e9tricos, EPIS, EPCS, ferramentas, m\u00e1quinas, dentre outros<\/title>\n<meta name=\"robots\" content=\"index, follow, max-snippet:-1, max-image-preview:large, max-video-preview:-1\" \/>\n<link rel=\"canonical\" href=\"https:\/\/hidroeletricacenter.com.br\/lojaonline\/produto\/luva-pu-malha-edge-48-126-ca31492-ansell-2\/\" \/>\n<meta property=\"og:locale\" content=\"pt_BR\" \/>\n<meta property=\"og:type\" content=\"article\" \/>\n<meta property=\"og:title\" content=\"Luva PU\/malha Edge 48-126 CA31492 Ansell - Hidroel\u00e9trica Center - Produtos el\u00e9tricos, EPIS, EPCS, ferramentas, m\u00e1quinas, dentre outros\" \/>\n<meta property=\"og:description\" content=\"PRINCIPAIS CARACTER\u00cdSTICAS E BENEF\u00cdCIOS &#8211; Agora com n\u00edvel EN 4 de resist\u00eancia \u00e0 abras\u00e3o e boa resist\u00eancia a rasgos, boa ader\u00eancia e produtividade aprimorada &#8211; A EDGE 48-126 deixa a sujeira menos aparente, a luva pode ser descartada com menos frequencia &#8211; Estrutura sem costuras; garante o conforto e incentiva o cuidado com a seguran\u00e7a\u00a0CA:\u00a031.492 [&hellip;]\" \/>\n<meta property=\"og:url\" content=\"https:\/\/hidroeletricacenter.com.br\/lojaonline\/produto\/luva-pu-malha-edge-48-126-ca31492-ansell-2\/\" \/>\n<meta property=\"og:site_name\" content=\"Hidroel\u00e9trica Center - Produtos el\u00e9tricos, EPIS, EPCS, ferramentas, m\u00e1quinas, dentre outros\" \/>\n<meta property=\"article:publisher\" content=\"https:\/\/www.facebook.com\/hidroeletricacenter\" \/>\n<meta property=\"article:modified_time\" content=\"2022-10-11T18:32:46+00:00\" \/>\n<meta property=\"og:image\" content=\"https:\/\/hidroeletricacenter.com.br\/lojaonline\/wp-content\/uploads\/2022\/05\/EDGE-48-126-Black-Product-NA-U-Card.png\" \/>\n\t<meta property=\"og:image:width\" content=\"467\" \/>\n\t<meta property=\"og:image:height\" content=\"350\" \/>\n\t<meta property=\"og:image:type\" content=\"image\/png\" \/>\n<meta name=\"twitter:card\" content=\"summary_large_image\" \/>\n<meta name=\"twitter:label1\" content=\"Est. tempo de leitura\" \/>\n\t<meta name=\"twitter:data1\" content=\"1 minuto\" \/>\n<script type=\"application\/ld+json\" class=\"yoast-schema-graph\">{\"@context\":\"https:\/\/schema.org\",\"@graph\":[{\"@type\":\"WebPage\",\"@id\":\"https:\/\/hidroeletricacenter.com.br\/lojaonline\/produto\/luva-pu-malha-edge-48-126-ca31492-ansell-2\/\",\"url\":\"https:\/\/hidroeletricacenter.com.br\/lojaonline\/produto\/luva-pu-malha-edge-48-126-ca31492-ansell-2\/\",\"name\":\"Luva PU\/malha Edge 48-126 CA31492 Ansell - Hidroel\u00e9trica Center - Produtos el\u00e9tricos, EPIS, EPCS, ferramentas, m\u00e1quinas, dentre outros\",\"isPartOf\":{\"@id\":\"https:\/\/hidroeletricacenter.com.br\/lojaonline\/#website\"},\"datePublished\":\"2022-05-11T19:33:37+00:00\",\"dateModified\":\"2022-10-11T18:32:46+00:00\",\"breadcrumb\":{\"@id\":\"https:\/\/hidroeletricacenter.com.br\/lojaonline\/produto\/luva-pu-malha-edge-48-126-ca31492-ansell-2\/#breadcrumb\"},\"inLanguage\":\"pt-BR\",\"potentialAction\":[{\"@type\":\"ReadAction\",\"target\":[\"https:\/\/hidroeletricacenter.com.br\/lojaonline\/produto\/luva-pu-malha-edge-48-126-ca31492-ansell-2\/\"]}]},{\"@type\":\"BreadcrumbList\",\"@id\":\"https:\/\/hidroeletricacenter.com.br\/lojaonline\/produto\/luva-pu-malha-edge-48-126-ca31492-ansell-2\/#breadcrumb\",\"itemListElement\":[{\"@type\":\"ListItem\",\"position\":1,\"name\":\"In\u00edcio\",\"item\":\"https:\/\/hidroeletricacenter.com.br\/lojaonline\/\"},{\"@type\":\"ListItem\",\"position\":2,\"name\":\"Produtos\",\"item\":\"https:\/\/hidroeletricacenter.com.br\/lojaonline\/shop\/\"},{\"@type\":\"ListItem\",\"position\":3,\"name\":\"Luva PU\/malha Edge 48-126 CA31492 Ansell\"}]},{\"@type\":\"WebSite\",\"@id\":\"https:\/\/hidroeletricacenter.com.br\/lojaonline\/#website\",\"url\":\"https:\/\/hidroeletricacenter.com.br\/lojaonline\/\",\"name\":\"Hidroel\u00e9trica Center - Produtos el\u00e9tricos, EPIS, EPCS, ferramentas, m\u00e1quinas, dentre outros\",\"description\":\"\",\"publisher\":{\"@id\":\"https:\/\/hidroeletricacenter.com.br\/lojaonline\/#organization\"},\"potentialAction\":[{\"@type\":\"SearchAction\",\"target\":{\"@type\":\"EntryPoint\",\"urlTemplate\":\"https:\/\/hidroeletricacenter.com.br\/lojaonline\/?s={search_term_string}\"},\"query-input\":\"required name=search_term_string\"}],\"inLanguage\":\"pt-BR\"},{\"@type\":\"Organization\",\"@id\":\"https:\/\/hidroeletricacenter.com.br\/lojaonline\/#organization\",\"name\":\"Hidroel\u00e9trica Center - Produtos el\u00e9tricos, EPIS, EPCS, ferramentas, m\u00e1quinas, dentre outros\",\"url\":\"https:\/\/hidroeletricacenter.com.br\/lojaonline\/\",\"logo\":{\"@type\":\"ImageObject\",\"inLanguage\":\"pt-BR\",\"@id\":\"https:\/\/hidroeletricacenter.com.br\/lojaonline\/#\/schema\/logo\/image\/\",\"url\":\"https:\/\/hidroeletricacenter.com.br\/lojaonline\/wp-content\/uploads\/2022\/01\/cropped-ico-hc.png\",\"contentUrl\":\"https:\/\/hidroeletricacenter.com.br\/lojaonline\/wp-content\/uploads\/2022\/01\/cropped-ico-hc.png\",\"width\":512,\"height\":512,\"caption\":\"Hidroel\u00e9trica Center - Produtos el\u00e9tricos, EPIS, EPCS, ferramentas, m\u00e1quinas, dentre outros\"},\"image\":{\"@id\":\"https:\/\/hidroeletricacenter.com.br\/lojaonline\/#\/schema\/logo\/image\/\"},\"sameAs\":[\"https:\/\/www.facebook.com\/hidroeletricacenter\",\"https:\/\/www.instagram.com\/hidroeletricacenter\"]}]}<\/script>\n<!-- \/ Yoast SEO plugin. -->","yoast_head_json":{"title":"Luva PU\/malha Edge 48-126 CA31492 Ansell - Hidroel\u00e9trica Center - Produtos el\u00e9tricos, EPIS, EPCS, ferramentas, m\u00e1quinas, dentre outros","robots":{"index":"index","follow":"follow","max-snippet":"max-snippet:-1","max-image-preview":"max-image-preview:large","max-video-preview":"max-video-preview:-1"},"canonical":"https:\/\/hidroeletricacenter.com.br\/lojaonline\/produto\/luva-pu-malha-edge-48-126-ca31492-ansell-2\/","og_locale":"pt_BR","og_type":"article","og_title":"Luva PU\/malha Edge 48-126 CA31492 Ansell - Hidroel\u00e9trica Center - Produtos el\u00e9tricos, EPIS, EPCS, ferramentas, m\u00e1quinas, dentre outros","og_description":"PRINCIPAIS CARACTER\u00cdSTICAS E BENEF\u00cdCIOS &#8211; Agora com n\u00edvel EN 4 de resist\u00eancia \u00e0 abras\u00e3o e boa resist\u00eancia a rasgos, boa ader\u00eancia e produtividade aprimorada &#8211; A EDGE 48-126 deixa a sujeira menos aparente, a luva pode ser descartada com menos frequencia &#8211; Estrutura sem costuras; garante o conforto e incentiva o cuidado com a seguran\u00e7a\u00a0CA:\u00a031.492 [&hellip;]","og_url":"https:\/\/hidroeletricacenter.com.br\/lojaonline\/produto\/luva-pu-malha-edge-48-126-ca31492-ansell-2\/","og_site_name":"Hidroel\u00e9trica Center - Produtos el\u00e9tricos, EPIS, EPCS, ferramentas, m\u00e1quinas, dentre outros","article_publisher":"https:\/\/www.facebook.com\/hidroeletricacenter","article_modified_time":"2022-10-11T18:32:46+00:00","og_image":[{"width":467,"height":350,"url":"https:\/\/hidroeletricacenter.com.br\/lojaonline\/wp-content\/uploads\/2022\/05\/EDGE-48-126-Black-Product-NA-U-Card.png","type":"image\/png"}],"twitter_card":"summary_large_image","twitter_misc":{"Est. tempo de leitura":"1 minuto"},"schema":{"@context":"https:\/\/schema.org","@graph":[{"@type":"WebPage","@id":"https:\/\/hidroeletricacenter.com.br\/lojaonline\/produto\/luva-pu-malha-edge-48-126-ca31492-ansell-2\/","url":"https:\/\/hidroeletricacenter.com.br\/lojaonline\/produto\/luva-pu-malha-edge-48-126-ca31492-ansell-2\/","name":"Luva PU\/malha Edge 48-126 CA31492 Ansell - Hidroel\u00e9trica Center - Produtos el\u00e9tricos, EPIS, EPCS, ferramentas, m\u00e1quinas, dentre outros","isPartOf":{"@id":"https:\/\/hidroeletricacenter.com.br\/lojaonline\/#website"},"datePublished":"2022-05-11T19:33:37+00:00","dateModified":"2022-10-11T18:32:46+00:00","breadcrumb":{"@id":"https:\/\/hidroeletricacenter.com.br\/lojaonline\/produto\/luva-pu-malha-edge-48-126-ca31492-ansell-2\/#breadcrumb"},"inLanguage":"pt-BR","potentialAction":[{"@type":"ReadAction","target":["https:\/\/hidroeletricacenter.com.br\/lojaonline\/produto\/luva-pu-malha-edge-48-126-ca31492-ansell-2\/"]}]},{"@type":"BreadcrumbList","@id":"https:\/\/hidroeletricacenter.com.br\/lojaonline\/produto\/luva-pu-malha-edge-48-126-ca31492-ansell-2\/#breadcrumb","itemListElement":[{"@type":"ListItem","position":1,"name":"In\u00edcio","item":"https:\/\/hidroeletricacenter.com.br\/lojaonline\/"},{"@type":"ListItem","position":2,"name":"Produtos","item":"https:\/\/hidroeletricacenter.com.br\/lojaonline\/shop\/"},{"@type":"ListItem","position":3,"name":"Luva PU\/malha Edge 48-126 CA31492 Ansell"}]},{"@type":"WebSite","@id":"https:\/\/hidroeletricacenter.com.br\/lojaonline\/#website","url":"https:\/\/hidroeletricacenter.com.br\/lojaonline\/","name":"Hidroel\u00e9trica Center - Produtos el\u00e9tricos, EPIS, EPCS, ferramentas, m\u00e1quinas, dentre outros","description":"","publisher":{"@id":"https:\/\/hidroeletricacenter.com.br\/lojaonline\/#organization"},"potentialAction":[{"@type":"SearchAction","target":{"@type":"EntryPoint","urlTemplate":"https:\/\/hidroeletricacenter.com.br\/lojaonline\/?s={search_term_string}"},"query-input":"required name=search_term_string"}],"inLanguage":"pt-BR"},{"@type":"Organization","@id":"https:\/\/hidroeletricacenter.com.br\/lojaonline\/#organization","name":"Hidroel\u00e9trica Center - Produtos el\u00e9tricos, EPIS, EPCS, ferramentas, m\u00e1quinas, dentre outros","url":"https:\/\/hidroeletricacenter.com.br\/lojaonline\/","logo":{"@type":"ImageObject","inLanguage":"pt-BR","@id":"https:\/\/hidroeletricacenter.com.br\/lojaonline\/#\/schema\/logo\/image\/","url":"https:\/\/hidroeletricacenter.com.br\/lojaonline\/wp-content\/uploads\/2022\/01\/cropped-ico-hc.png","contentUrl":"https:\/\/hidroeletricacenter.com.br\/lojaonline\/wp-content\/uploads\/2022\/01\/cropped-ico-hc.png","width":512,"height":512,"caption":"Hidroel\u00e9trica Center - Produtos el\u00e9tricos, EPIS, EPCS, ferramentas, m\u00e1quinas, dentre outros"},"image":{"@id":"https:\/\/hidroeletricacenter.com.br\/lojaonline\/#\/schema\/logo\/image\/"},"sameAs":["https:\/\/www.facebook.com\/hidroeletricacenter","https:\/\/www.instagram.com\/hidroeletricacenter"]}]}},"_links":{"self":[{"href":"https:\/\/hidroeletricacenter.com.br\/lojaonline\/wp-json\/wp\/v2\/product\/2653","targetHints":{"allow":["GET"]}}],"collection":[{"href":"https:\/\/hidroeletricacenter.com.br\/lojaonline\/wp-json\/wp\/v2\/product"}],"about":[{"href":"https:\/\/hidroeletricacenter.com.br\/lojaonline\/wp-json\/wp\/v2\/types\/product"}],"version-history":[{"count":3,"href":"https:\/\/hidroeletricacenter.com.br\/lojaonline\/wp-json\/wp\/v2\/product\/2653\/revisions"}],"predecessor-version":[{"id":4346,"href":"https:\/\/hidroeletricacenter.com.br\/lojaonline\/wp-json\/wp\/v2\/product\/2653\/revisions\/4346"}],"wp:featuredmedia":[{"embeddable":true,"href":"https:\/\/hidroeletricacenter.com.br\/lojaonline\/wp-json\/wp\/v2\/media\/2654"}],"wp:attachment":[{"href":"https:\/\/hidroeletricacenter.com.br\/lojaonline\/wp-json\/wp\/v2\/media?parent=2653"}],"wp:term":[{"taxonomy":"product_cat","embeddable":true,"href":"https:\/\/hidroeletricacenter.com.br\/lojaonline\/wp-json\/wp\/v2\/product_cat?post=2653"},{"taxonomy":"product_tag","embeddable":true,"href":"https:\/\/hidroeletricacenter.com.br\/lojaonline\/wp-json\/wp\/v2\/product_tag?post=2653"}],"curies":[{"name":"wp","href":"https:\/\/api.w.org\/{rel}","templated":true}]}}