{"id":2307,"date":"2022-04-22T16:16:37","date_gmt":"2022-04-22T19:16:37","guid":{"rendered":"https:\/\/hidroeletricacenter.com.br\/lojaonline\/?post_type=product&#038;p=2307"},"modified":"2022-10-11T15:36:11","modified_gmt":"2022-10-11T18:36:11","slug":"serra-circular-gks-65-gce-1800w-220v-bosch","status":"publish","type":"product","link":"https:\/\/hidroeletricacenter.com.br\/lojaonline\/produto\/serra-circular-gks-65-gce-1800w-220v-bosch\/","title":{"rendered":"Serra Circular GKS-65 GCE 1800W 220V Bosch"},"content":{"rendered":"<ul class=\"product-detail-stage__list a-list\">\n<li>A Serra Circular Bosch GKS 65 GCE, com pot\u00eancia de 1.800 W, garante elevada progress\u00e3o de corte e \u00e9 a jun\u00e7\u00e3o de maior precis\u00e3o e acabamento. Matenha velocidade de corte constante, mesmo sob carga, com o sistema Constant Electronic, realize cortes em \u00e2ngulos de at\u00e9 45\u00ba com o sistema de regulagem f\u00e1cil e tenha mais estabilidade de corte com a placa-base em alum\u00ednio com dois encaixes de guia, al\u00e9m de melhor visibilidade e trabalhos mais limpos gra\u00e7as ao seu soprador turbo. Pronta para usar, a Serra Circular GKS 65 GCE vem com 1 Disco de serra de 60 dentes, 1 guia paralela, 1 chave allen e 1 adaptador de aspira\u00e7\u00e3o de p\u00f3. \u00c9 indicada para uso industrial. Trabalho intenso.<\/li>\n<li>Mais precis\u00e3o e melhor acabamento. Elevada progress\u00e3o de corte gra\u00e7as \u00e0 pot\u00eancia de 1800 W. Velocidade constante mesmo sob carga com o sistema Constant Electronic. Corte em \u00e2ngulo de at\u00e9 45\u00b0 com f\u00e1cil regulagem. Soprador turbo para trabalhos mais limpos e com mais visibilidade. Placa-base de alum\u00ednio com dois encaixes de guia.<\/li>\n<\/ul>\n","protected":false},"excerpt":{"rendered":"<p>A Serra Circular Bosch GKS 65 GCE, com pot\u00eancia de 1.800 W, garante elevada progress\u00e3o de corte e \u00e9 a jun\u00e7\u00e3o de maior precis\u00e3o e acabamento. Matenha velocidade de corte constante, mesmo sob carga, com o sistema Constant Electronic, realize cortes em \u00e2ngulos de at\u00e9 45\u00ba com o sistema de regulagem f\u00e1cil e tenha mais [&hellip;]<\/p>\n","protected":false},"featured_media":2308,"template":"","meta":[],"product_cat":[451,21,123],"product_tag":[],"class_list":["post-2307","product","type-product","status-publish","has-post-thumbnail","hentry","product_cat-bosch","product_cat-ferramentas","product_cat-ferramentas-eletricas"],"yoast_head":"<!-- This site is optimized with the Yoast SEO plugin v21.0 - https:\/\/yoast.com\/wordpress\/plugins\/seo\/ -->\n<title>Serra Circular GKS-65 GCE 1800W 220V Bosch - Hidroel\u00e9trica Center - Produtos el\u00e9tricos, EPIS, EPCS, ferramentas, m\u00e1quinas, dentre outros<\/title>\n<meta name=\"robots\" content=\"index, follow, max-snippet:-1, max-image-preview:large, max-video-preview:-1\" \/>\n<link rel=\"canonical\" href=\"https:\/\/hidroeletricacenter.com.br\/lojaonline\/produto\/serra-circular-gks-65-gce-1800w-220v-bosch\/\" \/>\n<meta property=\"og:locale\" content=\"pt_BR\" \/>\n<meta property=\"og:type\" content=\"article\" \/>\n<meta property=\"og:title\" content=\"Serra Circular GKS-65 GCE 1800W 220V Bosch - Hidroel\u00e9trica Center - Produtos el\u00e9tricos, EPIS, EPCS, ferramentas, m\u00e1quinas, dentre outros\" \/>\n<meta property=\"og:description\" content=\"A Serra Circular Bosch GKS 65 GCE, com pot\u00eancia de 1.800 W, garante elevada progress\u00e3o de corte e \u00e9 a jun\u00e7\u00e3o de maior precis\u00e3o e acabamento. Matenha velocidade de corte constante, mesmo sob carga, com o sistema Constant Electronic, realize cortes em \u00e2ngulos de at\u00e9 45\u00ba com o sistema de regulagem f\u00e1cil e tenha mais [&hellip;]\" \/>\n<meta property=\"og:url\" content=\"https:\/\/hidroeletricacenter.com.br\/lojaonline\/produto\/serra-circular-gks-65-gce-1800w-220v-bosch\/\" \/>\n<meta property=\"og:site_name\" content=\"Hidroel\u00e9trica Center - Produtos el\u00e9tricos, EPIS, EPCS, ferramentas, m\u00e1quinas, dentre outros\" \/>\n<meta property=\"article:publisher\" content=\"https:\/\/www.facebook.com\/hidroeletricacenter\" \/>\n<meta property=\"article:modified_time\" content=\"2022-10-11T18:36:11+00:00\" \/>\n<meta property=\"og:image\" content=\"https:\/\/hidroeletricacenter.com.br\/lojaonline\/wp-content\/uploads\/2022\/04\/serra-circular-manual-gks-65-gce-.webp\" \/>\n\t<meta property=\"og:image:width\" content=\"722\" \/>\n\t<meta property=\"og:image:height\" content=\"600\" \/>\n\t<meta property=\"og:image:type\" content=\"image\/webp\" \/>\n<meta name=\"twitter:card\" content=\"summary_large_image\" \/>\n<meta name=\"twitter:label1\" content=\"Est. tempo de leitura\" \/>\n\t<meta name=\"twitter:data1\" content=\"1 minuto\" \/>\n<script type=\"application\/ld+json\" class=\"yoast-schema-graph\">{\"@context\":\"https:\/\/schema.org\",\"@graph\":[{\"@type\":\"WebPage\",\"@id\":\"https:\/\/hidroeletricacenter.com.br\/lojaonline\/produto\/serra-circular-gks-65-gce-1800w-220v-bosch\/\",\"url\":\"https:\/\/hidroeletricacenter.com.br\/lojaonline\/produto\/serra-circular-gks-65-gce-1800w-220v-bosch\/\",\"name\":\"Serra Circular GKS-65 GCE 1800W 220V Bosch - Hidroel\u00e9trica Center - Produtos el\u00e9tricos, EPIS, EPCS, ferramentas, m\u00e1quinas, dentre outros\",\"isPartOf\":{\"@id\":\"https:\/\/hidroeletricacenter.com.br\/lojaonline\/#website\"},\"datePublished\":\"2022-04-22T19:16:37+00:00\",\"dateModified\":\"2022-10-11T18:36:11+00:00\",\"breadcrumb\":{\"@id\":\"https:\/\/hidroeletricacenter.com.br\/lojaonline\/produto\/serra-circular-gks-65-gce-1800w-220v-bosch\/#breadcrumb\"},\"inLanguage\":\"pt-BR\",\"potentialAction\":[{\"@type\":\"ReadAction\",\"target\":[\"https:\/\/hidroeletricacenter.com.br\/lojaonline\/produto\/serra-circular-gks-65-gce-1800w-220v-bosch\/\"]}]},{\"@type\":\"BreadcrumbList\",\"@id\":\"https:\/\/hidroeletricacenter.com.br\/lojaonline\/produto\/serra-circular-gks-65-gce-1800w-220v-bosch\/#breadcrumb\",\"itemListElement\":[{\"@type\":\"ListItem\",\"position\":1,\"name\":\"In\u00edcio\",\"item\":\"https:\/\/hidroeletricacenter.com.br\/lojaonline\/\"},{\"@type\":\"ListItem\",\"position\":2,\"name\":\"Produtos\",\"item\":\"https:\/\/hidroeletricacenter.com.br\/lojaonline\/shop\/\"},{\"@type\":\"ListItem\",\"position\":3,\"name\":\"Serra Circular GKS-65 GCE 1800W 220V Bosch\"}]},{\"@type\":\"WebSite\",\"@id\":\"https:\/\/hidroeletricacenter.com.br\/lojaonline\/#website\",\"url\":\"https:\/\/hidroeletricacenter.com.br\/lojaonline\/\",\"name\":\"Hidroel\u00e9trica Center - Produtos el\u00e9tricos, EPIS, EPCS, ferramentas, m\u00e1quinas, dentre outros\",\"description\":\"\",\"publisher\":{\"@id\":\"https:\/\/hidroeletricacenter.com.br\/lojaonline\/#organization\"},\"potentialAction\":[{\"@type\":\"SearchAction\",\"target\":{\"@type\":\"EntryPoint\",\"urlTemplate\":\"https:\/\/hidroeletricacenter.com.br\/lojaonline\/?s={search_term_string}\"},\"query-input\":\"required name=search_term_string\"}],\"inLanguage\":\"pt-BR\"},{\"@type\":\"Organization\",\"@id\":\"https:\/\/hidroeletricacenter.com.br\/lojaonline\/#organization\",\"name\":\"Hidroel\u00e9trica Center - Produtos el\u00e9tricos, EPIS, EPCS, ferramentas, m\u00e1quinas, dentre outros\",\"url\":\"https:\/\/hidroeletricacenter.com.br\/lojaonline\/\",\"logo\":{\"@type\":\"ImageObject\",\"inLanguage\":\"pt-BR\",\"@id\":\"https:\/\/hidroeletricacenter.com.br\/lojaonline\/#\/schema\/logo\/image\/\",\"url\":\"https:\/\/hidroeletricacenter.com.br\/lojaonline\/wp-content\/uploads\/2022\/01\/cropped-ico-hc.png\",\"contentUrl\":\"https:\/\/hidroeletricacenter.com.br\/lojaonline\/wp-content\/uploads\/2022\/01\/cropped-ico-hc.png\",\"width\":512,\"height\":512,\"caption\":\"Hidroel\u00e9trica Center - Produtos el\u00e9tricos, EPIS, EPCS, ferramentas, m\u00e1quinas, dentre outros\"},\"image\":{\"@id\":\"https:\/\/hidroeletricacenter.com.br\/lojaonline\/#\/schema\/logo\/image\/\"},\"sameAs\":[\"https:\/\/www.facebook.com\/hidroeletricacenter\",\"https:\/\/www.instagram.com\/hidroeletricacenter\"]}]}<\/script>\n<!-- \/ Yoast SEO plugin. -->","yoast_head_json":{"title":"Serra Circular GKS-65 GCE 1800W 220V Bosch - Hidroel\u00e9trica Center - Produtos el\u00e9tricos, EPIS, EPCS, ferramentas, m\u00e1quinas, dentre outros","robots":{"index":"index","follow":"follow","max-snippet":"max-snippet:-1","max-image-preview":"max-image-preview:large","max-video-preview":"max-video-preview:-1"},"canonical":"https:\/\/hidroeletricacenter.com.br\/lojaonline\/produto\/serra-circular-gks-65-gce-1800w-220v-bosch\/","og_locale":"pt_BR","og_type":"article","og_title":"Serra Circular GKS-65 GCE 1800W 220V Bosch - Hidroel\u00e9trica Center - Produtos el\u00e9tricos, EPIS, EPCS, ferramentas, m\u00e1quinas, dentre outros","og_description":"A Serra Circular Bosch GKS 65 GCE, com pot\u00eancia de 1.800 W, garante elevada progress\u00e3o de corte e \u00e9 a jun\u00e7\u00e3o de maior precis\u00e3o e acabamento. Matenha velocidade de corte constante, mesmo sob carga, com o sistema Constant Electronic, realize cortes em \u00e2ngulos de at\u00e9 45\u00ba com o sistema de regulagem f\u00e1cil e tenha mais [&hellip;]","og_url":"https:\/\/hidroeletricacenter.com.br\/lojaonline\/produto\/serra-circular-gks-65-gce-1800w-220v-bosch\/","og_site_name":"Hidroel\u00e9trica Center - Produtos el\u00e9tricos, EPIS, EPCS, ferramentas, m\u00e1quinas, dentre outros","article_publisher":"https:\/\/www.facebook.com\/hidroeletricacenter","article_modified_time":"2022-10-11T18:36:11+00:00","og_image":[{"width":722,"height":600,"url":"https:\/\/hidroeletricacenter.com.br\/lojaonline\/wp-content\/uploads\/2022\/04\/serra-circular-manual-gks-65-gce-.webp","type":"image\/webp"}],"twitter_card":"summary_large_image","twitter_misc":{"Est. tempo de leitura":"1 minuto"},"schema":{"@context":"https:\/\/schema.org","@graph":[{"@type":"WebPage","@id":"https:\/\/hidroeletricacenter.com.br\/lojaonline\/produto\/serra-circular-gks-65-gce-1800w-220v-bosch\/","url":"https:\/\/hidroeletricacenter.com.br\/lojaonline\/produto\/serra-circular-gks-65-gce-1800w-220v-bosch\/","name":"Serra Circular GKS-65 GCE 1800W 220V Bosch - Hidroel\u00e9trica Center - Produtos el\u00e9tricos, EPIS, EPCS, ferramentas, m\u00e1quinas, dentre outros","isPartOf":{"@id":"https:\/\/hidroeletricacenter.com.br\/lojaonline\/#website"},"datePublished":"2022-04-22T19:16:37+00:00","dateModified":"2022-10-11T18:36:11+00:00","breadcrumb":{"@id":"https:\/\/hidroeletricacenter.com.br\/lojaonline\/produto\/serra-circular-gks-65-gce-1800w-220v-bosch\/#breadcrumb"},"inLanguage":"pt-BR","potentialAction":[{"@type":"ReadAction","target":["https:\/\/hidroeletricacenter.com.br\/lojaonline\/produto\/serra-circular-gks-65-gce-1800w-220v-bosch\/"]}]},{"@type":"BreadcrumbList","@id":"https:\/\/hidroeletricacenter.com.br\/lojaonline\/produto\/serra-circular-gks-65-gce-1800w-220v-bosch\/#breadcrumb","itemListElement":[{"@type":"ListItem","position":1,"name":"In\u00edcio","item":"https:\/\/hidroeletricacenter.com.br\/lojaonline\/"},{"@type":"ListItem","position":2,"name":"Produtos","item":"https:\/\/hidroeletricacenter.com.br\/lojaonline\/shop\/"},{"@type":"ListItem","position":3,"name":"Serra Circular GKS-65 GCE 1800W 220V Bosch"}]},{"@type":"WebSite","@id":"https:\/\/hidroeletricacenter.com.br\/lojaonline\/#website","url":"https:\/\/hidroeletricacenter.com.br\/lojaonline\/","name":"Hidroel\u00e9trica Center - Produtos el\u00e9tricos, EPIS, EPCS, ferramentas, m\u00e1quinas, dentre outros","description":"","publisher":{"@id":"https:\/\/hidroeletricacenter.com.br\/lojaonline\/#organization"},"potentialAction":[{"@type":"SearchAction","target":{"@type":"EntryPoint","urlTemplate":"https:\/\/hidroeletricacenter.com.br\/lojaonline\/?s={search_term_string}"},"query-input":"required name=search_term_string"}],"inLanguage":"pt-BR"},{"@type":"Organization","@id":"https:\/\/hidroeletricacenter.com.br\/lojaonline\/#organization","name":"Hidroel\u00e9trica Center - Produtos el\u00e9tricos, EPIS, EPCS, ferramentas, m\u00e1quinas, dentre outros","url":"https:\/\/hidroeletricacenter.com.br\/lojaonline\/","logo":{"@type":"ImageObject","inLanguage":"pt-BR","@id":"https:\/\/hidroeletricacenter.com.br\/lojaonline\/#\/schema\/logo\/image\/","url":"https:\/\/hidroeletricacenter.com.br\/lojaonline\/wp-content\/uploads\/2022\/01\/cropped-ico-hc.png","contentUrl":"https:\/\/hidroeletricacenter.com.br\/lojaonline\/wp-content\/uploads\/2022\/01\/cropped-ico-hc.png","width":512,"height":512,"caption":"Hidroel\u00e9trica Center - Produtos el\u00e9tricos, EPIS, EPCS, ferramentas, m\u00e1quinas, dentre outros"},"image":{"@id":"https:\/\/hidroeletricacenter.com.br\/lojaonline\/#\/schema\/logo\/image\/"},"sameAs":["https:\/\/www.facebook.com\/hidroeletricacenter","https:\/\/www.instagram.com\/hidroeletricacenter"]}]}},"_links":{"self":[{"href":"https:\/\/hidroeletricacenter.com.br\/lojaonline\/wp-json\/wp\/v2\/product\/2307","targetHints":{"allow":["GET"]}}],"collection":[{"href":"https:\/\/hidroeletricacenter.com.br\/lojaonline\/wp-json\/wp\/v2\/product"}],"about":[{"href":"https:\/\/hidroeletricacenter.com.br\/lojaonline\/wp-json\/wp\/v2\/types\/product"}],"version-history":[{"count":4,"href":"https:\/\/hidroeletricacenter.com.br\/lojaonline\/wp-json\/wp\/v2\/product\/2307\/revisions"}],"predecessor-version":[{"id":2476,"href":"https:\/\/hidroeletricacenter.com.br\/lojaonline\/wp-json\/wp\/v2\/product\/2307\/revisions\/2476"}],"wp:featuredmedia":[{"embeddable":true,"href":"https:\/\/hidroeletricacenter.com.br\/lojaonline\/wp-json\/wp\/v2\/media\/2308"}],"wp:attachment":[{"href":"https:\/\/hidroeletricacenter.com.br\/lojaonline\/wp-json\/wp\/v2\/media?parent=2307"}],"wp:term":[{"taxonomy":"product_cat","embeddable":true,"href":"https:\/\/hidroeletricacenter.com.br\/lojaonline\/wp-json\/wp\/v2\/product_cat?post=2307"},{"taxonomy":"product_tag","embeddable":true,"href":"https:\/\/hidroeletricacenter.com.br\/lojaonline\/wp-json\/wp\/v2\/product_tag?post=2307"}],"curies":[{"name":"wp","href":"https:\/\/api.w.org\/{rel}","templated":true}]}}