{"id":1920,"date":"2022-01-26T13:54:33","date_gmt":"2022-01-26T16:54:33","guid":{"rendered":"https:\/\/hidroeletricacenter.com.br\/lojaonline\/?post_type=product&#038;p=1920"},"modified":"2022-10-11T15:37:12","modified_gmt":"2022-10-11T18:37:12","slug":"serra-tico-tico-500w-220v-dw300-dewalt","status":"publish","type":"product","link":"https:\/\/hidroeletricacenter.com.br\/lojaonline\/produto\/serra-tico-tico-500w-220v-dw300-dewalt\/","title":{"rendered":"Serra tico-tico 500W 220V (DW300) Dewalt"},"content":{"rendered":"<div>Empunhadura emborrachada; Controle de velocidade vari\u00e1vel; Mecanismo com contrapeso reduz a vibra\u00e7\u00e3o; Engate r\u00e1pido de encaixe universal para l\u00e2minas de qualquer tipo; LED Integrado; Sapata de ajuste r\u00e1pido com paradas em \u00e2ngulos 15\u00b0, 30\u00b0 e 45\u00b0 para ambos os lados; Soprador de p\u00f3 integrado; Capa da sapata.<\/div>\n<div class=\"btn-controllers\">\n<div class=\"show-more\"><\/div>\n<\/div>\n","protected":false},"excerpt":{"rendered":"<p>&nbsp;<\/p>\n<p>&nbsp;<\/p>\n<p>&nbsp;<\/p>\n","protected":false},"featured_media":419,"template":"","meta":[],"product_cat":[452],"product_tag":[],"class_list":["post-1920","product","type-product","status-publish","has-post-thumbnail","hentry","product_cat-dewalt"],"yoast_head":"<!-- This site is optimized with the Yoast SEO plugin v21.0 - https:\/\/yoast.com\/wordpress\/plugins\/seo\/ -->\n<title>Serra tico-tico 500W 220V (DW300) Dewalt - Hidroel\u00e9trica Center - Produtos el\u00e9tricos, EPIS, EPCS, ferramentas, m\u00e1quinas, dentre outros<\/title>\n<meta name=\"robots\" content=\"index, follow, max-snippet:-1, max-image-preview:large, max-video-preview:-1\" \/>\n<link rel=\"canonical\" href=\"https:\/\/hidroeletricacenter.com.br\/lojaonline\/produto\/serra-tico-tico-500w-220v-dw300-dewalt\/\" \/>\n<meta property=\"og:locale\" content=\"pt_BR\" \/>\n<meta property=\"og:type\" content=\"article\" \/>\n<meta property=\"og:title\" content=\"Serra tico-tico 500W 220V (DW300) Dewalt - Hidroel\u00e9trica Center - Produtos el\u00e9tricos, EPIS, EPCS, ferramentas, m\u00e1quinas, dentre outros\" \/>\n<meta property=\"og:description\" content=\"&nbsp;  &nbsp;  &nbsp;\" \/>\n<meta property=\"og:url\" content=\"https:\/\/hidroeletricacenter.com.br\/lojaonline\/produto\/serra-tico-tico-500w-220v-dw300-dewalt\/\" \/>\n<meta property=\"og:site_name\" content=\"Hidroel\u00e9trica Center - Produtos el\u00e9tricos, EPIS, EPCS, ferramentas, m\u00e1quinas, dentre outros\" \/>\n<meta property=\"article:publisher\" content=\"https:\/\/www.facebook.com\/hidroeletricacenter\" \/>\n<meta property=\"article:modified_time\" content=\"2022-10-11T18:37:12+00:00\" \/>\n<meta property=\"og:image\" content=\"https:\/\/hidroeletricacenter.com.br\/lojaonline\/wp-content\/uploads\/2021\/09\/DW300-1.jpg\" \/>\n\t<meta property=\"og:image:width\" content=\"1082\" \/>\n\t<meta property=\"og:image:height\" content=\"1005\" \/>\n\t<meta property=\"og:image:type\" content=\"image\/jpeg\" \/>\n<meta name=\"twitter:card\" content=\"summary_large_image\" \/>\n<script type=\"application\/ld+json\" class=\"yoast-schema-graph\">{\"@context\":\"https:\/\/schema.org\",\"@graph\":[{\"@type\":\"WebPage\",\"@id\":\"https:\/\/hidroeletricacenter.com.br\/lojaonline\/produto\/serra-tico-tico-500w-220v-dw300-dewalt\/\",\"url\":\"https:\/\/hidroeletricacenter.com.br\/lojaonline\/produto\/serra-tico-tico-500w-220v-dw300-dewalt\/\",\"name\":\"Serra tico-tico 500W 220V (DW300) Dewalt - Hidroel\u00e9trica Center - Produtos el\u00e9tricos, EPIS, EPCS, ferramentas, m\u00e1quinas, dentre outros\",\"isPartOf\":{\"@id\":\"https:\/\/hidroeletricacenter.com.br\/lojaonline\/#website\"},\"datePublished\":\"2022-01-26T16:54:33+00:00\",\"dateModified\":\"2022-10-11T18:37:12+00:00\",\"breadcrumb\":{\"@id\":\"https:\/\/hidroeletricacenter.com.br\/lojaonline\/produto\/serra-tico-tico-500w-220v-dw300-dewalt\/#breadcrumb\"},\"inLanguage\":\"pt-BR\",\"potentialAction\":[{\"@type\":\"ReadAction\",\"target\":[\"https:\/\/hidroeletricacenter.com.br\/lojaonline\/produto\/serra-tico-tico-500w-220v-dw300-dewalt\/\"]}]},{\"@type\":\"BreadcrumbList\",\"@id\":\"https:\/\/hidroeletricacenter.com.br\/lojaonline\/produto\/serra-tico-tico-500w-220v-dw300-dewalt\/#breadcrumb\",\"itemListElement\":[{\"@type\":\"ListItem\",\"position\":1,\"name\":\"In\u00edcio\",\"item\":\"https:\/\/hidroeletricacenter.com.br\/lojaonline\/\"},{\"@type\":\"ListItem\",\"position\":2,\"name\":\"Produtos\",\"item\":\"https:\/\/hidroeletricacenter.com.br\/lojaonline\/shop\/\"},{\"@type\":\"ListItem\",\"position\":3,\"name\":\"Serra tico-tico 500W 220V (DW300) Dewalt\"}]},{\"@type\":\"WebSite\",\"@id\":\"https:\/\/hidroeletricacenter.com.br\/lojaonline\/#website\",\"url\":\"https:\/\/hidroeletricacenter.com.br\/lojaonline\/\",\"name\":\"Hidroel\u00e9trica Center - Produtos el\u00e9tricos, EPIS, EPCS, ferramentas, m\u00e1quinas, dentre outros\",\"description\":\"\",\"publisher\":{\"@id\":\"https:\/\/hidroeletricacenter.com.br\/lojaonline\/#organization\"},\"potentialAction\":[{\"@type\":\"SearchAction\",\"target\":{\"@type\":\"EntryPoint\",\"urlTemplate\":\"https:\/\/hidroeletricacenter.com.br\/lojaonline\/?s={search_term_string}\"},\"query-input\":\"required name=search_term_string\"}],\"inLanguage\":\"pt-BR\"},{\"@type\":\"Organization\",\"@id\":\"https:\/\/hidroeletricacenter.com.br\/lojaonline\/#organization\",\"name\":\"Hidroel\u00e9trica Center - Produtos el\u00e9tricos, EPIS, EPCS, ferramentas, m\u00e1quinas, dentre outros\",\"url\":\"https:\/\/hidroeletricacenter.com.br\/lojaonline\/\",\"logo\":{\"@type\":\"ImageObject\",\"inLanguage\":\"pt-BR\",\"@id\":\"https:\/\/hidroeletricacenter.com.br\/lojaonline\/#\/schema\/logo\/image\/\",\"url\":\"https:\/\/hidroeletricacenter.com.br\/lojaonline\/wp-content\/uploads\/2022\/01\/cropped-ico-hc.png\",\"contentUrl\":\"https:\/\/hidroeletricacenter.com.br\/lojaonline\/wp-content\/uploads\/2022\/01\/cropped-ico-hc.png\",\"width\":512,\"height\":512,\"caption\":\"Hidroel\u00e9trica Center - Produtos el\u00e9tricos, EPIS, EPCS, ferramentas, m\u00e1quinas, dentre outros\"},\"image\":{\"@id\":\"https:\/\/hidroeletricacenter.com.br\/lojaonline\/#\/schema\/logo\/image\/\"},\"sameAs\":[\"https:\/\/www.facebook.com\/hidroeletricacenter\",\"https:\/\/www.instagram.com\/hidroeletricacenter\"]}]}<\/script>\n<!-- \/ Yoast SEO plugin. -->","yoast_head_json":{"title":"Serra tico-tico 500W 220V (DW300) Dewalt - Hidroel\u00e9trica Center - Produtos el\u00e9tricos, EPIS, EPCS, ferramentas, m\u00e1quinas, dentre outros","robots":{"index":"index","follow":"follow","max-snippet":"max-snippet:-1","max-image-preview":"max-image-preview:large","max-video-preview":"max-video-preview:-1"},"canonical":"https:\/\/hidroeletricacenter.com.br\/lojaonline\/produto\/serra-tico-tico-500w-220v-dw300-dewalt\/","og_locale":"pt_BR","og_type":"article","og_title":"Serra tico-tico 500W 220V (DW300) Dewalt - Hidroel\u00e9trica Center - Produtos el\u00e9tricos, EPIS, EPCS, ferramentas, m\u00e1quinas, dentre outros","og_description":"&nbsp;  &nbsp;  &nbsp;","og_url":"https:\/\/hidroeletricacenter.com.br\/lojaonline\/produto\/serra-tico-tico-500w-220v-dw300-dewalt\/","og_site_name":"Hidroel\u00e9trica Center - Produtos el\u00e9tricos, EPIS, EPCS, ferramentas, m\u00e1quinas, dentre outros","article_publisher":"https:\/\/www.facebook.com\/hidroeletricacenter","article_modified_time":"2022-10-11T18:37:12+00:00","og_image":[{"width":1082,"height":1005,"url":"https:\/\/hidroeletricacenter.com.br\/lojaonline\/wp-content\/uploads\/2021\/09\/DW300-1.jpg","type":"image\/jpeg"}],"twitter_card":"summary_large_image","schema":{"@context":"https:\/\/schema.org","@graph":[{"@type":"WebPage","@id":"https:\/\/hidroeletricacenter.com.br\/lojaonline\/produto\/serra-tico-tico-500w-220v-dw300-dewalt\/","url":"https:\/\/hidroeletricacenter.com.br\/lojaonline\/produto\/serra-tico-tico-500w-220v-dw300-dewalt\/","name":"Serra tico-tico 500W 220V (DW300) Dewalt - Hidroel\u00e9trica Center - Produtos el\u00e9tricos, EPIS, EPCS, ferramentas, m\u00e1quinas, dentre outros","isPartOf":{"@id":"https:\/\/hidroeletricacenter.com.br\/lojaonline\/#website"},"datePublished":"2022-01-26T16:54:33+00:00","dateModified":"2022-10-11T18:37:12+00:00","breadcrumb":{"@id":"https:\/\/hidroeletricacenter.com.br\/lojaonline\/produto\/serra-tico-tico-500w-220v-dw300-dewalt\/#breadcrumb"},"inLanguage":"pt-BR","potentialAction":[{"@type":"ReadAction","target":["https:\/\/hidroeletricacenter.com.br\/lojaonline\/produto\/serra-tico-tico-500w-220v-dw300-dewalt\/"]}]},{"@type":"BreadcrumbList","@id":"https:\/\/hidroeletricacenter.com.br\/lojaonline\/produto\/serra-tico-tico-500w-220v-dw300-dewalt\/#breadcrumb","itemListElement":[{"@type":"ListItem","position":1,"name":"In\u00edcio","item":"https:\/\/hidroeletricacenter.com.br\/lojaonline\/"},{"@type":"ListItem","position":2,"name":"Produtos","item":"https:\/\/hidroeletricacenter.com.br\/lojaonline\/shop\/"},{"@type":"ListItem","position":3,"name":"Serra tico-tico 500W 220V (DW300) Dewalt"}]},{"@type":"WebSite","@id":"https:\/\/hidroeletricacenter.com.br\/lojaonline\/#website","url":"https:\/\/hidroeletricacenter.com.br\/lojaonline\/","name":"Hidroel\u00e9trica Center - Produtos el\u00e9tricos, EPIS, EPCS, ferramentas, m\u00e1quinas, dentre outros","description":"","publisher":{"@id":"https:\/\/hidroeletricacenter.com.br\/lojaonline\/#organization"},"potentialAction":[{"@type":"SearchAction","target":{"@type":"EntryPoint","urlTemplate":"https:\/\/hidroeletricacenter.com.br\/lojaonline\/?s={search_term_string}"},"query-input":"required name=search_term_string"}],"inLanguage":"pt-BR"},{"@type":"Organization","@id":"https:\/\/hidroeletricacenter.com.br\/lojaonline\/#organization","name":"Hidroel\u00e9trica Center - Produtos el\u00e9tricos, EPIS, EPCS, ferramentas, m\u00e1quinas, dentre outros","url":"https:\/\/hidroeletricacenter.com.br\/lojaonline\/","logo":{"@type":"ImageObject","inLanguage":"pt-BR","@id":"https:\/\/hidroeletricacenter.com.br\/lojaonline\/#\/schema\/logo\/image\/","url":"https:\/\/hidroeletricacenter.com.br\/lojaonline\/wp-content\/uploads\/2022\/01\/cropped-ico-hc.png","contentUrl":"https:\/\/hidroeletricacenter.com.br\/lojaonline\/wp-content\/uploads\/2022\/01\/cropped-ico-hc.png","width":512,"height":512,"caption":"Hidroel\u00e9trica Center - Produtos el\u00e9tricos, EPIS, EPCS, ferramentas, m\u00e1quinas, dentre outros"},"image":{"@id":"https:\/\/hidroeletricacenter.com.br\/lojaonline\/#\/schema\/logo\/image\/"},"sameAs":["https:\/\/www.facebook.com\/hidroeletricacenter","https:\/\/www.instagram.com\/hidroeletricacenter"]}]}},"_links":{"self":[{"href":"https:\/\/hidroeletricacenter.com.br\/lojaonline\/wp-json\/wp\/v2\/product\/1920","targetHints":{"allow":["GET"]}}],"collection":[{"href":"https:\/\/hidroeletricacenter.com.br\/lojaonline\/wp-json\/wp\/v2\/product"}],"about":[{"href":"https:\/\/hidroeletricacenter.com.br\/lojaonline\/wp-json\/wp\/v2\/types\/product"}],"version-history":[{"count":3,"href":"https:\/\/hidroeletricacenter.com.br\/lojaonline\/wp-json\/wp\/v2\/product\/1920\/revisions"}],"predecessor-version":[{"id":2528,"href":"https:\/\/hidroeletricacenter.com.br\/lojaonline\/wp-json\/wp\/v2\/product\/1920\/revisions\/2528"}],"wp:featuredmedia":[{"embeddable":true,"href":"https:\/\/hidroeletricacenter.com.br\/lojaonline\/wp-json\/wp\/v2\/media\/419"}],"wp:attachment":[{"href":"https:\/\/hidroeletricacenter.com.br\/lojaonline\/wp-json\/wp\/v2\/media?parent=1920"}],"wp:term":[{"taxonomy":"product_cat","embeddable":true,"href":"https:\/\/hidroeletricacenter.com.br\/lojaonline\/wp-json\/wp\/v2\/product_cat?post=1920"},{"taxonomy":"product_tag","embeddable":true,"href":"https:\/\/hidroeletricacenter.com.br\/lojaonline\/wp-json\/wp\/v2\/product_tag?post=1920"}],"curies":[{"name":"wp","href":"https:\/\/api.w.org\/{rel}","templated":true}]}}